{"id":117,"date":"2019-08-08T16:55:31","date_gmt":"2019-08-08T13:55:31","guid":{"rendered":"https:\/\/fermi.local\/?page_id=117"},"modified":"2021-09-03T13:00:36","modified_gmt":"2021-09-03T10:00:36","slug":"puhas-energia-eestile-iga-ilmaga-ja-parima-hinnaga","status":"publish","type":"page","link":"https:\/\/fermi.ee\/en\/puhas-energia-eestile-iga-ilmaga-ja-parima-hinnaga\/","title":{"rendered":"Clean energy for Estonia. In all weathers and at the best price."},"content":{"rendered":"<div data-elementor-type=\"wp-page\" data-elementor-id=\"117\" class=\"elementor elementor-117\" data-elementor-settings=\"{&quot;ha_cmc_init_switcher&quot;:&quot;no&quot;}\" data-elementor-post-type=\"page\">\n\t\t\t\t\t\t<section data-particle_enable=\"false\" data-particle-mobile-disabled=\"false\" class=\"elementor-section elementor-top-section elementor-element elementor-element-ccd18a2 elementor-section-stretched elementor-section-height-min-height elementor-section-boxed elementor-section-height-default elementor-section-items-middle\" data-id=\"ccd18a2\" data-element_type=\"section\" data-e-type=\"section\" data-settings=\"{&quot;stretch_section&quot;:&quot;section-stretched&quot;,&quot;background_background&quot;:&quot;classic&quot;,&quot;animation&quot;:&quot;none&quot;,&quot;_ha_eqh_enable&quot;:false}\">\n\t\t\t\t\t\t\t<div class=\"elementor-background-overlay\"><\/div>\n\t\t\t\t\t\t\t<div class=\"elementor-container elementor-column-gap-no\">\n\t\t\t\t\t<div class=\"elementor-column elementor-col-100 elementor-top-column elementor-element elementor-element-7e3ec5c\" data-id=\"7e3ec5c\" data-element_type=\"column\" data-e-type=\"column\" data-settings=\"{&quot;background_background&quot;:&quot;classic&quot;}\">\n\t\t\t<div class=\"elementor-widget-wrap elementor-element-populated\">\n\t\t\t\t\t\t<div class=\"elementor-element elementor-element-a6a00c7 elementor-invisible elementor-widget elementor-widget-heading\" data-id=\"a6a00c7\" data-element_type=\"widget\" data-e-type=\"widget\" data-settings=\"{&quot;_animation&quot;:&quot;fadeIn&quot;}\" data-widget_type=\"heading.default\">\n\t\t\t\t<div class=\"elementor-widget-container\">\n\t\t\t\t\t<h1 class=\"elementor-heading-title elementor-size-default\">Fermi Energia<\/h1>\t\t\t\t<\/div>\n\t\t\t\t<\/div>\n\t\t\t\t<div class=\"elementor-element elementor-element-6c3487b elementor-invisible elementor-widget elementor-widget-heading\" data-id=\"6c3487b\" data-element_type=\"widget\" data-e-type=\"widget\" data-settings=\"{&quot;_animation&quot;:&quot;fadeIn&quot;}\" data-widget_type=\"heading.default\">\n\t\t\t\t<div class=\"elementor-widget-container\">\n\t\t\t\t\t<h2 class=\"elementor-heading-title elementor-size-default\"><a href=\"https:\/\/fermi.ee\/organisatsioon\/\">Clean energy for Estonia. In any weather, with best price.<\/a><\/h2>\t\t\t\t<\/div>\n\t\t\t\t<\/div>\n\t\t\t\t\t<\/div>\n\t\t<\/div>\n\t\t\t\t\t<\/div>\n\t\t<\/section>\n\t\t\t\t<section data-particle_enable=\"false\" data-particle-mobile-disabled=\"false\" class=\"elementor-section elementor-top-section elementor-element elementor-element-923ffa2 elementor-section-boxed elementor-section-height-default elementor-section-height-default\" data-id=\"923ffa2\" data-element_type=\"section\" data-e-type=\"section\" data-settings=\"{&quot;_ha_eqh_enable&quot;:false}\">\n\t\t\t\t\t\t<div class=\"elementor-container elementor-column-gap-no\">\n\t\t\t\t\t<div class=\"elementor-column elementor-col-50 elementor-top-column elementor-element elementor-element-ef20f67\" data-id=\"ef20f67\" data-element_type=\"column\" data-e-type=\"column\" data-settings=\"{&quot;background_background&quot;:&quot;classic&quot;}\">\n\t\t\t<div class=\"elementor-widget-wrap elementor-element-populated\">\n\t\t\t\t\t\t<div class=\"elementor-element elementor-element-73e43a1 ha-has-bg-overlay elementor-widget elementor-widget-text-editor\" data-id=\"73e43a1\" data-element_type=\"widget\" data-e-type=\"widget\" data-widget_type=\"text-editor.default\">\n\t\t\t\t<div class=\"elementor-widget-container\">\n\t\t\t\t\t\t\t\t\t<p>Fermi Energia has been formed to develop the possibility of introducing a new generation small modular reactor in Estonia to meet the security of supply of Estonian energy and achieve the climate goals.<\/p>\t\t\t\t\t\t\t\t<\/div>\n\t\t\t\t<\/div>\n\t\t\t\t\t<\/div>\n\t\t<\/div>\n\t\t\t\t<div class=\"elementor-column elementor-col-50 elementor-top-column elementor-element elementor-element-76f6d01\" data-id=\"76f6d01\" data-element_type=\"column\" data-e-type=\"column\" data-settings=\"{&quot;background_background&quot;:&quot;classic&quot;}\">\n\t\t\t<div class=\"elementor-widget-wrap elementor-element-populated\">\n\t\t\t\t\t\t<div class=\"elementor-element elementor-element-df563d4 elementor-widget elementor-widget-spacer\" data-id=\"df563d4\" data-element_type=\"widget\" data-e-type=\"widget\" data-widget_type=\"spacer.default\">\n\t\t\t\t<div class=\"elementor-widget-container\">\n\t\t\t\t\t\t\t<div class=\"elementor-spacer\">\n\t\t\t<div class=\"elementor-spacer-inner\"><\/div>\n\t\t<\/div>\n\t\t\t\t\t\t<\/div>\n\t\t\t\t<\/div>\n\t\t\t\t\t<\/div>\n\t\t<\/div>\n\t\t\t\t\t<\/div>\n\t\t<\/section>\n\t\t\t\t<section data-particle_enable=\"false\" data-particle-mobile-disabled=\"false\" class=\"elementor-section elementor-top-section elementor-element elementor-element-ce3c240 elementor-section-boxed elementor-section-height-default elementor-section-height-default\" data-id=\"ce3c240\" data-element_type=\"section\" data-e-type=\"section\" data-settings=\"{&quot;_ha_eqh_enable&quot;:false}\">\n\t\t\t\t\t\t<div class=\"elementor-container elementor-column-gap-default\">\n\t\t\t\t\t<div class=\"elementor-column elementor-col-100 elementor-top-column elementor-element elementor-element-7988890\" data-id=\"7988890\" data-element_type=\"column\" data-e-type=\"column\">\n\t\t\t<div class=\"elementor-widget-wrap elementor-element-populated\">\n\t\t\t\t\t\t<div class=\"elementor-element elementor-element-051517b elementor-widget elementor-widget-heading\" data-id=\"051517b\" data-element_type=\"widget\" data-e-type=\"widget\" data-widget_type=\"heading.default\">\n\t\t\t\t<div class=\"elementor-widget-container\">\n\t\t\t\t\t<h1 class=\"elementor-heading-title elementor-size-medium\"><span style=\"color:#15c65d\">Fresh <\/span>news<\/h1>\t\t\t\t<\/div>\n\t\t\t\t<\/div>\n\t\t\t\t<div class=\"elementor-element elementor-element-d8d8c6e elementor-align-left elementor-widget elementor-widget-button\" data-id=\"d8d8c6e\" data-element_type=\"widget\" data-e-type=\"widget\" data-widget_type=\"button.default\">\n\t\t\t\t<div class=\"elementor-widget-container\">\n\t\t\t\t\t\t\t\t\t<div class=\"elementor-button-wrapper\">\n\t\t\t\t\t<a class=\"elementor-button elementor-button-link elementor-size-sm\" href=\"https:\/\/fermi.ee\/uudiskiri\" target=\"_blank\">\n\t\t\t\t\t\t<span class=\"elementor-button-content-wrapper\">\n\t\t\t\t\t\t<span class=\"elementor-button-icon\">\n\t\t\t\t<i aria-hidden=\"true\" class=\"far fa-envelope\"><\/i>\t\t\t<\/span>\n\t\t\t\t\t\t\t\t\t<span class=\"elementor-button-text\">Get the newsletter (EST)<\/span>\n\t\t\t\t\t<\/span>\n\t\t\t\t\t<\/a>\n\t\t\t\t<\/div>\n\t\t\t\t\t\t\t\t<\/div>\n\t\t\t\t<\/div>\n\t\t\t\t<div class=\"elementor-element elementor-element-5e3b293 elementor-widget-divider--view-line elementor-widget elementor-widget-divider\" data-id=\"5e3b293\" data-element_type=\"widget\" data-e-type=\"widget\" data-widget_type=\"divider.default\">\n\t\t\t\t<div class=\"elementor-widget-container\">\n\t\t\t\t\t\t\t<div class=\"elementor-divider\">\n\t\t\t<span class=\"elementor-divider-separator\">\n\t\t\t\t\t\t<\/span>\n\t\t<\/div>\n\t\t\t\t\t\t<\/div>\n\t\t\t\t<\/div>\n\t\t\t\t<div class=\"elementor-element elementor-element-653b13b elementor-grid-3 elementor-grid-tablet-2 elementor-grid-mobile-1 elementor-posts--thumbnail-top elementor-widget elementor-widget-posts\" data-id=\"653b13b\" data-element_type=\"widget\" data-e-type=\"widget\" data-settings=\"{&quot;classic_columns&quot;:&quot;3&quot;,&quot;classic_columns_tablet&quot;:&quot;2&quot;,&quot;classic_columns_mobile&quot;:&quot;1&quot;,&quot;classic_row_gap&quot;:{&quot;unit&quot;:&quot;px&quot;,&quot;size&quot;:35,&quot;sizes&quot;:[]},&quot;classic_row_gap_tablet&quot;:{&quot;unit&quot;:&quot;px&quot;,&quot;size&quot;:&quot;&quot;,&quot;sizes&quot;:[]},&quot;classic_row_gap_mobile&quot;:{&quot;unit&quot;:&quot;px&quot;,&quot;size&quot;:&quot;&quot;,&quot;sizes&quot;:[]}}\" data-widget_type=\"posts.classic\">\n\t\t\t\t<div class=\"elementor-widget-container\">\n\t\t\t\t\t\t\t<div class=\"elementor-posts-container elementor-posts elementor-posts--skin-classic elementor-grid\" role=\"list\">\n\t\t\t\t<article class=\"elementor-post elementor-grid-item post-16285 post type-post status-publish format-standard has-post-thumbnail hentry category-uncategorized-et\" role=\"listitem\">\n\t\t\t\t<a class=\"elementor-post__thumbnail__link\" href=\"https:\/\/fermi.ee\/en\/fermi-energia-kutsub-taas-tuumaenergia-suvekooli\/\" tabindex=\"-1\" >\n\t\t\t<div class=\"elementor-post__thumbnail\"><img fetchpriority=\"high\" decoding=\"async\" width=\"240\" height=\"300\" src=\"https:\/\/fermi.ee\/wp-content\/uploads\/2026\/04\/fermioni-suvekool-2026-240x300.png\" class=\"attachment-medium size-medium wp-image-16286\" alt=\"\" srcset=\"https:\/\/fermi.ee\/wp-content\/uploads\/2026\/04\/fermioni-suvekool-2026-240x300.png 240w, https:\/\/fermi.ee\/wp-content\/uploads\/2026\/04\/fermioni-suvekool-2026-819x1024.png 819w, https:\/\/fermi.ee\/wp-content\/uploads\/2026\/04\/fermioni-suvekool-2026-768x960.png 768w, https:\/\/fermi.ee\/wp-content\/uploads\/2026\/04\/fermioni-suvekool-2026-10x12.png 10w, https:\/\/fermi.ee\/wp-content\/uploads\/2026\/04\/fermioni-suvekool-2026.png 1122w\" sizes=\"(max-width: 240px) 100vw, 240px\" \/><\/div>\n\t\t<\/a>\n\t\t\t\t<div class=\"elementor-post__text\">\n\t\t\t\t<h3 class=\"elementor-post__title\">\n\t\t\t<a href=\"https:\/\/fermi.ee\/en\/fermi-energia-kutsub-taas-tuumaenergia-suvekooli\/\" >\n\t\t\t\tFermi Energia is once again inviting applications for its nuclear energy summer school\t\t\t<\/a>\n\t\t<\/h3>\n\t\t\t\t<div class=\"elementor-post__meta-data\">\n\t\t\t\t\t<span class=\"elementor-post-date\">\n\t\t\t24 April 2026\t\t<\/span>\n\t\t\t\t<\/div>\n\t\t\t\t<div class=\"elementor-post__excerpt\">\n\t\t\t<p>Fermi Energia is organising the Fermion Summer School from 3-5 August at the Kuressaare Campus of Tallinn University of Applied Sciences' Institute of Service Management, near Rakvere. We invite young people interested in nuclear energy to attend. The aim of the summer school is to provide participants with<\/p>\n\t\t<\/div>\n\t\t\n\t\t<a class=\"elementor-post__read-more\" href=\"https:\/\/fermi.ee\/en\/fermi-energia-kutsub-taas-tuumaenergia-suvekooli\/\" aria-label=\"Read more about Fermi Energia kutsub taas tuumaenergia suvekooli\" tabindex=\"-1\" >\n\t\t\tRead more \"\t\t<\/a>\n\n\t\t\t\t<\/div>\n\t\t\t\t<\/article>\n\t\t\t\t<article class=\"elementor-post elementor-grid-item post-16263 post type-post status-publish format-standard has-post-thumbnail hentry category-uncategorized-et\" role=\"listitem\">\n\t\t\t\t<a class=\"elementor-post__thumbnail__link\" href=\"https:\/\/fermi.ee\/en\/eesti-inimesed-eelistavad-varustuskindluse-tagamiseks-gaasi-asemel-tuumaenergiat\/\" tabindex=\"-1\" >\n\t\t\t<div class=\"elementor-post__thumbnail\"><img decoding=\"async\" width=\"300\" height=\"223\" src=\"https:\/\/fermi.ee\/wp-content\/uploads\/2026\/04\/pikaajaline-elektri-varustuskindlus-300x223.png\" class=\"attachment-medium size-medium wp-image-16264\" alt=\"\" srcset=\"https:\/\/fermi.ee\/wp-content\/uploads\/2026\/04\/pikaajaline-elektri-varustuskindlus-300x223.png 300w, https:\/\/fermi.ee\/wp-content\/uploads\/2026\/04\/pikaajaline-elektri-varustuskindlus-1024x763.png 1024w, https:\/\/fermi.ee\/wp-content\/uploads\/2026\/04\/pikaajaline-elektri-varustuskindlus-768x572.png 768w, https:\/\/fermi.ee\/wp-content\/uploads\/2026\/04\/pikaajaline-elektri-varustuskindlus-1536x1144.png 1536w, https:\/\/fermi.ee\/wp-content\/uploads\/2026\/04\/pikaajaline-elektri-varustuskindlus-2048x1525.png 2048w, https:\/\/fermi.ee\/wp-content\/uploads\/2026\/04\/pikaajaline-elektri-varustuskindlus-16x12.png 16w\" sizes=\"(max-width: 300px) 100vw, 300px\" \/><\/div>\n\t\t<\/a>\n\t\t\t\t<div class=\"elementor-post__text\">\n\t\t\t\t<h3 class=\"elementor-post__title\">\n\t\t\t<a href=\"https:\/\/fermi.ee\/en\/eesti-inimesed-eelistavad-varustuskindluse-tagamiseks-gaasi-asemel-tuumaenergiat\/\" >\n\t\t\t\tEstonian people prefer nuclear energy over gas to ensure energy security\t\t\t<\/a>\n\t\t<\/h3>\n\t\t\t\t<div class=\"elementor-post__meta-data\">\n\t\t\t\t\t<span class=\"elementor-post-date\">\n\t\t\t31 Mar 2026\t\t<\/span>\n\t\t\t\t<\/div>\n\t\t\t\t<div class=\"elementor-post__excerpt\">\n\t\t\t<p>At the request of Fermi Energia, the research firm Emor asked 1207 Estonian people between 15-22 March, as part of a regular omnibus survey, one question: whether they would prefer nuclear power plants or gas-fired power plants to ensure Estonia's electricity supply security.,<\/p>\n\t\t<\/div>\n\t\t\n\t\t<a class=\"elementor-post__read-more\" href=\"https:\/\/fermi.ee\/en\/eesti-inimesed-eelistavad-varustuskindluse-tagamiseks-gaasi-asemel-tuumaenergiat\/\" aria-label=\"Read more about Eesti inimesed eelistavad varustuskindluse tagamiseks gaasi asemel tuumaenergiat\" tabindex=\"-1\" >\n\t\t\tRead more \"\t\t<\/a>\n\n\t\t\t\t<\/div>\n\t\t\t\t<\/article>\n\t\t\t\t<article class=\"elementor-post elementor-grid-item post-16223 post type-post status-publish format-standard has-post-thumbnail hentry category-uncategorized-et\" role=\"listitem\">\n\t\t\t\t<a class=\"elementor-post__thumbnail__link\" href=\"https:\/\/fermi.ee\/en\/viru-nigula-volikogu-toetas-madala-kinnistu-muuki-fermi-energiale\/\" tabindex=\"-1\" >\n\t\t\t<div class=\"elementor-post__thumbnail\"><img decoding=\"async\" width=\"300\" height=\"156\" src=\"https:\/\/fermi.ee\/wp-content\/uploads\/2025\/09\/kunda-scaled-1-300x156.jpg\" class=\"attachment-medium size-medium wp-image-15451\" alt=\"\" srcset=\"https:\/\/fermi.ee\/wp-content\/uploads\/2025\/09\/kunda-scaled-1-300x156.jpg 300w, https:\/\/fermi.ee\/wp-content\/uploads\/2025\/09\/kunda-scaled-1-1024x533.jpg 1024w, https:\/\/fermi.ee\/wp-content\/uploads\/2025\/09\/kunda-scaled-1-768x400.jpg 768w, https:\/\/fermi.ee\/wp-content\/uploads\/2025\/09\/kunda-scaled-1-1536x800.jpg 1536w, https:\/\/fermi.ee\/wp-content\/uploads\/2025\/09\/kunda-scaled-1-2048x1066.jpg 2048w, https:\/\/fermi.ee\/wp-content\/uploads\/2025\/09\/kunda-scaled-1-18x9.jpg 18w\" sizes=\"(max-width: 300px) 100vw, 300px\" \/><\/div>\n\t\t<\/a>\n\t\t\t\t<div class=\"elementor-post__text\">\n\t\t\t\t<h3 class=\"elementor-post__title\">\n\t\t\t<a href=\"https:\/\/fermi.ee\/en\/viru-nigula-volikogu-toetas-madala-kinnistu-muuki-fermi-energiale\/\" >\n\t\t\t\tThe Viru-Nigula council supported the sale of the Madala property to Fermi Energia\t\t\t<\/a>\n\t\t<\/h3>\n\t\t\t\t<div class=\"elementor-post__meta-data\">\n\t\t\t\t\t<span class=\"elementor-post-date\">\n\t\t\t31 Mar 2026\t\t<\/span>\n\t\t\t\t<\/div>\n\t\t\t\t<div class=\"elementor-post__excerpt\">\n\t\t\t<p>At its meeting on 20 March, the Viru-Nigula rural municipality council decided by 15 votes in favour and one abstention to alienate the municipality-owned 95-hectare Madala property to Fermi Energia AS. The decision lays the groundwork for a potential<\/p>\n\t\t<\/div>\n\t\t\n\t\t<a class=\"elementor-post__read-more\" href=\"https:\/\/fermi.ee\/en\/viru-nigula-volikogu-toetas-madala-kinnistu-muuki-fermi-energiale\/\" aria-label=\"Read more about Viru-Nigula volikogu toetas Madala kinnistu m\u00fc\u00fcki Fermi Energiale\" tabindex=\"-1\" >\n\t\t\tRead more \"\t\t<\/a>\n\n\t\t\t\t<\/div>\n\t\t\t\t<\/article>\n\t\t\t\t<\/div>\n\t\t\n\t\t\t\t\t\t<\/div>\n\t\t\t\t<\/div>\n\t\t\t\t\t<\/div>\n\t\t<\/div>\n\t\t\t\t\t<\/div>\n\t\t<\/section>\n\t\t\t\t<\/div>","protected":false},"excerpt":{"rendered":"<p>Fermi Energia Puhas energia Eestile. Iga ilmaga. Parima hinnaga. Fermi Energia on moodustatud arendamaks v\u00f5imalust v\u00f5tta Eestis kasutusele uue p\u00f5lvkonna v\u00e4ike moodulreaktor Eesti energia varustuskindluse ja kliimaeesm\u00e4rkide t\u00e4itmiseks. V\u00e4rskemad uudised Telli uudiskiri<\/p>","protected":false},"author":1,"featured_media":0,"parent":0,"menu_order":0,"comment_status":"closed","ping_status":"closed","template":"","meta":{"site-sidebar-layout":"no-sidebar","site-content-layout":"page-builder","ast-site-content-layout":"default","site-content-style":"default","site-sidebar-style":"default","ast-global-header-display":"","ast-banner-title-visibility":"","ast-main-header-display":"","ast-hfb-above-header-display":"","ast-hfb-below-header-display":"","ast-hfb-mobile-header-display":"","site-post-title":"disabled","ast-breadcrumbs-content":"","ast-featured-img":"disabled","footer-sml-layout":"","ast-disable-related-posts":"","theme-transparent-header-meta":"default","adv-header-id-meta":"","stick-header-meta":"default","header-above-stick-meta":"","header-main-stick-meta":"","header-below-stick-meta":"","astra-migrate-meta-layouts":"default","ast-page-background-enabled":"default","ast-page-background-meta":{"desktop":{"background-color":"","background-image":"","background-repeat":"repeat","background-position":"center center","background-size":"auto","background-attachment":"scroll","background-type":"","background-media":"","overlay-type":"","overlay-color":"","overlay-opacity":"","overlay-gradient":""},"tablet":{"background-color":"","background-image":"","background-repeat":"repeat","background-position":"center center","background-size":"auto","background-attachment":"scroll","background-type":"","background-media":"","overlay-type":"","overlay-color":"","overlay-opacity":"","overlay-gradient":""},"mobile":{"background-color":"","background-image":"","background-repeat":"repeat","background-position":"center center","background-size":"auto","background-attachment":"scroll","background-type":"","background-media":"","overlay-type":"","overlay-color":"","overlay-opacity":"","overlay-gradient":""}},"ast-content-background-meta":{"desktop":{"background-color":"var(--ast-global-color-5)","background-image":"","background-repeat":"repeat","background-position":"center center","background-size":"auto","background-attachment":"scroll","background-type":"","background-media":"","overlay-type":"","overlay-color":"","overlay-opacity":"","overlay-gradient":""},"tablet":{"background-color":"var(--ast-global-color-5)","background-image":"","background-repeat":"repeat","background-position":"center center","background-size":"auto","background-attachment":"scroll","background-type":"","background-media":"","overlay-type":"","overlay-color":"","overlay-opacity":"","overlay-gradient":""},"mobile":{"background-color":"var(--ast-global-color-5)","background-image":"","background-repeat":"repeat","background-position":"center center","background-size":"auto","background-attachment":"scroll","background-type":"","background-media":"","overlay-type":"","overlay-color":"","overlay-opacity":"","overlay-gradient":""}},"footnotes":""},"class_list":["post-117","page","type-page","status-publish","hentry"],"_links":{"self":[{"href":"https:\/\/fermi.ee\/en\/wp-json\/wp\/v2\/pages\/117","targetHints":{"allow":["GET"]}}],"collection":[{"href":"https:\/\/fermi.ee\/en\/wp-json\/wp\/v2\/pages"}],"about":[{"href":"https:\/\/fermi.ee\/en\/wp-json\/wp\/v2\/types\/page"}],"author":[{"embeddable":true,"href":"https:\/\/fermi.ee\/en\/wp-json\/wp\/v2\/users\/1"}],"replies":[{"embeddable":true,"href":"https:\/\/fermi.ee\/en\/wp-json\/wp\/v2\/comments?post=117"}],"version-history":[{"count":31,"href":"https:\/\/fermi.ee\/en\/wp-json\/wp\/v2\/pages\/117\/revisions"}],"predecessor-version":[{"id":3118,"href":"https:\/\/fermi.ee\/en\/wp-json\/wp\/v2\/pages\/117\/revisions\/3118"}],"wp:attachment":[{"href":"https:\/\/fermi.ee\/en\/wp-json\/wp\/v2\/media?parent=117"}],"curies":[{"name":"wp","href":"https:\/\/api.w.org\/{rel}","templated":true}]}}