{"id":1236,"date":"2020-10-06T15:32:40","date_gmt":"2020-10-06T12:32:40","guid":{"rendered":"https:\/\/fermi.ee\/?page_id=1236"},"modified":"2021-09-15T19:25:58","modified_gmt":"2021-09-15T16:25:58","slug":"fermion2020","status":"publish","type":"page","link":"https:\/\/fermi.ee\/en\/fermion2020\/","title":{"rendered":"FERMION"},"content":{"rendered":"\t\t<div data-elementor-type=\"wp-page\" data-elementor-id=\"1236\" class=\"elementor elementor-1236\" data-elementor-settings=\"{&quot;ha_cmc_init_switcher&quot;:&quot;no&quot;}\" data-elementor-post-type=\"page\">\n\t\t\t\t\t\t<section data-particle_enable=\"false\" data-particle-mobile-disabled=\"false\" class=\"elementor-section elementor-top-section elementor-element elementor-element-6838f89 elementor-section-boxed elementor-section-height-default elementor-section-height-default\" data-id=\"6838f89\" data-element_type=\"section\" data-e-type=\"section\" data-settings=\"{&quot;_ha_eqh_enable&quot;:false}\">\n\t\t\t\t\t\t<div class=\"elementor-container elementor-column-gap-default\">\n\t\t\t\t\t<div class=\"elementor-column elementor-col-100 elementor-top-column elementor-element elementor-element-203bebc\" data-id=\"203bebc\" data-element_type=\"column\" data-e-type=\"column\">\n\t\t\t<div class=\"elementor-widget-wrap elementor-element-populated\">\n\t\t\t\t\t\t<section data-particle_enable=\"false\" data-particle-mobile-disabled=\"false\" class=\"elementor-section elementor-inner-section elementor-element elementor-element-105ebeb elementor-section-boxed elementor-section-height-default elementor-section-height-default\" data-id=\"105ebeb\" data-element_type=\"section\" data-e-type=\"section\" data-settings=\"{&quot;_ha_eqh_enable&quot;:false}\">\n\t\t\t\t\t\t<div class=\"elementor-container elementor-column-gap-default\">\n\t\t\t\t\t<div class=\"elementor-column elementor-col-50 elementor-inner-column elementor-element elementor-element-14602a4\" data-id=\"14602a4\" data-element_type=\"column\" data-e-type=\"column\">\n\t\t\t<div class=\"elementor-widget-wrap elementor-element-populated\">\n\t\t\t\t\t\t<div class=\"elementor-element elementor-element-b3fb5f8 elementor-widget elementor-widget-text-editor\" data-id=\"b3fb5f8\" data-element_type=\"widget\" data-e-type=\"widget\" data-widget_type=\"text-editor.default\">\n\t\t\t\t<div class=\"elementor-widget-container\">\n\t\t\t\t\t\t\t\t\t<p><span style=\"font-size: 16px;\">Fermioni s\u00fcgiskool on noortele tuumahuvilistele, eesk\u00e4tt g\u00fcmnaasiumiastmele m\u00f5eldud kaasaegse tuumaenergeetika kiirkursus, kus Eesti tuuma-, energeetika- ja kiirguseksperdid tutvustavad 21. sajandi tuumaenergia olemust, t\u00f6\u00f6p\u00f5him\u00f5tteid, tehnoloogiaid, kasutamise viise ja ise\u00e4rasusi.&nbsp;<\/span><\/p><p><span style=\"font-size: 16px;\">R\u00e4\u00e4gime k\u00f5igest, mis sind tuumaenergia juures huvitab &#8211; kiirgusest, v\u00e4ikestest moodulreaktoritest, edasi\u00f5ppimisv\u00f5imalustest, j\u00e4\u00e4tmetest ja muidugi ka tuumaenergia arengutest maailmas, Euroopas ja Eestis.<\/span><\/p>\n<table style=\"width: 100%; border-collapse: collapse;\">\n<tbody>\n<tr>\n<td style=\"width: 34.6303%;\" colspan=\"3\"><strong>Esialgne ajakava &#8211; laup\u00e4ev, 7. november<\/strong><\/td>\n<\/tr>\n<tr>\n<td style=\"width: 3.89105%;\"><span data-sheets-value=\"{\" data-sheets-userformat=\"{\">9:00-9:30<\/span><\/td>\n<td style=\"width: 30.7393%;\" colspan=\"2\"><em>Kogunemine, nimi rinda<\/em><\/td>\n<\/tr>\n<tr style=\"background-color: #bad0ff;\">\n<td style=\"width: 3.89105%;\"><span data-sheets-value=\"{\" data-sheets-userformat=\"{\">9:30-10:00<\/span><\/td>\n<td style=\"width: 30.7393%;\" colspan=\"2\"><em>&nbsp;KOHV JA SN\u00c4KID<\/em><\/td>\n<\/tr>\n<tr>\n<td style=\"width: 34.6303%; border-style: solid; background-color: #b0b0b0;\" colspan=\"3\"><strong>I &#8211; Tuumatehnoloogia olemus<\/strong><\/td>\n<\/tr>\n<tr>\n<td style=\"width: 3.89105%;\" data-sheets-value=\"{\">10:00-10:30<\/td>\n<td style=\"width: 30.7393%;\" colspan=\"2\" data-sheets-value=\"{\">MARIO KADASTIK &#8211; Uue aja energeetikast Eestis<\/td>\n<\/tr>\n<tr>\n<td style=\"width: 3.89105%;\" data-sheets-value=\"{\">10:30-11:00<\/td>\n<td style=\"width: 30.7393%;\" colspan=\"2\" data-sheets-value=\"{\">MARTI JELTSOV &#8211; Tuumaajalugu, mis on ja kuidas t\u00f6\u00f6tab tuumareaktor?<\/td>\n<\/tr>\n<tr>\n<td style=\"width: 3.89105%;\" data-sheets-value=\"{\">11:00-11:30<\/td>\n<td style=\"width: 30.7393%;\" colspan=\"2\" data-sheets-value=\"{\">MERJA PUKARI &#8211; Mis on, kust tuleb ja mis saab\/kuhu l\u00e4heb tuumk\u00fctus?<\/td>\n<\/tr>\n<tr>\n<td style=\"width: 3.89105%;\" data-sheets-value=\"{\">11:30-12:00<\/td>\n<td style=\"width: 30.7393%;\" colspan=\"2\" data-sheets-value=\"{\">SIIRI SUURSOO &#8211; Kas kiirgus on see, milleks teda peetakse? Mis on kiirgus?<\/td>\n<\/tr>\n<tr style=\"background-color: #bad0ff;\">\n<td style=\"width: 3.89105%;\"><span data-sheets-value=\"{\" data-sheets-userformat=\"{\">12:00-13:00<\/span><\/td>\n<td style=\"width: 30.7393%;\" colspan=\"2\"><em>L\u00d5UNAS\u00d6\u00d6K KOHAPEAL<\/em><\/td>\n<\/tr>\n<tr>\n<td style=\"width: 34.6303%; background-color: #b0b0b0;\" colspan=\"3\"><strong>II &#8211; Tuumatehnoloogia rakendamine inimese heaks<\/strong><\/td>\n<\/tr>\n<tr>\n<td style=\"width: 3.89105%;\" data-sheets-value=\"{\">13:00-13:30<\/td>\n<td style=\"width: 30.7393%;\" colspan=\"2\" data-sheets-value=\"{\">KASPAR K\u00d6\u00d6P &#8211; Tuumaenergeetika ohutusest<\/td>\n<\/tr>\n<tr>\n<td style=\"width: 3.89105%;\" data-sheets-value=\"{\">13:30-14:00<\/td>\n<td style=\"width: 30.7393%;\" colspan=\"2\" data-sheets-value=\"{\">ALLAN VRAGER &#8211; Kas tuumajaamast saab ainult elektrit?<\/td>\n<\/tr>\n<tr>\n<td style=\"width: 3.89105%;\" data-sheets-value=\"{\">14:00-14:30<\/td>\n<td style=\"width: 30.7393%;\" colspan=\"2\" data-sheets-value=\"{\">RAINER KELK &#8211; Kuidas tagada ohutus mitte midagi tegemata ehk passivsed s\u00fcsteemid?<\/td>\n<\/tr>\n<tr style=\"background-color: #bad0ff;\">\n<td style=\"width: 3.89105%;\" data-sheets-value=\"{\">14:30-15:00<\/td>\n<td style=\"width: 30.7393%;\" colspan=\"2\" data-sheets-value=\"{\"><em>KOHV JA SN\u00c4KID<\/em><\/td>\n<\/tr>\n<tr>\n<td style=\"width: 3.89105%;\" data-sheets-value=\"{\">15:00-15:30<\/td>\n<td style=\"width: 30.7393%;\" colspan=\"2\" data-sheets-value=\"{\">JANNE WALLENIUS &#8211; LeadCold reactor and Estonia-KTH relations<\/td>\n<\/tr>\n<tr>\n<td style=\"width: 3.89105%;\" data-sheets-value=\"{\">15:30-16:00<\/td>\n<td style=\"width: 30.7393%;\" colspan=\"2\" data-sheets-value=\"{\">HENRI ORMUS &#8211; Milliseid inimesi tuumajaam tegelikult vajab?<\/td>\n<\/tr>\n<tr>\n<td style=\"width: 3.89105%;\" data-sheets-value=\"{\">16:00-16:30<\/td>\n<td style=\"width: 30.7393%;\" colspan=\"2\" data-sheets-value=\"{\">KALEV KALLEMETS &#8211; Kuidas teha 100 moodulreaktorit Euroopas?<\/td>\n<\/tr>\n<tr>\n<td style=\"width: 3.89105%;\" data-sheets-value=\"{\">16:30-17:00<\/td>\n<td style=\"width: 30.7393%;\" colspan=\"2\" data-sheets-value=\"{\"><em>Diskussioon \u00fcheskoos<\/em><\/td>\n<\/tr>\n<\/tbody>\n<\/table>\t\t\t\t\t\t\t\t<\/div>\n\t\t\t\t<\/div>\n\t\t\t\t<div class=\"elementor-element elementor-element-ecdf5ca elementor-widget elementor-widget-image\" data-id=\"ecdf5ca\" data-element_type=\"widget\" data-e-type=\"widget\" data-widget_type=\"image.default\">\n\t\t\t\t<div class=\"elementor-widget-container\">\n\t\t\t\t\t\t\t\t\t\t\t\t\t\t\t<img fetchpriority=\"high\" decoding=\"async\" width=\"1024\" height=\"484\" src=\"https:\/\/fermi.ee\/wp-content\/uploads\/2020\/10\/img-20200808-112619-1-1024x484.jpg\" class=\"attachment-large size-large wp-image-1239\" alt=\"\" srcset=\"https:\/\/fermi.ee\/wp-content\/uploads\/2020\/10\/img-20200808-112619-1-1024x484.jpg 1024w, https:\/\/fermi.ee\/wp-content\/uploads\/2020\/10\/img-20200808-112619-1-300x142.jpg 300w, https:\/\/fermi.ee\/wp-content\/uploads\/2020\/10\/img-20200808-112619-1-768x363.jpg 768w, https:\/\/fermi.ee\/wp-content\/uploads\/2020\/10\/img-20200808-112619-1-1536x725.jpg 1536w, https:\/\/fermi.ee\/wp-content\/uploads\/2020\/10\/img-20200808-112619-1-2048x967.jpg 2048w\" sizes=\"(max-width: 1024px) 100vw, 1024px\" \/>\t\t\t\t\t\t\t\t\t\t\t\t\t\t\t<\/div>\n\t\t\t\t<\/div>\n\t\t\t\t\t<\/div>\n\t\t<\/div>\n\t\t\t\t<div class=\"elementor-column elementor-col-50 elementor-inner-column elementor-element elementor-element-fd7085f\" data-id=\"fd7085f\" data-element_type=\"column\" data-e-type=\"column\">\n\t\t\t<div class=\"elementor-widget-wrap elementor-element-populated\">\n\t\t\t\t\t\t<div class=\"elementor-element elementor-element-8cecfcc elementor-widget elementor-widget-image\" data-id=\"8cecfcc\" data-element_type=\"widget\" data-e-type=\"widget\" data-widget_type=\"image.default\">\n\t\t\t\t<div class=\"elementor-widget-container\">\n\t\t\t\t\t\t\t\t\t\t\t\t\t\t\t<img decoding=\"async\" width=\"1024\" height=\"1024\" src=\"https:\/\/fermi.ee\/wp-content\/uploads\/2020\/10\/tuumaenergia-sugiskool-kusimustega-1024x1024.png\" class=\"attachment-large size-large wp-image-1284\" alt=\"\" srcset=\"https:\/\/fermi.ee\/wp-content\/uploads\/2020\/10\/tuumaenergia-sugiskool-kusimustega-1024x1024.png 1024w, https:\/\/fermi.ee\/wp-content\/uploads\/2020\/10\/tuumaenergia-sugiskool-kusimustega-300x300.png 300w, https:\/\/fermi.ee\/wp-content\/uploads\/2020\/10\/tuumaenergia-sugiskool-kusimustega-150x150.png 150w, https:\/\/fermi.ee\/wp-content\/uploads\/2020\/10\/tuumaenergia-sugiskool-kusimustega-768x768.png 768w, https:\/\/fermi.ee\/wp-content\/uploads\/2020\/10\/tuumaenergia-sugiskool-kusimustega-1536x1536.png 1536w, https:\/\/fermi.ee\/wp-content\/uploads\/2020\/10\/tuumaenergia-sugiskool-kusimustega.png 1654w\" sizes=\"(max-width: 1024px) 100vw, 1024px\" \/>\t\t\t\t\t\t\t\t\t\t\t\t\t\t\t<\/div>\n\t\t\t\t<\/div>\n\t\t\t\t<div class=\"elementor-element elementor-element-f4dfa59 ha-has-bg-overlay elementor-widget elementor-widget-heading\" data-id=\"f4dfa59\" data-element_type=\"widget\" data-e-type=\"widget\" data-widget_type=\"heading.default\">\n\t\t\t\t<div class=\"elementor-widget-container\">\n\t\t\t\t\t<h2 class=\"elementor-heading-title elementor-size-default\">\u2193 REGISTREERI SIIN \u2193<\/h2>\t\t\t\t<\/div>\n\t\t\t\t<\/div>\n\t\t\t\t<div class=\"elementor-element elementor-element-6370aed elementor-widget elementor-widget-shortcode\" data-id=\"6370aed\" data-element_type=\"widget\" data-e-type=\"widget\" data-widget_type=\"shortcode.default\">\n\t\t\t\t<div class=\"elementor-widget-container\">\n\t\t\t\t\t\t\t<div class=\"elementor-shortcode\">[caldera_form id=\"CF5f7c657ac5fe5\"]<\/div>\n\t\t\t\t\t\t<\/div>\n\t\t\t\t<\/div>\n\t\t\t\t<div class=\"elementor-element elementor-element-1e26d6d elementor-widget elementor-widget-text-editor\" data-id=\"1e26d6d\" data-element_type=\"widget\" data-e-type=\"widget\" data-widget_type=\"text-editor.default\">\n\t\t\t\t<div class=\"elementor-widget-container\">\n\t\t\t\t\t\t\t\t\t<p>Osalustasu on <b>10 eurot<\/b>, mille saab \u00fcle kanda Fermi Energia O\u00dc kontole EE907700771003632746.<\/p>\t\t\t\t\t\t\t\t<\/div>\n\t\t\t\t<\/div>\n\t\t\t\t\t<\/div>\n\t\t<\/div>\n\t\t\t\t\t<\/div>\n\t\t<\/section>\n\t\t\t\t\t<\/div>\n\t\t<\/div>\n\t\t\t\t\t<\/div>\n\t\t<\/section>\n\t\t\t\t<\/div>\n\t\t","protected":false},"excerpt":{"rendered":"<p>Fermioni s\u00fcgiskool on noortele tuumahuvilistele, eesk\u00e4tt g\u00fcmnaasiumiastmele m\u00f5eldud kaasaegse tuumaenergeetika kiirkursus, kus Eesti tuuma-, energeetika- ja kiirguseksperdid tutvustavad 21. sajandi tuumaenergia olemust, t\u00f6\u00f6p\u00f5him\u00f5tteid, tehnoloogiaid, kasutamise viise ja ise\u00e4rasusi. R\u00e4\u00e4gime k\u00f5igest, mis sind tuumaenergia juures huvitab [&hellip;]<\/p>\n","protected":false},"author":8,"featured_media":0,"parent":0,"menu_order":0,"comment_status":"closed","ping_status":"closed","template":"","meta":{"site-sidebar-layout":"no-sidebar","site-content-layout":"page-builder","ast-site-content-layout":"default","site-content-style":"default","site-sidebar-style":"default","ast-global-header-display":"","ast-banner-title-visibility":"","ast-main-header-display":"","ast-hfb-above-header-display":"","ast-hfb-below-header-display":"","ast-hfb-mobile-header-display":"","site-post-title":"disabled","ast-breadcrumbs-content":"","ast-featured-img":"disabled","footer-sml-layout":"","ast-disable-related-posts":"","theme-transparent-header-meta":"default","adv-header-id-meta":"","stick-header-meta":"default","header-above-stick-meta":"","header-main-stick-meta":"","header-below-stick-meta":"","astra-migrate-meta-layouts":"default","ast-page-background-enabled":"default","ast-page-background-meta":{"desktop":{"background-color":"","background-image":"","background-repeat":"repeat","background-position":"center center","background-size":"auto","background-attachment":"scroll","background-type":"","background-media":"","overlay-type":"","overlay-color":"","overlay-opacity":"","overlay-gradient":""},"tablet":{"background-color":"","background-image":"","background-repeat":"repeat","background-position":"center center","background-size":"auto","background-attachment":"scroll","background-type":"","background-media":"","overlay-type":"","overlay-color":"","overlay-opacity":"","overlay-gradient":""},"mobile":{"background-color":"","background-image":"","background-repeat":"repeat","background-position":"center center","background-size":"auto","background-attachment":"scroll","background-type":"","background-media":"","overlay-type":"","overlay-color":"","overlay-opacity":"","overlay-gradient":""}},"ast-content-background-meta":{"desktop":{"background-color":"var(--ast-global-color-5)","background-image":"","background-repeat":"repeat","background-position":"center center","background-size":"auto","background-attachment":"scroll","background-type":"","background-media":"","overlay-type":"","overlay-color":"","overlay-opacity":"","overlay-gradient":""},"tablet":{"background-color":"var(--ast-global-color-5)","background-image":"","background-repeat":"repeat","background-position":"center center","background-size":"auto","background-attachment":"scroll","background-type":"","background-media":"","overlay-type":"","overlay-color":"","overlay-opacity":"","overlay-gradient":""},"mobile":{"background-color":"var(--ast-global-color-5)","background-image":"","background-repeat":"repeat","background-position":"center center","background-size":"auto","background-attachment":"scroll","background-type":"","background-media":"","overlay-type":"","overlay-color":"","overlay-opacity":"","overlay-gradient":""}},"footnotes":""},"class_list":["post-1236","page","type-page","status-publish","hentry"],"_links":{"self":[{"href":"https:\/\/fermi.ee\/en\/wp-json\/wp\/v2\/pages\/1236","targetHints":{"allow":["GET"]}}],"collection":[{"href":"https:\/\/fermi.ee\/en\/wp-json\/wp\/v2\/pages"}],"about":[{"href":"https:\/\/fermi.ee\/en\/wp-json\/wp\/v2\/types\/page"}],"author":[{"embeddable":true,"href":"https:\/\/fermi.ee\/en\/wp-json\/wp\/v2\/users\/8"}],"replies":[{"embeddable":true,"href":"https:\/\/fermi.ee\/en\/wp-json\/wp\/v2\/comments?post=1236"}],"version-history":[{"count":14,"href":"https:\/\/fermi.ee\/en\/wp-json\/wp\/v2\/pages\/1236\/revisions"}],"predecessor-version":[{"id":3126,"href":"https:\/\/fermi.ee\/en\/wp-json\/wp\/v2\/pages\/1236\/revisions\/3126"}],"wp:attachment":[{"href":"https:\/\/fermi.ee\/en\/wp-json\/wp\/v2\/media?parent=1236"}],"curies":[{"name":"wp","href":"https:\/\/api.w.org\/{rel}","templated":true}]}}