{"id":35,"date":"2019-08-08T15:50:27","date_gmt":"2019-08-08T12:50:27","guid":{"rendered":"https:\/\/fermi.local\/?page_id=35"},"modified":"2020-11-13T12:11:02","modified_gmt":"2020-11-13T10:11:02","slug":"meie-lugu","status":"publish","type":"page","link":"https:\/\/fermi.ee\/en\/meie-lugu\/","title":{"rendered":"Our Story"},"content":{"rendered":"<p>Tuumaenergia v\u00f5imalust hakati Eestis t\u00f5sisemalt kaaluma 2006. aastal, mil Leedu, L\u00e4ti ja Eesti peaministrid allkirjastasid \u00fchisavalduse uue tuumajaama ehitamise toetuseks Leedusse. Kolm Balti riiki alustasid \u00fchiselt tuumajaama arendamise projekti. Jaama rajamine kerkis p\u00e4evakorda seoses Leedu RBMK-t\u00fc\u00fcpi Ignalina tuumajaama sulgemisega, mis oli \u00fcks Euroopa Liidu liitumislepingu tingimustest.<\/p>\n<p>Seoses tuumajaama arendamise kavaga hakkas j\u00f5ulisi samme tuumaenergia valdkonna arendamiseks Eestis astuma ka Eesti Energia, mida juhtis Sandor Liive. Muuhulgas saatis energiaettev\u00f5te kolm TT\u00dc energeetikavaldkonna magistrit omandama tuumaenergia alaseid teadmisi k\u00f5rgelt hinnatud Rootsi Kuninglikku Tehnikak\u00f5rgkooli. Hiljem liitus nendega veel neljaski eestlane, Marti Jeltsov. Suure kindlusega v\u00f5ib \u00f6elda, et need neli \u2013 Merja Pukari, Henri Ormus, Kaspar K\u00f6\u00f6p ja Marti Jeltsov \u2013 on t\u00e4na Eesti hinnatuimate tuumaekspertide seas. Merja Pukari, Kaspar K\u00f6\u00f6p ja Marti Jeltsov on tuumaenergia erialal l\u00f5petanud doktorikraadiga ning Henri Ormus aastaid t\u00f6\u00f6tanud Soome uut Hanhikivi tuumajaama rajavas ettev\u00f5ttes Fennovoima.<\/p>\n<p>Loetud aastad hiljem moodustati akadeemik Anto Raukase algatusel MT\u00dc Eesti Tuumajaam, mille tegevjuhina asus tegutsema Kalev Kallemets. \u00dchingu eesm\u00e4rk oli anal\u00fc\u00fcsida Eestisse tuumajaama rajamise v\u00f5imalusi oludes, kus Leetu tuumajaama rajamine takerdus sisepoliitiliste v\u00f5itluste t\u00f5ttu. Majanduslike kaalutluste k\u00f5rval t\u00e4rkas Eestis elavam huvi tuumaenergia arendamise vastu ka seoses\u00a0 Leedu sisepoliitilise olukorraga, mis kulmineerus negatiivse otsusega Leedu tuumajaama rajamist puudutaval referendumil. <a href=\"https:\/\/fermi.ee\/meie-lugu\/#_edn1\">[i]<\/a>. Eelnev viis selleni, et Eesti Energia asus otsima tuumaelektrijaama jaoks sobivaid v\u00f5imalikke asukohti. Majandus- ja Kommunikatsiooniministeeriumis t\u00f6\u00f6tati v\u00e4lja tuumenergiaseaduse eeln\u00f5u.<\/p>\n<p>Samal ajal pidurdus mitmete tuumaenergiajaamade rajamine Euroopas, kuna ilmnes, et enam kui kahek\u00fcmneaastaseks kujunenud pausi ja kogemuste taastamise t\u00f5ttu tuumajaamade rajamisel on uute projektide elluviimine oodatust kulukam ja aegan\u00f5udvam. Samal ajal riike raputanud majandussurutis v\u00e4hendas aga omakorda n\u00f5udlust energia j\u00e4rele ja seet\u00f5ttu vaibus ka Eesti huvi tuumajaam rajada. Selle asemel otsustas Eesti valitsus koos Eesti Energiaga rajada hoopis uus 300 MWe p\u00f5levkivielektrijaam Auverre.\u00a0&gt;<\/p>\n<p>K\u00e4egakatsutav m\u00f5te Eesti oma tuumaenergiajaamast j\u00e4i aastateks tolmu koguma, kuni 2018. aasta suvel kohtusid Kalev Kallemets, Kaspar K\u00f6\u00f6p ja Henri Ormus. Tuumavaldkonna uuemate arengutega h\u00e4sti kursis olevad mehed arutasid v\u00f5imalust rajada Eestisse sootuks teistsugune, uue p\u00f5lvkonna tuumaenergiajaam, mis baseeruks Kanadas ja Ameerika \u00dchendriikides litsentseerimisel olevatel v\u00e4ikestel moodulreaktoritel. Heaks eeskujuks oli Soomes Teolisuuden Voima ja Fennovoima \u00a0poolt kasutuses olev \u00e4rimudel, kus tuumajaama omanikeks on energiatarbijad \u00fcle kogu riigi. Vahepealsetel aastatel kiiresti edasi arenenud tehnoloogiad on muutnud tuumaenergia Eesti jaoks taas kaalumist v\u00e4\u00e4rivaks tulevikuenergialahenduseks, mis aitaks \u00fchtaegu tagada nii m\u00f5istlikku energia hinda, energiajulgeolekut kui ka riiklikult oluliseks muutunud kliimaeesm\u00e4rkide t\u00e4itmist.<\/p>\n<p>P\u00e4rast p\u00f5hjalikku eelt\u00f6\u00f6d asutasid Kalev Kallemets, Sandor Liive, Henri Ormus, Kaspar K\u00f6\u00f6p, Marti Jeltsov, Merja Pukari ja Mait M\u00fcntel O\u00dc Fermi Energia. Asutajaid liidab veendumus, et s\u00fcsinikuheitmetega v\u00e4hendamise eesm\u00e4rkide saavutamiseks peab riigi energiaportfell sisaldama juhitavat s\u00fcsinikuheitmeteta energialiiki, mis ei eelda subsideerimist. M\u00e4gij\u00f5gede puudusel saab selleks energiaks Eestis olla vaid tuumaenergia.<\/p>\n<p><a href=\"https:\/\/fermi.ee\/meie-lugu\/#_ednref1\">[i] <\/a><a href=\"https:\/\/en.wikipedia.org\/wiki\/2012_Lithuanian_nuclear_power_referendum\">https:\/\/en.wikipedia.org\/wiki\/2012_Lithuanian_nuclear_power_referendum<\/a><\/p>\n","protected":false},"excerpt":{"rendered":"<p>Tuumaenergia v\u00f5imalust hakati Eestis t\u00f5sisemalt kaaluma 2006. aastal, mil Leedu, L\u00e4ti ja Eesti peaministrid allkirjastasid \u00fchisavalduse uue tuumajaama ehitamise toetuseks Leedusse. Kolm Balti riiki alustasid \u00fchiselt tuumajaama arendamise projekti. Jaama rajamine kerkis p\u00e4evakorda seoses Leedu [&hellip;]<\/p>\n","protected":false},"author":1,"featured_media":0,"parent":0,"menu_order":0,"comment_status":"closed","ping_status":"closed","template":"","meta":{"site-sidebar-layout":"default","site-content-layout":"default","ast-site-content-layout":"default","site-content-style":"default","site-sidebar-style":"default","ast-global-header-display":"","ast-banner-title-visibility":"","ast-main-header-display":"","ast-hfb-above-header-display":"","ast-hfb-below-header-display":"","ast-hfb-mobile-header-display":"","site-post-title":"","ast-breadcrumbs-content":"","ast-featured-img":"","footer-sml-layout":"","ast-disable-related-posts":"","theme-transparent-header-meta":"default","adv-header-id-meta":"","stick-header-meta":"default","header-above-stick-meta":"","header-main-stick-meta":"","header-below-stick-meta":"","astra-migrate-meta-layouts":"default","ast-page-background-enabled":"default","ast-page-background-meta":{"desktop":{"background-color":"","background-image":"","background-repeat":"repeat","background-position":"center center","background-size":"auto","background-attachment":"scroll","background-type":"","background-media":"","overlay-type":"","overlay-color":"","overlay-opacity":"","overlay-gradient":""},"tablet":{"background-color":"","background-image":"","background-repeat":"repeat","background-position":"center center","background-size":"auto","background-attachment":"scroll","background-type":"","background-media":"","overlay-type":"","overlay-color":"","overlay-opacity":"","overlay-gradient":""},"mobile":{"background-color":"","background-image":"","background-repeat":"repeat","background-position":"center center","background-size":"auto","background-attachment":"scroll","background-type":"","background-media":"","overlay-type":"","overlay-color":"","overlay-opacity":"","overlay-gradient":""}},"ast-content-background-meta":{"desktop":{"background-color":"var(--ast-global-color-5)","background-image":"","background-repeat":"repeat","background-position":"center center","background-size":"auto","background-attachment":"scroll","background-type":"","background-media":"","overlay-type":"","overlay-color":"","overlay-opacity":"","overlay-gradient":""},"tablet":{"background-color":"var(--ast-global-color-5)","background-image":"","background-repeat":"repeat","background-position":"center center","background-size":"auto","background-attachment":"scroll","background-type":"","background-media":"","overlay-type":"","overlay-color":"","overlay-opacity":"","overlay-gradient":""},"mobile":{"background-color":"var(--ast-global-color-5)","background-image":"","background-repeat":"repeat","background-position":"center center","background-size":"auto","background-attachment":"scroll","background-type":"","background-media":"","overlay-type":"","overlay-color":"","overlay-opacity":"","overlay-gradient":""}},"footnotes":""},"class_list":["post-35","page","type-page","status-publish","hentry"],"_links":{"self":[{"href":"https:\/\/fermi.ee\/en\/wp-json\/wp\/v2\/pages\/35","targetHints":{"allow":["GET"]}}],"collection":[{"href":"https:\/\/fermi.ee\/en\/wp-json\/wp\/v2\/pages"}],"about":[{"href":"https:\/\/fermi.ee\/en\/wp-json\/wp\/v2\/types\/page"}],"author":[{"embeddable":true,"href":"https:\/\/fermi.ee\/en\/wp-json\/wp\/v2\/users\/1"}],"replies":[{"embeddable":true,"href":"https:\/\/fermi.ee\/en\/wp-json\/wp\/v2\/comments?post=35"}],"version-history":[{"count":18,"href":"https:\/\/fermi.ee\/en\/wp-json\/wp\/v2\/pages\/35\/revisions"}],"predecessor-version":[{"id":1301,"href":"https:\/\/fermi.ee\/en\/wp-json\/wp\/v2\/pages\/35\/revisions\/1301"}],"wp:attachment":[{"href":"https:\/\/fermi.ee\/en\/wp-json\/wp\/v2\/media?parent=35"}],"curies":[{"name":"wp","href":"https:\/\/api.w.org\/{rel}","templated":true}]}}