{"id":42,"date":"2019-08-08T15:50:27","date_gmt":"2019-08-08T12:50:27","guid":{"rendered":"https:\/\/fermi.local\/?page_id=42"},"modified":"2020-03-18T16:04:04","modified_gmt":"2020-03-18T14:04:04","slug":"tuumaenergia","status":"publish","type":"page","link":"https:\/\/fermi.ee\/en\/tuumaenergia\/","title":{"rendered":"Nuclear Energy"},"content":{"rendered":"<div data-elementor-type=\"wp-page\" data-elementor-id=\"42\" class=\"elementor elementor-42\" data-elementor-settings=\"{&quot;ha_cmc_init_switcher&quot;:&quot;no&quot;}\" data-elementor-post-type=\"page\">\n\t\t\t\t\t\t<section data-particle_enable=\"false\" data-particle-mobile-disabled=\"false\" class=\"elementor-section elementor-top-section elementor-element elementor-element-5dcfd883 elementor-section-boxed elementor-section-height-default elementor-section-height-default\" data-id=\"5dcfd883\" data-element_type=\"section\" data-e-type=\"section\" data-settings=\"{&quot;_ha_eqh_enable&quot;:false}\">\n\t\t\t\t\t\t<div class=\"elementor-container elementor-column-gap-default\">\n\t\t\t\t\t<div class=\"elementor-column elementor-col-100 elementor-top-column elementor-element elementor-element-3cd3feba\" data-id=\"3cd3feba\" data-element_type=\"column\" data-e-type=\"column\">\n\t\t\t<div class=\"elementor-widget-wrap elementor-element-populated\">\n\t\t\t\t\t\t<div class=\"elementor-element elementor-element-7ac1eb3 elementor-widget elementor-widget-text-editor\" data-id=\"7ac1eb3\" data-element_type=\"widget\" data-e-type=\"widget\" data-widget_type=\"text-editor.default\">\n\t\t\t\t<div class=\"elementor-widget-container\">\n\t\t\t\t\t\t\t\t\t<p>The production of nuclear energy is based on the reaction between neutrons and atomic nuclei in the fuel used.<\/p><p>When a uranium-235 nucleus absorbs a neutron and splits into two large energetic fragments, or fission products, it releases energy, on average 200 MeV (mega electron volts).<\/p><p>1 gram of uranium has 2.56*10<sup>21<\/sup> an atomic nucleus with a fission energy of 2,56*10 <sup>21<\/sup> *200= 5,12*10<sup>23<\/sup> MeV = 8.2*10<sup>10<\/sup> J = 0.95 MWday = 22.8 MWh of energy. Considering the efficiency of a steam turbine using 35%, 1 gram of U-235 can be converted into 8 MWh of electricity.<\/p><p>By comparison, to produce the same amount of electricity, 11.5 tonnes of oil shale must be burned and 5 tonnes of CO2 are emitted.<\/p><p>A good introduction to nuclear energy is a mini-course at the UT School of Science.\u00a0<a href=\"https:\/\/sisu.ut.ee\/kiirgusest_tuumajaamani\/avaleht\">From cosmic rays to the nuclear power plant<\/a>.<\/p><h2>SMRs<\/h2><p><a href=\"https:\/\/www.iaea.org\/topics\/small-modular-reactors\">Internationally<\/a> are defined as small modular reactors (VMRs) with an electrical output of less than 300MW.<\/p><p>The development of VMR is a development of the last 10 years, as large nuclear plants have become very expensive (over \u20ac5 billion) and construction is often overdue, with a number of problems and cost increases.<\/p><p>Building the reactor in modules and smaller allows for a lower total financial cost of the project, a more grid-compatible capacity, greater construction safety and a smaller reactor also allows for certain safety advantages.<\/p><p>The most important stage in bringing new reactor technology to power generation is obtaining a construction licence, or licensing. Among OECD countries, the United States is currently the furthest advanced in the construction licensing process. <a href=\"https:\/\/www.nrc.gov\/reactors\/new-reactors\/design-cert\/nuscale.html\">National Nuclear Safety Commission<\/a> NuScale reactor.<\/p><p>Most VMR reactors, including Generation 4 reactors, are in the process of pre-licensing (Vendor Design Review). <a href=\"https:\/\/www.nuclearsafety.gc.ca\/eng\/reactors\/power-plants\/pre-licensing-vendor-design-review\/index.cfm\">Canadian Nuclear Safety Commission<\/a> by. Pre-licensing provides the reactor developer with the assurance that the technical and procedural solutions for their reactor meet the technical requirements set out by the regulator and that there are no fundamental obstacles to a further site-based construction licence procedure.<\/p><p>As a nuclear reactor is a complex engineering facility with an expected lifetime at high temperatures and\/or pressures of decades, regulators require from the developers comprehensive data, based on experimental testing, on the performance and interactions of the different components (piping, valve, materials, fuels, etc.) and systems (primary thermal contour; emergency shutdown system, etc.) to ensure beyond doubt the long-term design performance of these systems and the safety of the overall system under all possible scenarios.<\/p><h2>Nuclear regulation<\/h2><p>Given the high energy concentration of nuclear energy, which requires a high level of competence and procedures, and which entails both potential military applications and risks in energy production, nuclear energy is highly regulated internationally. <a href=\"https:\/\/et.wikipedia.org\/wiki\/Rahvusvaheline_Aatomienergia_Agentuur\">International Atomic Energy Agency<\/a> and international <a href=\"https:\/\/www.iaea.org\/topics\/nuclear-safety-conventions\">conventions<\/a>.<\/p><p>One of the Treaties on which the European Union is founded is <a href=\"https:\/\/eur-lex.europa.eu\/legal-content\/ET\/TXT\/HTML\/?uri=CELEX:12012A\/TXT&amp;from=EN\">Treaty establishing the European Atomic Energy Community<\/a> and nuclear energy is covered by two main directives:<\/p><ul><li>Directive <a href=\"https:\/\/eur-lex.europa.eu\/legal-content\/ET\/TXT\/HTML\/?uri=CELEX:32014L0087&amp;from=EN\">2009\/71\/Euratom<\/a>establishing a Community framework for the nuclear safety of nuclear installations<\/li><li>Directive <a href=\"https:\/\/eur-lex.europa.eu\/legal-content\/ET\/TXT\/HTML\/?uri=CELEX:32011L0070&amp;from=EN\">2011\/70\/Euratom<\/a>establishing a Community framework for the responsible and safe management of spent fuel and radioactive waste.<\/li><\/ul><p>Nuclear energy is a low-carbon and manageable source of electricity that ensures a high level of energy security for the region and provides 53% of carbon-free electricity in the European Union.<\/p><p>The EU has 128 nuclear reactors (119 GWe), which account for about 25% of the total electricity produced in the EU. Nuclear power is in operation in 14 EU Member States (Belgium, Bulgaria, the Czech Republic, Finland, France, Germany, Hungary, Bulgaria, the Netherlands, Romania, Slovakia, Slovenia, Spain, Sweden and the United Kingdom).<\/p><p>Half of the EU's nuclear electricity is produced in just one country - France. The 53 reactors operating in three non-EU countries (Russia, Ukraine and Switzerland) account for about 17% of total electricity in the rest of Europe. (Source: <a href=\"https:\/\/www.world-nuclear.org\/information-library\/country-profiles\/others\/european-union.aspx\" target=\"_blank\" rel=\"noopener noreferrer\">WNA<\/a>)<\/p><p><img fetchpriority=\"high\" decoding=\"async\" class=\"alignnone size-large wp-image-358\" src=\"https:\/\/fermi.ee\/wp-content\/uploads\/2019\/09\/euroopa-1024x709.png\" alt=\"Nuclear energy in Europe\" width=\"1024\" height=\"709\" srcset=\"https:\/\/fermi.ee\/wp-content\/uploads\/2019\/09\/euroopa-1024x709.png 1024w, https:\/\/fermi.ee\/wp-content\/uploads\/2019\/09\/euroopa-300x208.png 300w, https:\/\/fermi.ee\/wp-content\/uploads\/2019\/09\/euroopa-768x532.png 768w, https:\/\/fermi.ee\/wp-content\/uploads\/2019\/09\/euroopa.png 1200w\" sizes=\"(max-width: 1024px) 100vw, 1024px\" \/><\/p><p><strong>Figure: <\/strong>Nuclear power plants operating in Europe (2016) Source: (<a href=\"https:\/\/www.carbonbrief.org\/mapped-the-worlds-nuclear-power-plants\" target=\"_blank\" rel=\"noopener noreferrer\">LINK<\/a>)<\/p><p>The closest operating nuclear power plants to Estonia are the 5 reactors at the Leningrad plant in Russia (70km), the 2 reactors at Loviisa in Finland (100km), the 2 reactors at the Olkiluoto plant (250km), the 3 reactors at the Forsmark plant (280km) and the 1 reactor at the Oskarshamn plant (330 km).<\/p><p><img decoding=\"async\" class=\"alignnone size-large wp-image-359\" src=\"https:\/\/fermi.ee\/wp-content\/uploads\/2019\/09\/lahiymbrus-1024x597.png\" alt=\"In the vicinity of Estonia, nuclear power plants are operating in Finland, Sweden and Russia. \" width=\"1024\" height=\"597\" srcset=\"https:\/\/fermi.ee\/wp-content\/uploads\/2019\/09\/lahiymbrus-1024x597.png 1024w, https:\/\/fermi.ee\/wp-content\/uploads\/2019\/09\/lahiymbrus-300x175.png 300w, https:\/\/fermi.ee\/wp-content\/uploads\/2019\/09\/lahiymbrus-768x448.png 768w, https:\/\/fermi.ee\/wp-content\/uploads\/2019\/09\/lahiymbrus.png 1200w\" sizes=\"(max-width: 1024px) 100vw, 1024px\" \/><\/p><p><strong>Figure:<\/strong> In the vicinity of Estonia, nuclear power plants are operating in Finland, Sweden and Russia. Source.<a href=\"https:\/\/www.carbonbrief.org\/mapped-the-worlds-nuclear-power-plants\" target=\"_blank\" rel=\"noopener noreferrer\">LINK<\/a>)<\/p>\t\t\t\t\t\t\t\t<\/div>\n\t\t\t\t<\/div>\n\t\t\t\t\t<\/div>\n\t\t<\/div>\n\t\t\t\t\t<\/div>\n\t\t<\/section>\n\t\t\t\t<\/div>","protected":false},"excerpt":{"rendered":"<p>Tuumaenergia tootmise aluseks on kasutatava k\u00fctuse neutronite ja aatomituumade omavaheline reaktsioon. Kui uraan-235 tuum neelab neutroni ja l\u00f5hustub kaheks suureks energeetiliseks fragmendiks ehk l\u00f5hustumissaaduseks, vabaneb energia, keskmiselt 200 MeV (megaelektronvolti). 1 grammis uraanis on 2,56*1021 [&hellip;]<\/p>\n","protected":false},"author":1,"featured_media":0,"parent":0,"menu_order":0,"comment_status":"closed","ping_status":"closed","template":"","meta":{"site-sidebar-layout":"default","site-content-layout":"default","ast-site-content-layout":"default","site-content-style":"default","site-sidebar-style":"default","ast-global-header-display":"","ast-banner-title-visibility":"","ast-main-header-display":"","ast-hfb-above-header-display":"","ast-hfb-below-header-display":"","ast-hfb-mobile-header-display":"","site-post-title":"","ast-breadcrumbs-content":"","ast-featured-img":"","footer-sml-layout":"","ast-disable-related-posts":"","theme-transparent-header-meta":"default","adv-header-id-meta":"","stick-header-meta":"default","header-above-stick-meta":"","header-main-stick-meta":"","header-below-stick-meta":"","astra-migrate-meta-layouts":"default","ast-page-background-enabled":"default","ast-page-background-meta":{"desktop":{"background-color":"","background-image":"","background-repeat":"repeat","background-position":"center center","background-size":"auto","background-attachment":"scroll","background-type":"","background-media":"","overlay-type":"","overlay-color":"","overlay-opacity":"","overlay-gradient":""},"tablet":{"background-color":"","background-image":"","background-repeat":"repeat","background-position":"center center","background-size":"auto","background-attachment":"scroll","background-type":"","background-media":"","overlay-type":"","overlay-color":"","overlay-opacity":"","overlay-gradient":""},"mobile":{"background-color":"","background-image":"","background-repeat":"repeat","background-position":"center center","background-size":"auto","background-attachment":"scroll","background-type":"","background-media":"","overlay-type":"","overlay-color":"","overlay-opacity":"","overlay-gradient":""}},"ast-content-background-meta":{"desktop":{"background-color":"var(--ast-global-color-5)","background-image":"","background-repeat":"repeat","background-position":"center center","background-size":"auto","background-attachment":"scroll","background-type":"","background-media":"","overlay-type":"","overlay-color":"","overlay-opacity":"","overlay-gradient":""},"tablet":{"background-color":"var(--ast-global-color-5)","background-image":"","background-repeat":"repeat","background-position":"center center","background-size":"auto","background-attachment":"scroll","background-type":"","background-media":"","overlay-type":"","overlay-color":"","overlay-opacity":"","overlay-gradient":""},"mobile":{"background-color":"var(--ast-global-color-5)","background-image":"","background-repeat":"repeat","background-position":"center center","background-size":"auto","background-attachment":"scroll","background-type":"","background-media":"","overlay-type":"","overlay-color":"","overlay-opacity":"","overlay-gradient":""}},"footnotes":""},"class_list":["post-42","page","type-page","status-publish","hentry"],"_links":{"self":[{"href":"https:\/\/fermi.ee\/en\/wp-json\/wp\/v2\/pages\/42","targetHints":{"allow":["GET"]}}],"collection":[{"href":"https:\/\/fermi.ee\/en\/wp-json\/wp\/v2\/pages"}],"about":[{"href":"https:\/\/fermi.ee\/en\/wp-json\/wp\/v2\/types\/page"}],"author":[{"embeddable":true,"href":"https:\/\/fermi.ee\/en\/wp-json\/wp\/v2\/users\/1"}],"replies":[{"embeddable":true,"href":"https:\/\/fermi.ee\/en\/wp-json\/wp\/v2\/comments?post=42"}],"version-history":[{"count":9,"href":"https:\/\/fermi.ee\/en\/wp-json\/wp\/v2\/pages\/42\/revisions"}],"predecessor-version":[{"id":832,"href":"https:\/\/fermi.ee\/en\/wp-json\/wp\/v2\/pages\/42\/revisions\/832"}],"wp:attachment":[{"href":"https:\/\/fermi.ee\/en\/wp-json\/wp\/v2\/media?parent=42"}],"curies":[{"name":"wp","href":"https:\/\/api.w.org\/{rel}","templated":true}]}}