{"id":49,"date":"2019-08-08T15:50:27","date_gmt":"2019-08-08T12:50:27","guid":{"rendered":"https:\/\/fermi.local\/?page_id=49"},"modified":"2021-11-04T16:59:39","modified_gmt":"2021-11-04T14:59:39","slug":"publikatsioonid","status":"publish","type":"page","link":"https:\/\/fermi.ee\/en\/publikatsioonid\/","title":{"rendered":"Publications"},"content":{"rendered":"<div data-elementor-type=\"wp-page\" data-elementor-id=\"49\" class=\"elementor elementor-49\" data-elementor-settings=\"{&quot;ha_cmc_init_switcher&quot;:&quot;no&quot;}\" data-elementor-post-type=\"page\">\n\t\t\t\t\t\t<section data-particle_enable=\"false\" data-particle-mobile-disabled=\"false\" class=\"elementor-section elementor-top-section elementor-element elementor-element-2f0ed630 elementor-section-boxed elementor-section-height-default elementor-section-height-default\" data-id=\"2f0ed630\" data-element_type=\"section\" data-e-type=\"section\" data-settings=\"{&quot;_ha_eqh_enable&quot;:false}\">\n\t\t\t\t\t\t<div class=\"elementor-container elementor-column-gap-default\">\n\t\t\t\t\t<div class=\"elementor-column elementor-col-100 elementor-top-column elementor-element elementor-element-1a91d514\" data-id=\"1a91d514\" data-element_type=\"column\" data-e-type=\"column\">\n\t\t\t<div class=\"elementor-widget-wrap elementor-element-populated\">\n\t\t\t\t\t\t<div class=\"elementor-element elementor-element-3eb5bdf7 elementor-widget elementor-widget-text-editor\" data-id=\"3eb5bdf7\" data-element_type=\"widget\" data-e-type=\"widget\" data-widget_type=\"text-editor.default\">\n\t\t\t\t<div class=\"elementor-widget-container\">\n\t\t\t\t\t\t\t\t\t<div class=\"page\" title=\"Page 1\"><div class=\"section\"><div class=\"layoutArea\"><div class=\"column\"><p><strong style=\"font-size: 16px;\">Published in 2021:<\/strong><\/p><\/div><div class=\"column\"><ul><li><strong><a href=\"https:\/\/fermi.ee\/wp-content\/uploads\/2021\/02\/uuringud-2020-fe-final.pdf\">Summary of the studies carried out and commissioned by Fermi Energia in 2020 in Estonian<\/a><\/strong><\/li><li><a href=\"https:\/\/fermi.ee\/wp-content\/uploads\/2021\/02\/090221-tallinn-declaration-on-the-future-of-smr-licensing-logo-version.pdf\">For small children<\/a><a href=\"https:\/\/fermi.ee\/wp-content\/uploads\/2021\/02\/090221-tallinn-declaration-on-the-future-of-smr-licensing-logo-version.pdf\"> the \"Tallinn Declaration\" on the licensing of modular reactors<\/a><\/li><li><a href=\"https:\/\/fermi.ee\/wp-content\/uploads\/2021\/02\/advisory-group-smr-licensing-principles-january-2021-signed.pdf\">For small children<\/a><a href=\"https:\/\/fermi.ee\/wp-content\/uploads\/2021\/02\/advisory-group-smr-licensing-principles-january-2021-signed.pdf\"> modular reactor licensing principles (SMR Licensing principles)<\/a><\/li><li><a href=\"https:\/\/fermi.ee\/wp-content\/uploads\/2021\/03\/deep-isolation-gra-for-fermi-energia-final-report-02-feb-2021.pdf\">Qualitative geological preparedness assessment of Deep Isolation borehole solution in Estonia<\/a><\/li><li><a href=\"https:\/\/fermi.ee\/wp-content\/uploads\/2021\/03\/epz-report-kbfi-20210211.pdf\">Emergency planning zones for small modular reactors<\/a><\/li><li><a href=\"https:\/\/fermi.ee\/wp-content\/uploads\/2021\/03\/h2-raport-fermi-energiale-pdf.pdf\">Production of hydrogen, ammonia and liquid fuels from nuclear energy<\/a><\/li><li><a style=\"font-size: 16px; background-color: #ffffff;\" href=\"https:\/\/fermi.ee\/wp-content\/uploads\/2021\/04\/fermi-licensing-study-public-summary-8.4.2021.pdf\">Licensing Study - Fortum<\/a><\/li><\/ul><\/div><\/div><\/div><\/div><div class=\"page\" title=\"Page 1\"><div class=\"section\"><div class=\"layoutArea\"><div class=\"column\"><p><strong>Published in 2020:<\/strong><\/p><ul><li><strong><a href=\"https:\/\/fermi.ee\/wp-content\/uploads\/2020\/01\/tuuma-raamat-final.pdf\">Feasibility study on the feasibility of a small modular reactor (VMR) to secure Estonia's energy supply and meet the 2030+ climate targets.<\/a><\/strong><\/li><\/ul><p>\u00a0<\/p><p><strong>28.01.2020 Conference talks on HOW TO BUILD THE EU FIRST SMALL MOODULAR REACTOR?<\/strong>:<\/p><ul><li><a href=\"https:\/\/fermi.ee\/wp-content\/uploads\/2020\/02\/10.20-tractebel-smrs-comparative-assessment-20200128.pdf\" target=\"_blank\" rel=\"noopener noreferrer\">Comparative assessment of SMR technologies<\/a>, Philippe Monette, Chief Technologist, Nuclear Business Line, Tractebel and Anicet Tour\u00e9, Tractebel<\/li><li><a href=\"https:\/\/fermi.ee\/wp-content\/uploads\/2020\/02\/11.10-4.generation-nuclear-power-plant-in-the-integrated-nordic-power-market-hannes-agabus-20200128.pdf\" target=\"_blank\" rel=\"noopener noreferrer\">IV Generation Nuclearpower plant in the integrated Nordic Power Market<\/a>, Hannes Agabus, Energy economics expert, PhD, Tallinn University of Technology<\/li><li><a href=\"https:\/\/fermi.ee\/wp-content\/uploads\/2020\/02\/13.00-development-of-an-smr-programme-competence-olli-kymalainen-2020-01-28.pdf\" target=\"_blank\" rel=\"noopener noreferrer\">Development of an SMR competence programme<\/a>, Olli Kym\u00e4l\u00e4inen, Nici Bergroth, Fortum<\/li><li><a href=\"https:\/\/fermi.ee\/wp-content\/uploads\/2020\/02\/13.25-vaikeste-moodulreaktorite-ohutusparameetrid-allan-vrager.pdf\" target=\"_blank\" rel=\"noopener noreferrer\">Safety parameters for small modular reactors<\/a>, Allan Vrager, Fermi Energia O\u00dc Contract Partner<\/li><li><a href=\"https:\/\/fermi.ee\/wp-content\/uploads\/2020\/02\/13.45-tuumaenergia-kutusetsukkel-ja-jaatmed-madis-kiisk-volodymyr-gulik-tu-fuusika-instituut.pdf\" target=\"_blank\" rel=\"noopener noreferrer\">The nuclear fuel cycle and waste<\/a>, Madis Kiisk, Volodymyr Gulik Institute of Physics of the University of Tyrol<\/li><li><a href=\"https:\/\/fermi.ee\/wp-content\/uploads\/2020\/02\/14.10-necessary-state-competences-and-their-development-vesa-suolanen-vtt.pdf\" target=\"_blank\" rel=\"noopener noreferrer\"><span style=\"font-size: 16px;\">Necessary state competences and their development<\/span><\/a><span style=\"font-size: 16px;\">, Vesa Suolanen, VTT Technical Research Centre of Finland Ltd\u00a0<\/span><\/li><li><a href=\"https:\/\/fermi.ee\/wp-content\/uploads\/2020\/02\/15.00-voimaliku-vaikse-moodulreaktori-majanduslik-moju-eestile-eeltasuvusuuring-siim-espenberg.pdf\" target=\"_blank\" rel=\"noopener noreferrer\"><span style=\"font-size: 16px;\">Economic impact of a possible small modular reactor in Estonia: a pre-cost-benefit study<\/span><\/a><span style=\"font-size: 16px;\">, Siim Espenberg, Head of the Centre for Applied Social Science Research, University of Tartu, Estonia<\/span><\/li><li><a href=\"https:\/\/fermi.ee\/wp-content\/uploads\/2020\/02\/15.25-climate-neutrality-in-the-netherlands-case-study.pdf\" target=\"_blank\" rel=\"noopener noreferrer\"><span style=\"font-size: 16px;\">Climate neutrality in Nederlands: nuclear and\/or renewable power<\/span><\/a><span style=\"font-size: 16px;\">, Mathijs Beckers, Climate Zero Hour author<\/span><\/li><li><a href=\"https:\/\/fermi.ee\/wp-content\/uploads\/2020\/02\/15.45-ge-hitachibwrx-300-david-sledzik.pdf\" target=\"_blank\" rel=\"noopener noreferrer\"><span style=\"font-size: 16px;\">GE Hitachi: BWRX-300<\/span><\/a><span style=\"font-size: 16px;\">, David Sledzik, Senior Vice President, GE Hitachi<\/span><\/li><li><a href=\"https:\/\/fermi.ee\/wp-content\/uploads\/2020\/02\/15.45-bootstrapping-to-new-nuclear-micro-modular-reactor-ziemowit-iwanski.pdf\" target=\"_blank\" rel=\"noopener noreferrer\"><span style=\"font-size: 16px;\">Bootstrapping to New Nuclear, Micro Modular Reactor<\/span><\/a><span style=\"font-size: 16px;\">, Ziemowit Iwanski, Ultra Safe Nuclear<\/span><\/li><li><span style=\"font-size: 16px;\"><a href=\"https:\/\/fermi.ee\/wp-content\/uploads\/2020\/02\/15.45-simon-newton-moltex-for-fermi.mp4\" target=\"_blank\" rel=\"noopener noreferrer\">Simon Newton, Moltex<\/a><\/span><\/li><\/ul><\/div><\/div><\/div><\/div>\t\t\t\t\t\t\t\t<\/div>\n\t\t\t\t<\/div>\n\t\t\t\t\t<\/div>\n\t\t<\/div>\n\t\t\t\t\t<\/div>\n\t\t<\/section>\n\t\t\t\t<\/div>","protected":false},"excerpt":{"rendered":"<p>2021 avaldatud: Fermi Energia 2020. aastal tehtud ja tellitud uuringute eestikeelne kokkuv\u00f5te V\u00e4ikeste moodulreaktorite litsentseerimise &#8220;Tallinna deklaratsioon&#8221; V\u00e4ikeste moodulreaktorite litsentseerimisp\u00f5him\u00f5tted (SMR Licensing principles) Kvalitatiivne geoloogilise valmisoleku hinnang Deep Isolationi puuraugulahendusele Eestis V\u00e4ikeste moodulreaktorite h\u00e4daolukorra planeerimistsoonid [&hellip;]<\/p>\n","protected":false},"author":1,"featured_media":0,"parent":0,"menu_order":0,"comment_status":"closed","ping_status":"closed","template":"","meta":{"site-sidebar-layout":"default","site-content-layout":"default","ast-site-content-layout":"default","site-content-style":"default","site-sidebar-style":"default","ast-global-header-display":"","ast-banner-title-visibility":"","ast-main-header-display":"","ast-hfb-above-header-display":"","ast-hfb-below-header-display":"","ast-hfb-mobile-header-display":"","site-post-title":"","ast-breadcrumbs-content":"","ast-featured-img":"","footer-sml-layout":"","ast-disable-related-posts":"","theme-transparent-header-meta":"default","adv-header-id-meta":"","stick-header-meta":"default","header-above-stick-meta":"","header-main-stick-meta":"","header-below-stick-meta":"","astra-migrate-meta-layouts":"default","ast-page-background-enabled":"default","ast-page-background-meta":{"desktop":{"background-color":"","background-image":"","background-repeat":"repeat","background-position":"center center","background-size":"auto","background-attachment":"scroll","background-type":"","background-media":"","overlay-type":"","overlay-color":"","overlay-opacity":"","overlay-gradient":""},"tablet":{"background-color":"","background-image":"","background-repeat":"repeat","background-position":"center center","background-size":"auto","background-attachment":"scroll","background-type":"","background-media":"","overlay-type":"","overlay-color":"","overlay-opacity":"","overlay-gradient":""},"mobile":{"background-color":"","background-image":"","background-repeat":"repeat","background-position":"center center","background-size":"auto","background-attachment":"scroll","background-type":"","background-media":"","overlay-type":"","overlay-color":"","overlay-opacity":"","overlay-gradient":""}},"ast-content-background-meta":{"desktop":{"background-color":"var(--ast-global-color-5)","background-image":"","background-repeat":"repeat","background-position":"center center","background-size":"auto","background-attachment":"scroll","background-type":"","background-media":"","overlay-type":"","overlay-color":"","overlay-opacity":"","overlay-gradient":""},"tablet":{"background-color":"var(--ast-global-color-5)","background-image":"","background-repeat":"repeat","background-position":"center center","background-size":"auto","background-attachment":"scroll","background-type":"","background-media":"","overlay-type":"","overlay-color":"","overlay-opacity":"","overlay-gradient":""},"mobile":{"background-color":"var(--ast-global-color-5)","background-image":"","background-repeat":"repeat","background-position":"center center","background-size":"auto","background-attachment":"scroll","background-type":"","background-media":"","overlay-type":"","overlay-color":"","overlay-opacity":"","overlay-gradient":""}},"footnotes":""},"class_list":["post-49","page","type-page","status-publish","hentry"],"_links":{"self":[{"href":"https:\/\/fermi.ee\/en\/wp-json\/wp\/v2\/pages\/49","targetHints":{"allow":["GET"]}}],"collection":[{"href":"https:\/\/fermi.ee\/en\/wp-json\/wp\/v2\/pages"}],"about":[{"href":"https:\/\/fermi.ee\/en\/wp-json\/wp\/v2\/types\/page"}],"author":[{"embeddable":true,"href":"https:\/\/fermi.ee\/en\/wp-json\/wp\/v2\/users\/1"}],"replies":[{"embeddable":true,"href":"https:\/\/fermi.ee\/en\/wp-json\/wp\/v2\/comments?post=49"}],"version-history":[{"count":26,"href":"https:\/\/fermi.ee\/en\/wp-json\/wp\/v2\/pages\/49\/revisions"}],"predecessor-version":[{"id":4346,"href":"https:\/\/fermi.ee\/en\/wp-json\/wp\/v2\/pages\/49\/revisions\/4346"}],"wp:attachment":[{"href":"https:\/\/fermi.ee\/en\/wp-json\/wp\/v2\/media?parent=49"}],"curies":[{"name":"wp","href":"https:\/\/api.w.org\/{rel}","templated":true}]}}