{"id":4945,"date":"2021-12-16T14:42:54","date_gmt":"2021-12-16T12:42:54","guid":{"rendered":"https:\/\/fermi.ee\/?page_id=4945"},"modified":"2025-12-16T10:30:28","modified_gmt":"2025-12-16T08:30:28","slug":"bwrx-300","status":"publish","type":"page","link":"https:\/\/fermi.ee\/en\/bwrx-300\/","title":{"rendered":"BWRX-300"},"content":{"rendered":"<div data-elementor-type=\"wp-page\" data-elementor-id=\"4945\" class=\"elementor elementor-4945\" data-elementor-settings=\"{&quot;ha_cmc_init_switcher&quot;:&quot;no&quot;}\" data-elementor-post-type=\"page\">\n\t\t\t\t\t\t<section data-particle_enable=\"false\" data-particle-mobile-disabled=\"false\" class=\"elementor-section elementor-top-section elementor-element elementor-element-71852c5 elementor-section-boxed elementor-section-height-default elementor-section-height-default\" data-id=\"71852c5\" data-element_type=\"section\" data-e-type=\"section\" data-settings=\"{&quot;_ha_eqh_enable&quot;:false}\">\n\t\t\t\t\t\t<div class=\"elementor-container elementor-column-gap-default\">\n\t\t\t\t\t<div class=\"elementor-column elementor-col-100 elementor-top-column elementor-element elementor-element-5e3fced\" data-id=\"5e3fced\" data-element_type=\"column\" data-e-type=\"column\">\n\t\t\t<div class=\"elementor-widget-wrap elementor-element-populated\">\n\t\t\t\t\t\t<div class=\"elementor-element elementor-element-ea94798 elementor-widget elementor-widget-heading\" data-id=\"ea94798\" data-element_type=\"widget\" data-e-type=\"widget\" data-widget_type=\"heading.default\">\n\t\t\t\t<div class=\"elementor-widget-container\">\n\t\t\t\t\t<h2 class=\"elementor-heading-title elementor-size-default\">BWRX-300 Linda<\/h2>\t\t\t\t<\/div>\n\t\t\t\t<\/div>\n\t\t\t\t<div class=\"elementor-element elementor-element-529b580 elementor-widget elementor-widget-spacer\" data-id=\"529b580\" data-element_type=\"widget\" data-e-type=\"widget\" data-widget_type=\"spacer.default\">\n\t\t\t\t<div class=\"elementor-widget-container\">\n\t\t\t\t\t\t\t<div class=\"elementor-spacer\">\n\t\t\t<div class=\"elementor-spacer-inner\"><\/div>\n\t\t<\/div>\n\t\t\t\t\t\t<\/div>\n\t\t\t\t<\/div>\n\t\t\t\t<div class=\"elementor-element elementor-element-bc05a5d elementor-widget elementor-widget-heading\" data-id=\"bc05a5d\" data-element_type=\"widget\" data-e-type=\"widget\" data-widget_type=\"heading.default\">\n\t\t\t\t<div class=\"elementor-widget-container\">\n\t\t\t\t\t<h3 class=\"elementor-heading-title elementor-size-default translation-block\">Fermi Energia has selected GE Hitachi Nuclear Energy's <strong>BWRX-300<\/strong> small modular reactor for deployment in Estonia by the early 2030s. <br>We gave it an Estonian but also an international name <strong>Linda<\/strong>.<\/h3>\t\t\t\t<\/div>\n\t\t\t\t<\/div>\n\t\t\t\t\t<\/div>\n\t\t<\/div>\n\t\t\t\t\t<\/div>\n\t\t<\/section>\n\t\t\t\t<section data-particle_enable=\"false\" data-particle-mobile-disabled=\"false\" class=\"elementor-section elementor-top-section elementor-element elementor-element-71574c8 elementor-section-boxed elementor-section-height-default elementor-section-height-default\" data-id=\"71574c8\" data-element_type=\"section\" data-e-type=\"section\" data-settings=\"{&quot;_ha_eqh_enable&quot;:false}\">\n\t\t\t\t\t\t<div class=\"elementor-container elementor-column-gap-default\">\n\t\t\t\t\t<div class=\"elementor-column elementor-col-100 elementor-top-column elementor-element elementor-element-a769480\" data-id=\"a769480\" data-element_type=\"column\" data-e-type=\"column\">\n\t\t\t<div class=\"elementor-widget-wrap elementor-element-populated\">\n\t\t\t\t\t\t<div class=\"elementor-element elementor-element-3107589 elementor-widget elementor-widget-video\" data-id=\"3107589\" data-element_type=\"widget\" data-e-type=\"widget\" data-settings=\"{&quot;youtube_url&quot;:&quot;https:\\\/\\\/youtu.be\\\/xeVLpfy88RQ&quot;,&quot;autoplay&quot;:&quot;yes&quot;,&quot;play_on_mobile&quot;:&quot;yes&quot;,&quot;video_type&quot;:&quot;youtube&quot;,&quot;controls&quot;:&quot;yes&quot;}\" data-widget_type=\"video.default\">\n\t\t\t\t<div class=\"elementor-widget-container\">\n\t\t\t\t\t\t\t<div class=\"elementor-wrapper elementor-open-inline\">\n\t\t\t<div class=\"elementor-video\"><\/div>\t\t<\/div>\n\t\t\t\t\t\t<\/div>\n\t\t\t\t<\/div>\n\t\t\t\t\t<\/div>\n\t\t<\/div>\n\t\t\t\t\t<\/div>\n\t\t<\/section>\n\t\t\t\t<section data-particle_enable=\"false\" data-particle-mobile-disabled=\"false\" class=\"elementor-section elementor-top-section elementor-element elementor-element-08efc83 elementor-section-boxed elementor-section-height-default elementor-section-height-default\" data-id=\"08efc83\" data-element_type=\"section\" data-e-type=\"section\" data-settings=\"{&quot;_ha_eqh_enable&quot;:false}\">\n\t\t\t\t\t\t<div class=\"elementor-container elementor-column-gap-default\">\n\t\t\t\t\t<div class=\"elementor-column elementor-col-100 elementor-top-column elementor-element elementor-element-a3df3c7\" data-id=\"a3df3c7\" data-element_type=\"column\" data-e-type=\"column\">\n\t\t\t<div class=\"elementor-widget-wrap elementor-element-populated\">\n\t\t\t\t\t\t<div class=\"elementor-element elementor-element-e9ad598 elementor-widget elementor-widget-image\" data-id=\"e9ad598\" data-element_type=\"widget\" data-e-type=\"widget\" data-widget_type=\"image.default\">\n\t\t\t\t<div class=\"elementor-widget-container\">\n\t\t\t\t\t\t\t\t\t\t\t\t\t\t\t<img fetchpriority=\"high\" decoding=\"async\" width=\"768\" height=\"230\" src=\"https:\/\/fermi.ee\/wp-content\/uploads\/2021\/12\/bwrx-300-768x230.png\" class=\"attachment-medium_large size-medium_large wp-image-4947\" alt=\"\" srcset=\"https:\/\/fermi.ee\/wp-content\/uploads\/2021\/12\/bwrx-300-768x230.png 768w, https:\/\/fermi.ee\/wp-content\/uploads\/2021\/12\/bwrx-300-300x90.png 300w, https:\/\/fermi.ee\/wp-content\/uploads\/2021\/12\/bwrx-300-18x5.png 18w, https:\/\/fermi.ee\/wp-content\/uploads\/2021\/12\/bwrx-300.png 1000w\" sizes=\"(max-width: 768px) 100vw, 768px\" \/>\t\t\t\t\t\t\t\t\t\t\t\t\t\t\t<\/div>\n\t\t\t\t<\/div>\n\t\t\t\t<div class=\"elementor-element elementor-element-44efb29 elementor-widget elementor-widget-heading\" data-id=\"44efb29\" data-element_type=\"widget\" data-e-type=\"widget\" data-widget_type=\"heading.default\">\n\t\t\t\t<div class=\"elementor-widget-container\">\n\t\t\t\t\t<h2 class=\"elementor-heading-title elementor-size-default\">Tenth generation of GE Hitachi fluidised bed reactors<\/h2>\t\t\t\t<\/div>\n\t\t\t\t<\/div>\n\t\t\t\t<div class=\"elementor-element elementor-element-214c55a elementor-widget elementor-widget-text-editor\" data-id=\"214c55a\" data-element_type=\"widget\" data-e-type=\"widget\" data-widget_type=\"text-editor.default\">\n\t\t\t\t<div class=\"elementor-widget-container\">\n\t\t\t\t\t\t\t\t\t<p>The BWRX-300 is the latest, tenth generation of BWR designs developed by GE Hitachi Nuclear Energy. The technologies used in this reactor have proven reliability in previous generations of reactors and the newer solutions have been licensed by the US Nuclear Regulatory Commission (NRC). It is a small modular reactor with an electrical capacity of 300 megawatts, using naturally circulating water cooling (pumps are not required for reactor safety). Passive safety systems have been used to keep the reactor in a safe condition in all circumstances without human intervention.<\/p><p>The construction of the first\u00a0<a href=\"https:\/\/fermi.ee\/eestisse-kaalutava-vaikereaktori-esimene-omatuubiline-rajatakse-kanadasse\/\" target=\"_blank\" rel=\"noopener\">builds the reactor<\/a> Ontario Power Generation in Canada, and will enter commercial operation between 2027 and 2028.<\/p><p>The same type of reactor can be built in Estonia once all the necessary nuclear safety requirements are in place, a national regulator is in place to oversee the construction of the plant, and the first reactor under construction in Canada is completed.<\/p>\t\t\t\t\t\t\t\t<\/div>\n\t\t\t\t<\/div>\n\t\t\t\t<div class=\"elementor-element elementor-element-98ca16e elementor-widget elementor-widget-image\" data-id=\"98ca16e\" data-element_type=\"widget\" data-e-type=\"widget\" data-widget_type=\"image.default\">\n\t\t\t\t<div class=\"elementor-widget-container\">\n\t\t\t\t\t\t\t\t\t\t\t\t\t\t\t<img decoding=\"async\" width=\"1024\" height=\"496\" src=\"https:\/\/fermi.ee\/wp-content\/uploads\/2021\/10\/rendering-bwrx-300-1024x496.jpeg\" class=\"attachment-large size-large wp-image-4213\" alt=\"\" srcset=\"https:\/\/fermi.ee\/wp-content\/uploads\/2021\/10\/rendering-bwrx-300-1024x496.jpeg 1024w, https:\/\/fermi.ee\/wp-content\/uploads\/2021\/10\/rendering-bwrx-300-300x145.jpeg 300w, https:\/\/fermi.ee\/wp-content\/uploads\/2021\/10\/rendering-bwrx-300-768x372.jpeg 768w, https:\/\/fermi.ee\/wp-content\/uploads\/2021\/10\/rendering-bwrx-300-18x9.jpeg 18w, https:\/\/fermi.ee\/wp-content\/uploads\/2021\/10\/rendering-bwrx-300.jpeg 1349w\" sizes=\"(max-width: 1024px) 100vw, 1024px\" \/>\t\t\t\t\t\t\t\t\t\t\t\t\t\t\t<\/div>\n\t\t\t\t<\/div>\n\t\t\t\t<div class=\"elementor-element elementor-element-d639950 elementor-widget elementor-widget-spacer\" data-id=\"d639950\" data-element_type=\"widget\" data-e-type=\"widget\" data-widget_type=\"spacer.default\">\n\t\t\t\t<div class=\"elementor-widget-container\">\n\t\t\t\t\t\t\t<div class=\"elementor-spacer\">\n\t\t\t<div class=\"elementor-spacer-inner\"><\/div>\n\t\t<\/div>\n\t\t\t\t\t\t<\/div>\n\t\t\t\t<\/div>\n\t\t\t\t<div class=\"elementor-element elementor-element-936c068 elementor-widget elementor-widget-heading\" data-id=\"936c068\" data-element_type=\"widget\" data-e-type=\"widget\" data-widget_type=\"heading.default\">\n\t\t\t\t<div class=\"elementor-widget-container\">\n\t\t\t\t\t<h2 class=\"elementor-heading-title elementor-size-default\">Main features<\/h2>\t\t\t\t<\/div>\n\t\t\t\t<\/div>\n\t\t\t\t<div class=\"elementor-element elementor-element-7acfdd7 elementor-widget elementor-widget-text-editor\" data-id=\"7acfdd7\" data-element_type=\"widget\" data-e-type=\"widget\" data-widget_type=\"text-editor.default\">\n\t\t\t\t<div class=\"elementor-widget-container\">\n\t\t\t\t\t\t\t\t\t<h3><strong>Smaller<\/strong>\u00a0\u2013 The BWRX-300 station fits on a land area of 170 x 280 meters. The grid connection switchyard, cooling tower, office, parking lot, warehouse and other necessary auxiliary buildings are within the boundaries of this area. The emergency planning zone is estimated to be about 8 hectares.<\/h3>\t\t\t\t\t\t\t\t<\/div>\n\t\t\t\t<\/div>\n\t\t\t\t<div class=\"elementor-element elementor-element-b66b815 elementor-widget elementor-widget-text-editor\" data-id=\"b66b815\" data-element_type=\"widget\" data-e-type=\"widget\" data-widget_type=\"text-editor.default\">\n\t\t\t\t<div class=\"elementor-widget-container\">\n\t\t\t\t\t\t\t\t\t<h3><strong>Cheaper<\/strong> - A small reactor nuclear power plant is called a. The small reactor reactor is smaller than a conventional nuclear plant and also requires less construction material, both in terms of total volume and electricity (MW) produced. Thus, the small reactor plant is more competitive than larger plants, as the smaller construction volume results in fewer construction delays (BWRX-300 can be built in 24-36 months). The simplicity of design and the proven performance of previous generations of BWRs also makes the BWRX-300 more cost-effective than other small reactors 60%.\u00a0<\/h3>\t\t\t\t\t\t\t\t<\/div>\n\t\t\t\t<\/div>\n\t\t\t\t<div class=\"elementor-element elementor-element-cff524a elementor-widget elementor-widget-text-editor\" data-id=\"cff524a\" data-element_type=\"widget\" data-e-type=\"widget\" data-widget_type=\"text-editor.default\">\n\t\t\t\t<div class=\"elementor-widget-container\">\n\t\t\t\t\t\t\t\t\t<h3><strong>Safer<\/strong> - passive safety systems reduce the risk of accidents, caused by the loss of cooling water. Reactor steam condensation and cooling systems based on nature laws, ensure the safety of the reactor without human intervention, even in the most severe case of an unlikely accident, for at least a week. After which it is sufficient to add cooling water using a conventional water pump or fire truck pump. It is also sufficient to use one of the four water reservoirs to cool the reactor.<\/h3>\t\t\t\t\t\t\t\t<\/div>\n\t\t\t\t<\/div>\n\t\t\t\t<div class=\"elementor-element elementor-element-47f08ca elementor-widget elementor-widget-text-editor\" data-id=\"47f08ca\" data-element_type=\"widget\" data-e-type=\"widget\" data-widget_type=\"text-editor.default\">\n\t\t\t\t<div class=\"elementor-widget-container\">\n\t\t\t\t\t\t\t\t\t<h3><strong>in Estonia 2035<\/strong> - Ontario Power Generation builds its first reactor of its kind<a href=\"http:\/\/xn--esimese%20omataolise%20reaktori%20rajamist%20alustab%20energiaettevte%20ontario%20power%20generation%202024-2025%20kanadas%20ning%20kommertskasutusse%20juab%20see%202027-2028-60q0e.%20aastal.\/\" data-wplink-url-error=\"true\">\u00a0Canada<\/a>\u00a0and it will enter commercial use in 2027-2028. During this construction, it is possible to monitor and evaluate the process and make preparations for construction in Estonia.\u00a0<\/h3>\t\t\t\t\t\t\t\t<\/div>\n\t\t\t\t<\/div>\n\t\t\t\t<div class=\"elementor-element elementor-element-57cd7de elementor-widget elementor-widget-spacer\" data-id=\"57cd7de\" data-element_type=\"widget\" data-e-type=\"widget\" data-widget_type=\"spacer.default\">\n\t\t\t\t<div class=\"elementor-widget-container\">\n\t\t\t\t\t\t\t<div class=\"elementor-spacer\">\n\t\t\t<div class=\"elementor-spacer-inner\"><\/div>\n\t\t<\/div>\n\t\t\t\t\t\t<\/div>\n\t\t\t\t<\/div>\n\t\t\t\t<div class=\"elementor-element elementor-element-1ee7291 elementor-widget elementor-widget-heading\" data-id=\"1ee7291\" data-element_type=\"widget\" data-e-type=\"widget\" data-widget_type=\"heading.default\">\n\t\t\t\t<div class=\"elementor-widget-container\">\n\t\t\t\t\t<h2 class=\"elementor-heading-title elementor-size-default\">Main parts of the station<\/h2>\t\t\t\t<\/div>\n\t\t\t\t<\/div>\n\t\t\t\t<div class=\"elementor-element elementor-element-7101046 elementor-widget elementor-widget-image\" data-id=\"7101046\" data-element_type=\"widget\" data-e-type=\"widget\" data-widget_type=\"image.default\">\n\t\t\t\t<div class=\"elementor-widget-container\">\n\t\t\t\t\t\t\t\t\t\t\t\t\t\t\t<img decoding=\"async\" width=\"1024\" height=\"534\" src=\"https:\/\/fermi.ee\/wp-content\/uploads\/2021\/12\/bwrx-skeem-1024x534.png\" class=\"attachment-large size-large wp-image-5069\" alt=\"\" srcset=\"https:\/\/fermi.ee\/wp-content\/uploads\/2021\/12\/bwrx-skeem-1024x534.png 1024w, https:\/\/fermi.ee\/wp-content\/uploads\/2021\/12\/bwrx-skeem-300x156.png 300w, https:\/\/fermi.ee\/wp-content\/uploads\/2021\/12\/bwrx-skeem-768x400.png 768w, https:\/\/fermi.ee\/wp-content\/uploads\/2021\/12\/bwrx-skeem-18x9.png 18w, https:\/\/fermi.ee\/wp-content\/uploads\/2021\/12\/bwrx-skeem.png 1500w\" sizes=\"(max-width: 1024px) 100vw, 1024px\" \/>\t\t\t\t\t\t\t\t\t\t\t\t\t\t\t<\/div>\n\t\t\t\t<\/div>\n\t\t\t\t<div class=\"elementor-element elementor-element-d973d0d elementor-widget elementor-widget-spacer\" data-id=\"d973d0d\" data-element_type=\"widget\" data-e-type=\"widget\" data-widget_type=\"spacer.default\">\n\t\t\t\t<div class=\"elementor-widget-container\">\n\t\t\t\t\t\t\t<div class=\"elementor-spacer\">\n\t\t\t<div class=\"elementor-spacer-inner\"><\/div>\n\t\t<\/div>\n\t\t\t\t\t\t<\/div>\n\t\t\t\t<\/div>\n\t\t\t\t<div class=\"elementor-element elementor-element-b547f54 elementor-widget elementor-widget-heading\" data-id=\"b547f54\" data-element_type=\"widget\" data-e-type=\"widget\" data-widget_type=\"heading.default\">\n\t\t\t\t<div class=\"elementor-widget-container\">\n\t\t\t\t\t<h2 class=\"elementor-heading-title elementor-size-default\">Main technical parameters<\/h2>\t\t\t\t<\/div>\n\t\t\t\t<\/div>\n\t\t\t\t<div class=\"elementor-element elementor-element-3771315 elementor-widget elementor-widget-text-editor\" data-id=\"3771315\" data-element_type=\"widget\" data-e-type=\"widget\" data-widget_type=\"text-editor.default\">\n\t\t\t\t<div class=\"elementor-widget-container\">\n\t\t\t\t\t\t\t\t\t<table style=\"border-collapse: collapse; width: 100%;\"><tbody><tr><td style=\"width: 50%;\">Reactor type<\/td><td style=\"width: 50.7634%;\">BWR \u2013 boiling water reactor<\/td><\/tr><tr><td style=\"width: 50%;\">Electric power output<\/td><td style=\"width: 50.7634%;\">300 MWe<\/td><\/tr><tr><td style=\"width: 50%;\">Thermal power output<\/td><td style=\"width: 50.7634%;\">870 MWth<\/td><\/tr><tr><td style=\"width: 50%;\">Coolant<\/td><td style=\"width: 50.7634%;\">H<sub>2<\/sub>O<\/td><\/tr><tr><td style=\"width: 50%;\">Neutron moderator<\/td><td style=\"width: 50.7634%;\">H<sub>2<\/sub>O<\/td><\/tr><tr><td style=\"width: 50%;\">Designed lifespan<\/td><td style=\"width: 50.7634%;\">60 years (extendable)<\/td><\/tr><tr><td style=\"width: 50%;\">Capacity factor<\/td><td style=\"width: 50.7634%;\">95%<\/td><\/tr><tr><td style=\"width: 50%;\">Ability to regulate power<\/td><td style=\"width: 50.7634%;\">50-100% daily, 0.5% per minute<\/td><\/tr><tr><td style=\"width: 50%;\">Fuel cycle<\/td><td style=\"width: 50.7634%;\">12-24 months<\/td><\/tr><tr><td style=\"width: 50%;\">Fuel type<\/td><td style=\"width: 50.7634%;\">UO<sub>2<\/sub><\/td><\/tr><tr><td style=\"width: 50%;\">Fuel enrichment (average)<\/td><td style=\"width: 50.7634%;\">3,4%<\/td><\/tr><tr><td style=\"width: 50%;\">Emergency fuel<\/td><td style=\"width: 50.7634%;\">Not needed<\/td><\/tr><tr><td style=\"width: 50%;\">Estimated probability of nuclear damage<\/td><td style=\"width: 50.7634%;\">Less than 10<sup>-7<\/sup> per reactor year, i.e. less than 0.0001 %<\/td><\/tr><tr><td style=\"width: 50%;\">Construction time (for 1 + n reactor)<\/td><td style=\"width: 50.7634%;\">24-36 months<\/td><\/tr><tr><td style=\"width: 50%;\">Construction cost (for 1 + n reactor), estimated<\/td><td style=\"width: 50.7634%;\">approx. \u20ac3.3 billion per 2 reactors<\/td><\/tr><tr><td style=\"width: 50%;\">Cost of electricity generation, estimated<\/td><td style=\"width: 50.7634%;\">Below 100 \u20ac\/MWh<\/td><\/tr><\/tbody><\/table>\t\t\t\t\t\t\t\t<\/div>\n\t\t\t\t<\/div>\n\t\t\t\t<div class=\"elementor-element elementor-element-cb046b9 elementor-widget elementor-widget-text-editor\" data-id=\"cb046b9\" data-element_type=\"widget\" data-e-type=\"widget\" data-widget_type=\"text-editor.default\">\n\t\t\t\t<div class=\"elementor-widget-container\">\n\t\t\t\t\t\t\t\t\t<p>Source: <a href=\"https:\/\/aris.iaea.org\/PDF\/BWRX-300_2020.pdf\">aris.iaea.org<\/a><\/p>\t\t\t\t\t\t\t\t<\/div>\n\t\t\t\t<\/div>\n\t\t\t\t<div class=\"elementor-element elementor-element-48d4fce elementor-widget elementor-widget-spacer\" data-id=\"48d4fce\" data-element_type=\"widget\" data-e-type=\"widget\" data-widget_type=\"spacer.default\">\n\t\t\t\t<div class=\"elementor-widget-container\">\n\t\t\t\t\t\t\t<div class=\"elementor-spacer\">\n\t\t\t<div class=\"elementor-spacer-inner\"><\/div>\n\t\t<\/div>\n\t\t\t\t\t\t<\/div>\n\t\t\t\t<\/div>\n\t\t\t\t<div class=\"elementor-element elementor-element-9937c5a elementor-widget elementor-widget-heading\" data-id=\"9937c5a\" data-element_type=\"widget\" data-e-type=\"widget\" data-widget_type=\"heading.default\">\n\t\t\t\t<div class=\"elementor-widget-container\">\n\t\t\t\t\t<h2 class=\"elementor-heading-title elementor-size-default\">Can be done also in Estonia<\/h2>\t\t\t\t<\/div>\n\t\t\t\t<\/div>\n\t\t\t\t<div class=\"elementor-element elementor-element-7474734 elementor-widget elementor-widget-text-editor\" data-id=\"7474734\" data-element_type=\"widget\" data-e-type=\"widget\" data-widget_type=\"text-editor.default\">\n\t\t\t\t<div class=\"elementor-widget-container\">\n\t\t\t\t\t\t\t\t\t<p><strong>Established efficient supply chain<\/strong> <br \/>The reactor and its main components (steam separator, steam dryer, control rods and their actuators) as well as the isolated condensation system are used in many reactors. Experienced manufacturers exist in the USA, Canada, Japan, Mexico and Europe (GE Power's turbine factories in France and generator factories in Poland). The supply chain does not have to be built from scratch.<\/p><p><strong>Conventional components<\/strong><br \/>The steam turbine and generator are off-the-shelf technologies produced by GE on a large scale. For example the TOPAIR generator has been manufactured, shipped and synchronized by GE in 3,570 units worldwide. Fermi Energia, in cooperation with Estonian mechanical engineering and manufacturing companies (Estanc, Estonian Heavy Indistries, Scanweld, BLRT, Maru, Aquaphor, Kunda Nordic Cement, etc.), is convinced that almost 30% of the components can be produced and delivered from Estonia.<\/p><div class=\"C-fragment C-fragment-html C-fragment-html--text\"><strong>Familiar to regulators<\/strong><br \/>Both in the USA and in Europe (Switzerland, Spain, Finland, Sweden, Germany) there are several energy companies with long-term safe and economical experience dealing with boiling water reactors. There is a group of BWR owners and a Japanese BWR Operator Training Center. Technology is familiar to national regulators and many technical support organizations. GE Hitachi has performed maintenance and replacement for dozens of reactors. The long-term operation of reactors (aging management) for 40-50 years is well known.<\/div>\t\t\t\t\t\t\t\t<\/div>\n\t\t\t\t<\/div>\n\t\t\t\t<div class=\"elementor-element elementor-element-f2a1bf4 elementor-widget elementor-widget-spacer\" data-id=\"f2a1bf4\" data-element_type=\"widget\" data-e-type=\"widget\" data-widget_type=\"spacer.default\">\n\t\t\t\t<div class=\"elementor-widget-container\">\n\t\t\t\t\t\t\t<div class=\"elementor-spacer\">\n\t\t\t<div class=\"elementor-spacer-inner\"><\/div>\n\t\t<\/div>\n\t\t\t\t\t\t<\/div>\n\t\t\t\t<\/div>\n\t\t\t\t\t<\/div>\n\t\t<\/div>\n\t\t\t\t\t<\/div>\n\t\t<\/section>\n\t\t\t\t<section data-particle_enable=\"false\" data-particle-mobile-disabled=\"false\" class=\"elementor-section elementor-top-section elementor-element elementor-element-de37120 elementor-section-boxed elementor-section-height-default elementor-section-height-default\" data-id=\"de37120\" data-element_type=\"section\" data-e-type=\"section\" data-settings=\"{&quot;_ha_eqh_enable&quot;:false}\">\n\t\t\t\t\t\t<div class=\"elementor-container elementor-column-gap-default\">\n\t\t\t\t\t<div class=\"elementor-column elementor-col-100 elementor-top-column elementor-element elementor-element-f926268\" data-id=\"f926268\" data-element_type=\"column\" data-e-type=\"column\">\n\t\t\t<div class=\"elementor-widget-wrap elementor-element-populated\">\n\t\t\t\t\t\t<div class=\"elementor-element elementor-element-6bf66c9 elementor-widget elementor-widget-spacer\" data-id=\"6bf66c9\" data-element_type=\"widget\" data-e-type=\"widget\" data-widget_type=\"spacer.default\">\n\t\t\t\t<div class=\"elementor-widget-container\">\n\t\t\t\t\t\t\t<div class=\"elementor-spacer\">\n\t\t\t<div class=\"elementor-spacer-inner\"><\/div>\n\t\t<\/div>\n\t\t\t\t\t\t<\/div>\n\t\t\t\t<\/div>\n\t\t\t\t\t<\/div>\n\t\t<\/div>\n\t\t\t\t\t<\/div>\n\t\t<\/section>\n\t\t\t\t<\/div>","protected":false},"excerpt":{"rendered":"<p>BWRX-300 Linda GE Hitachi BWRX-300 on Fermi Energia tehnoloogiavaliku v\u00f5itja. Andsime sellele eestip\u00e4rase, kuid rahvusvahelise nime Linda. GE Hitachi keevaveereaktorite k\u00fcmnes p\u00f5lvkond BWRX-300 on GE Hitachi Nuclear Energy v\u00e4lja t\u00f6\u00f6tatud keevaveereaktorite disainidest uusim, k\u00fcmnes p\u00f5lvkond. [&hellip;]<\/p>\n","protected":false},"author":8,"featured_media":0,"parent":0,"menu_order":0,"comment_status":"closed","ping_status":"closed","template":"","meta":{"site-sidebar-layout":"no-sidebar","site-content-layout":"page-builder","ast-site-content-layout":"default","site-content-style":"default","site-sidebar-style":"default","ast-global-header-display":"","ast-banner-title-visibility":"","ast-main-header-display":"","ast-hfb-above-header-display":"","ast-hfb-below-header-display":"","ast-hfb-mobile-header-display":"","site-post-title":"disabled","ast-breadcrumbs-content":"","ast-featured-img":"disabled","footer-sml-layout":"","ast-disable-related-posts":"","theme-transparent-header-meta":"","adv-header-id-meta":"","stick-header-meta":"","header-above-stick-meta":"","header-main-stick-meta":"","header-below-stick-meta":"","astra-migrate-meta-layouts":"default","ast-page-background-enabled":"default","ast-page-background-meta":{"desktop":{"background-color":"","background-image":"","background-repeat":"repeat","background-position":"center center","background-size":"auto","background-attachment":"scroll","background-type":"","background-media":"","overlay-type":"","overlay-color":"","overlay-opacity":"","overlay-gradient":""},"tablet":{"background-color":"","background-image":"","background-repeat":"repeat","background-position":"center center","background-size":"auto","background-attachment":"scroll","background-type":"","background-media":"","overlay-type":"","overlay-color":"","overlay-opacity":"","overlay-gradient":""},"mobile":{"background-color":"","background-image":"","background-repeat":"repeat","background-position":"center center","background-size":"auto","background-attachment":"scroll","background-type":"","background-media":"","overlay-type":"","overlay-color":"","overlay-opacity":"","overlay-gradient":""}},"ast-content-background-meta":{"desktop":{"background-color":"var(--ast-global-color-5)","background-image":"","background-repeat":"repeat","background-position":"center center","background-size":"auto","background-attachment":"scroll","background-type":"","background-media":"","overlay-type":"","overlay-color":"","overlay-opacity":"","overlay-gradient":""},"tablet":{"background-color":"var(--ast-global-color-5)","background-image":"","background-repeat":"repeat","background-position":"center center","background-size":"auto","background-attachment":"scroll","background-type":"","background-media":"","overlay-type":"","overlay-color":"","overlay-opacity":"","overlay-gradient":""},"mobile":{"background-color":"var(--ast-global-color-5)","background-image":"","background-repeat":"repeat","background-position":"center center","background-size":"auto","background-attachment":"scroll","background-type":"","background-media":"","overlay-type":"","overlay-color":"","overlay-opacity":"","overlay-gradient":""}},"footnotes":""},"class_list":["post-4945","page","type-page","status-publish","hentry"],"_links":{"self":[{"href":"https:\/\/fermi.ee\/en\/wp-json\/wp\/v2\/pages\/4945","targetHints":{"allow":["GET"]}}],"collection":[{"href":"https:\/\/fermi.ee\/en\/wp-json\/wp\/v2\/pages"}],"about":[{"href":"https:\/\/fermi.ee\/en\/wp-json\/wp\/v2\/types\/page"}],"author":[{"embeddable":true,"href":"https:\/\/fermi.ee\/en\/wp-json\/wp\/v2\/users\/8"}],"replies":[{"embeddable":true,"href":"https:\/\/fermi.ee\/en\/wp-json\/wp\/v2\/comments?post=4945"}],"version-history":[{"count":138,"href":"https:\/\/fermi.ee\/en\/wp-json\/wp\/v2\/pages\/4945\/revisions"}],"predecessor-version":[{"id":15820,"href":"https:\/\/fermi.ee\/en\/wp-json\/wp\/v2\/pages\/4945\/revisions\/15820"}],"wp:attachment":[{"href":"https:\/\/fermi.ee\/en\/wp-json\/wp\/v2\/media?parent=4945"}],"curies":[{"name":"wp","href":"https:\/\/api.w.org\/{rel}","templated":true}]}}