{"id":10516,"date":"2023-12-21T13:49:30","date_gmt":"2023-12-21T11:49:30","guid":{"rendered":"https:\/\/fermi.ee\/?page_id=10516"},"modified":"2024-01-12T15:26:19","modified_gmt":"2024-01-12T13:26:19","slug":"teabetuba","status":"publish","type":"page","link":"https:\/\/fermi.ee\/ru\/teabetuba\/","title":{"rendered":"Teababuilding"},"content":{"rendered":"<div data-elementor-type=\"wp-page\" data-elementor-id=\"10516\" class=\"elementor elementor-10516\" data-elementor-settings=\"{&quot;ha_cmc_init_switcher&quot;:&quot;no&quot;}\" data-elementor-post-type=\"page\">\n\t\t\t\t\t\t<section data-particle_enable=\"false\" data-particle-mobile-disabled=\"false\" class=\"elementor-section elementor-top-section elementor-element elementor-element-de26c70 elementor-section-boxed elementor-section-height-default elementor-section-height-default\" data-id=\"de26c70\" data-element_type=\"section\" data-e-type=\"section\" data-settings=\"{&quot;_ha_eqh_enable&quot;:false}\">\n\t\t\t\t\t\t<div class=\"elementor-container elementor-column-gap-default\">\n\t\t\t\t\t<div class=\"elementor-column elementor-col-100 elementor-top-column elementor-element elementor-element-2392600\" data-id=\"2392600\" data-element_type=\"column\" data-e-type=\"column\">\n\t\t\t<div class=\"elementor-widget-wrap elementor-element-populated\">\n\t\t\t\t\t\t<div class=\"elementor-element elementor-element-99a7dc0 elementor-widget elementor-widget-heading\" data-id=\"99a7dc0\" data-element_type=\"widget\" data-e-type=\"widget\" data-widget_type=\"heading.default\">\n\t\t\t\t<div class=\"elementor-widget-container\">\n\t\t\t\t\t<h2 class=\"elementor-heading-title elementor-size-default\">\u0410\u0442\u043e\u043c\u043d\u0430\u044f \u043a\u043e\u043c\u043d\u0430\u0442\u0430<\/h2>\t\t\t\t<\/div>\n\t\t\t\t<\/div>\n\t\t\t\t<div class=\"elementor-element elementor-element-ab55f5f elementor-widget elementor-widget-text-editor\" data-id=\"ab55f5f\" data-element_type=\"widget\" data-e-type=\"widget\" data-widget_type=\"text-editor.default\">\n\t\t\t\t<div class=\"elementor-widget-container\">\n\t\t\t\t\t\t\t\t\t<p><a href=\"https:\/\/maps.app.goo.gl\/4XLEp7HTH4VEZLtx5\" target=\"_blank\" rel=\"noopener\">\u041c\u0443\u0437\u0435\u0439 \u0446\u0435\u043c\u0435\u043d\u0442\u0430 \u0432 \u041a\u0443\u043d\u0434\u0435<\/a>\u00a0\u041f\u0435\u0440\u0432\u044b\u0439 \u0432 \u042d\u0441\u0442\u043e\u043d\u0438\u0438 \u0438\u043d\u0444\u043e\u0440\u043c\u0430\u0446\u0438\u043e\u043d\u043d\u044b\u0439 \u0446\u0435\u043d\u0442\u0440 \u043f\u043e \u0430\u0442\u043e\u043c\u043d\u043e\u0439 \u044d\u043d\u0435\u0440\u0433\u0435\u0442\u0438\u043a\u0435, \u0433\u0434\u0435 \u043c\u043e\u0436\u043d\u043e \u043f\u043e\u043b\u0443\u0447\u0438\u0442\u044c \u043f\u0435\u0440\u0432\u043e\u0435 \u043f\u0440\u0435\u0434\u0441\u0442\u0430\u0432\u043b\u0435\u043d\u0438\u0435 \u043e \u043f\u0440\u0438\u0440\u043e\u0434\u0435 \u0438 \u043f\u0440\u0438\u043d\u0446\u0438\u043f\u0430\u0445 \u0430\u0442\u043e\u043c\u043d\u043e\u0439 \u044d\u043d\u0435\u0440\u0433\u0435\u0442\u0438\u043a\u0438, \u0443\u0432\u0438\u0434\u0435\u0442\u044c \u043c\u0430\u043a\u0435\u0442 \u0440\u0435\u0430\u043a\u0442\u043e\u0440\u0430 \u0438 \u0434\u0440\u0443\u0433\u0438\u0435 \u0438\u043d\u0442\u0435\u0440\u0435\u0441\u043d\u044b\u0435 \u044d\u043a\u0441\u043f\u043e\u043d\u0430\u0442\u044b.\u00a0<\/p>\t\t\t\t\t\t\t\t<\/div>\n\t\t\t\t<\/div>\n\t\t\t\t<div class=\"elementor-element elementor-element-393f85d elementor-widget elementor-widget-image\" data-id=\"393f85d\" data-element_type=\"widget\" data-e-type=\"widget\" data-widget_type=\"image.default\">\n\t\t\t\t<div class=\"elementor-widget-container\">\n\t\t\t\t\t\t\t\t\t\t\t\t\t\t\t<img fetchpriority=\"high\" decoding=\"async\" width=\"768\" height=\"576\" src=\"https:\/\/fermi.ee\/wp-content\/uploads\/2023\/12\/aatomiku-tuba-noored-operaatorid-768x576.jpg\" class=\"attachment-medium_large size-medium_large wp-image-10531\" alt=\"\" srcset=\"https:\/\/fermi.ee\/wp-content\/uploads\/2023\/12\/aatomiku-tuba-noored-operaatorid-768x576.jpg 768w, https:\/\/fermi.ee\/wp-content\/uploads\/2023\/12\/aatomiku-tuba-noored-operaatorid-300x225.jpg 300w, https:\/\/fermi.ee\/wp-content\/uploads\/2023\/12\/aatomiku-tuba-noored-operaatorid-1024x768.jpg 1024w, https:\/\/fermi.ee\/wp-content\/uploads\/2023\/12\/aatomiku-tuba-noored-operaatorid-1536x1152.jpg 1536w, https:\/\/fermi.ee\/wp-content\/uploads\/2023\/12\/aatomiku-tuba-noored-operaatorid-2048x1536.jpg 2048w, https:\/\/fermi.ee\/wp-content\/uploads\/2023\/12\/aatomiku-tuba-noored-operaatorid-16x12.jpg 16w\" sizes=\"(max-width: 768px) 100vw, 768px\" \/>\t\t\t\t\t\t\t\t\t\t\t\t\t\t\t<\/div>\n\t\t\t\t<\/div>\n\t\t\t\t<div class=\"elementor-element elementor-element-c2a115c elementor-widget elementor-widget-text-editor\" data-id=\"c2a115c\" data-element_type=\"widget\" data-e-type=\"widget\" data-widget_type=\"text-editor.default\">\n\t\t\t\t<div class=\"elementor-widget-container\">\n\t\t\t\t\t\t\t\t\t<p>\u0423\u0437\u043d\u0430\u0442\u044c \u0431\u043e\u043b\u044c\u0448\u0435 \u043e\u0431 \u0430\u0442\u043e\u043c\u043d\u043e\u0439 \u044d\u043d\u0435\u0440\u0433\u0438\u0438 \u043c\u043e\u0433\u0443\u0442 \u0432\u0441\u0435 \u0436\u0435\u043b\u0430\u044e\u0449\u0438\u0435, \u0432 \u0442\u043e\u043c \u0447\u0438\u0441\u043b\u0435 \u0448\u043a\u043e\u043b\u044c\u043d\u044b\u0435 \u0433\u0440\u0443\u043f\u043f\u044b, \u043d\u0430\u043f\u0440\u0438\u043c\u0435\u0440, \u0432\u043e \u0432\u0440\u0435\u043c\u044f \u0443\u0440\u043e\u043a\u0430 \u0438\u043b\u0438 \u044d\u043a\u0441\u043a\u0443\u0440\u0441\u0438\u0438 - \u0437\u0434\u0435\u0441\u044c \u043d\u0430\u0439\u0434\u0435\u0442\u0441\u044f \u0437\u0430\u043d\u044f\u0442\u0438\u0435 \u0434\u043b\u044f \u043a\u0430\u0436\u0434\u043e\u0433\u043e! \u0418\u043d\u0444\u043e\u0440\u043c\u0430\u0446\u0438\u043e\u043d\u043d\u044b\u0439 \u0437\u0430\u043b \u043e\u0442\u043a\u0440\u044b\u0442 \u0432 \u0447\u0430\u0441\u044b \u0440\u0430\u0431\u043e\u0442\u044b \u043c\u0443\u0437\u0435\u044f, \u043d\u043e \u0433\u0440\u0443\u043f\u043f\u043e\u0432\u044b\u0435 \u043f\u043e\u0441\u0435\u0449\u0435\u043d\u0438\u044f \u043c\u043e\u0436\u043d\u043e \u043e\u0440\u0433\u0430\u043d\u0438\u0437\u043e\u0432\u0430\u0442\u044c \u0437\u0430\u0440\u0430\u043d\u0435\u0435 \u043f\u043e \u044d\u043b\u0435\u043a\u0442\u0440\u043e\u043d\u043d\u043e\u0439 \u043f\u043e\u0447\u0442\u0435. <a href=\"mailto:liis.krigul@fermi.ee\">liis.krigul@fermi.ee<\/a>.\u00a0<\/p>\t\t\t\t\t\t\t\t<\/div>\n\t\t\t\t<\/div>\n\t\t\t\t<div class=\"elementor-element elementor-element-d9ae21a elementor-widget elementor-widget-button\" data-id=\"d9ae21a\" data-element_type=\"widget\" data-e-type=\"widget\" data-widget_type=\"button.default\">\n\t\t\t\t<div class=\"elementor-widget-container\">\n\t\t\t\t\t\t\t\t\t<div class=\"elementor-button-wrapper\">\n\t\t\t\t\t<a class=\"elementor-button elementor-size-sm\" role=\"button\">\n\t\t\t\t\t\t<span class=\"elementor-button-content-wrapper\">\n\t\t\t\t\t\t\t\t\t<span class=\"elementor-button-text\">\u0421\u0432\u044f\u0436\u0438\u0442\u0435\u0441\u044c \u0441 \u043d\u0430\u043c\u0438!<\/span>\n\t\t\t\t\t<\/span>\n\t\t\t\t\t<\/a>\n\t\t\t\t<\/div>\n\t\t\t\t\t\t\t\t<\/div>\n\t\t\t\t<\/div>\n\t\t\t\t<div class=\"elementor-element elementor-element-a0341b4 elementor-widget elementor-widget-image\" data-id=\"a0341b4\" data-element_type=\"widget\" data-e-type=\"widget\" data-widget_type=\"image.default\">\n\t\t\t\t<div class=\"elementor-widget-container\">\n\t\t\t\t\t\t\t\t\t\t\t\t\t\t\t<img decoding=\"async\" width=\"768\" height=\"576\" src=\"https:\/\/fermi.ee\/wp-content\/uploads\/2023\/12\/image-4-768x576.jpg\" class=\"attachment-medium_large size-medium_large wp-image-10533\" alt=\"\" srcset=\"https:\/\/fermi.ee\/wp-content\/uploads\/2023\/12\/image-4-768x576.jpg 768w, https:\/\/fermi.ee\/wp-content\/uploads\/2023\/12\/image-4-300x225.jpg 300w, https:\/\/fermi.ee\/wp-content\/uploads\/2023\/12\/image-4-16x12.jpg 16w, https:\/\/fermi.ee\/wp-content\/uploads\/2023\/12\/image-4.jpg 1024w\" sizes=\"(max-width: 768px) 100vw, 768px\" \/>\t\t\t\t\t\t\t\t\t\t\t\t\t\t\t<\/div>\n\t\t\t\t<\/div>\n\t\t\t\t<div class=\"elementor-element elementor-element-0593848 elementor-widget elementor-widget-image\" data-id=\"0593848\" data-element_type=\"widget\" data-e-type=\"widget\" data-widget_type=\"image.default\">\n\t\t\t\t<div class=\"elementor-widget-container\">\n\t\t\t\t\t\t\t\t\t\t\t\t\t\t\t<img decoding=\"async\" width=\"768\" height=\"432\" src=\"https:\/\/fermi.ee\/wp-content\/uploads\/2023\/12\/dsc05671-768x432.jpg\" class=\"attachment-medium_large size-medium_large wp-image-10527\" alt=\"\" srcset=\"https:\/\/fermi.ee\/wp-content\/uploads\/2023\/12\/dsc05671-768x432.jpg 768w, https:\/\/fermi.ee\/wp-content\/uploads\/2023\/12\/dsc05671-300x169.jpg 300w, https:\/\/fermi.ee\/wp-content\/uploads\/2023\/12\/dsc05671-1024x576.jpg 1024w, https:\/\/fermi.ee\/wp-content\/uploads\/2023\/12\/dsc05671-1536x864.jpg 1536w, https:\/\/fermi.ee\/wp-content\/uploads\/2023\/12\/dsc05671-2048x1152.jpg 2048w, https:\/\/fermi.ee\/wp-content\/uploads\/2023\/12\/dsc05671-18x10.jpg 18w\" sizes=\"(max-width: 768px) 100vw, 768px\" \/>\t\t\t\t\t\t\t\t\t\t\t\t\t\t\t<\/div>\n\t\t\t\t<\/div>\n\t\t\t\t<div class=\"elementor-element elementor-element-b0319b3 elementor-widget elementor-widget-image\" data-id=\"b0319b3\" data-element_type=\"widget\" data-e-type=\"widget\" data-widget_type=\"image.default\">\n\t\t\t\t<div class=\"elementor-widget-container\">\n\t\t\t\t\t\t\t\t\t\t\t\t\t\t\t<img loading=\"lazy\" decoding=\"async\" width=\"768\" height=\"512\" src=\"https:\/\/fermi.ee\/wp-content\/uploads\/2023\/12\/foto-raigo-pajula-768x512.jpg\" class=\"attachment-medium_large size-medium_large wp-image-10532\" alt=\"\" srcset=\"https:\/\/fermi.ee\/wp-content\/uploads\/2023\/12\/foto-raigo-pajula-768x512.jpg 768w, https:\/\/fermi.ee\/wp-content\/uploads\/2023\/12\/foto-raigo-pajula-300x200.jpg 300w, https:\/\/fermi.ee\/wp-content\/uploads\/2023\/12\/foto-raigo-pajula-1024x683.jpg 1024w, https:\/\/fermi.ee\/wp-content\/uploads\/2023\/12\/foto-raigo-pajula-1536x1024.jpg 1536w, https:\/\/fermi.ee\/wp-content\/uploads\/2023\/12\/foto-raigo-pajula-18x12.jpg 18w, https:\/\/fermi.ee\/wp-content\/uploads\/2023\/12\/foto-raigo-pajula.jpg 2048w\" sizes=\"(max-width: 768px) 100vw, 768px\" \/>\t\t\t\t\t\t\t\t\t\t\t\t\t\t\t<\/div>\n\t\t\t\t<\/div>\n\t\t\t\t<div class=\"elementor-element elementor-element-4787209 elementor-widget elementor-widget-image\" data-id=\"4787209\" data-element_type=\"widget\" data-e-type=\"widget\" data-widget_type=\"image.default\">\n\t\t\t\t<div class=\"elementor-widget-container\">\n\t\t\t\t\t\t\t\t\t\t\t\t\t\t\t<img loading=\"lazy\" decoding=\"async\" width=\"768\" height=\"433\" src=\"https:\/\/fermi.ee\/wp-content\/uploads\/2023\/12\/aatomiku-teabetuba-768x433.png\" class=\"attachment-medium_large size-medium_large wp-image-10526\" alt=\"\" srcset=\"https:\/\/fermi.ee\/wp-content\/uploads\/2023\/12\/aatomiku-teabetuba-768x433.png 768w, https:\/\/fermi.ee\/wp-content\/uploads\/2023\/12\/aatomiku-teabetuba-300x169.png 300w, https:\/\/fermi.ee\/wp-content\/uploads\/2023\/12\/aatomiku-teabetuba-1024x577.png 1024w, https:\/\/fermi.ee\/wp-content\/uploads\/2023\/12\/aatomiku-teabetuba-1536x865.png 1536w, https:\/\/fermi.ee\/wp-content\/uploads\/2023\/12\/aatomiku-teabetuba-18x10.png 18w, https:\/\/fermi.ee\/wp-content\/uploads\/2023\/12\/aatomiku-teabetuba.png 1640w\" sizes=\"(max-width: 768px) 100vw, 768px\" \/>\t\t\t\t\t\t\t\t\t\t\t\t\t\t\t<\/div>\n\t\t\t\t<\/div>\n\t\t\t\t\t<\/div>\n\t\t<\/div>\n\t\t\t\t\t<\/div>\n\t\t<\/section>\n\t\t\t\t<\/div>","protected":false},"excerpt":{"rendered":"<p>Aatomiku teabetuba Kunda tsemendimuuseumis\u00a0asub Eesti esimene tuumaenergia infotuba,\u00a0kus saab teha esmast tutvust tuumaenergia olemuse ja t\u00f6\u00f6p\u00f5him\u00f5tetega ning n\u00e4ha reaktori l\u00e4bil\u00f5iget ja teisi p\u00f5nevaid eksponaate.\u00a0 Tuumaenergiaga on oodatud tutvuma k\u00f5ik huvilised ja kooligrupid, n\u00e4iteks ainetunni v\u00f5i [&hellip;]<\/p>\n","protected":false},"author":8,"featured_media":0,"parent":0,"menu_order":0,"comment_status":"closed","ping_status":"closed","template":"","meta":{"site-sidebar-layout":"no-sidebar","site-content-layout":"page-builder","ast-site-content-layout":"default","site-content-style":"default","site-sidebar-style":"default","ast-global-header-display":"","ast-banner-title-visibility":"","ast-main-header-display":"","ast-hfb-above-header-display":"","ast-hfb-below-header-display":"","ast-hfb-mobile-header-display":"","site-post-title":"disabled","ast-breadcrumbs-content":"","ast-featured-img":"disabled","footer-sml-layout":"","ast-disable-related-posts":"","theme-transparent-header-meta":"","adv-header-id-meta":"","stick-header-meta":"","header-above-stick-meta":"","header-main-stick-meta":"","header-below-stick-meta":"","astra-migrate-meta-layouts":"default","ast-page-background-enabled":"default","ast-page-background-meta":{"desktop":{"background-color":"","background-image":"","background-repeat":"repeat","background-position":"center center","background-size":"auto","background-attachment":"scroll","background-type":"","background-media":"","overlay-type":"","overlay-color":"","overlay-opacity":"","overlay-gradient":""},"tablet":{"background-color":"","background-image":"","background-repeat":"repeat","background-position":"center center","background-size":"auto","background-attachment":"scroll","background-type":"","background-media":"","overlay-type":"","overlay-color":"","overlay-opacity":"","overlay-gradient":""},"mobile":{"background-color":"","background-image":"","background-repeat":"repeat","background-position":"center center","background-size":"auto","background-attachment":"scroll","background-type":"","background-media":"","overlay-type":"","overlay-color":"","overlay-opacity":"","overlay-gradient":""}},"ast-content-background-meta":{"desktop":{"background-color":"var(--ast-global-color-5)","background-image":"","background-repeat":"repeat","background-position":"center center","background-size":"auto","background-attachment":"scroll","background-type":"","background-media":"","overlay-type":"","overlay-color":"","overlay-opacity":"","overlay-gradient":""},"tablet":{"background-color":"var(--ast-global-color-5)","background-image":"","background-repeat":"repeat","background-position":"center center","background-size":"auto","background-attachment":"scroll","background-type":"","background-media":"","overlay-type":"","overlay-color":"","overlay-opacity":"","overlay-gradient":""},"mobile":{"background-color":"var(--ast-global-color-5)","background-image":"","background-repeat":"repeat","background-position":"center center","background-size":"auto","background-attachment":"scroll","background-type":"","background-media":"","overlay-type":"","overlay-color":"","overlay-opacity":"","overlay-gradient":""}},"footnotes":""},"class_list":["post-10516","page","type-page","status-publish","hentry"],"_links":{"self":[{"href":"https:\/\/fermi.ee\/ru\/wp-json\/wp\/v2\/pages\/10516","targetHints":{"allow":["GET"]}}],"collection":[{"href":"https:\/\/fermi.ee\/ru\/wp-json\/wp\/v2\/pages"}],"about":[{"href":"https:\/\/fermi.ee\/ru\/wp-json\/wp\/v2\/types\/page"}],"author":[{"embeddable":true,"href":"https:\/\/fermi.ee\/ru\/wp-json\/wp\/v2\/users\/8"}],"replies":[{"embeddable":true,"href":"https:\/\/fermi.ee\/ru\/wp-json\/wp\/v2\/comments?post=10516"}],"version-history":[{"count":21,"href":"https:\/\/fermi.ee\/ru\/wp-json\/wp\/v2\/pages\/10516\/revisions"}],"predecessor-version":[{"id":11130,"href":"https:\/\/fermi.ee\/ru\/wp-json\/wp\/v2\/pages\/10516\/revisions\/11130"}],"wp:attachment":[{"href":"https:\/\/fermi.ee\/ru\/wp-json\/wp\/v2\/media?parent=10516"}],"curies":[{"name":"wp","href":"https:\/\/api.w.org\/{rel}","templated":true}]}}