{"id":12061,"date":"2024-08-26T13:33:26","date_gmt":"2024-08-26T10:33:26","guid":{"rendered":"https:\/\/fermi.ee\/?page_id=12061"},"modified":"2025-01-16T11:37:17","modified_gmt":"2025-01-16T09:37:17","slug":"loengud-koolides","status":"publish","type":"page","link":"https:\/\/fermi.ee\/ru\/loengud-koolides\/","title":{"rendered":"\u041b\u0435\u043a\u0446\u0438\u0438 \u0432 \u0448\u043a\u043e\u043b\u0430\u0445"},"content":{"rendered":"<div data-elementor-type=\"wp-page\" data-elementor-id=\"12061\" class=\"elementor elementor-12061\" data-elementor-settings=\"{&quot;ha_cmc_init_switcher&quot;:&quot;no&quot;}\" data-elementor-post-type=\"page\">\n\t\t\t\t\t\t<section data-particle_enable=\"false\" data-particle-mobile-disabled=\"false\" class=\"elementor-section elementor-top-section elementor-element elementor-element-7260ee23 elementor-section-boxed elementor-section-height-default elementor-section-height-default\" data-id=\"7260ee23\" data-element_type=\"section\" data-e-type=\"section\" data-settings=\"{&quot;_ha_eqh_enable&quot;:false}\">\n\t\t\t\t\t\t<div class=\"elementor-container elementor-column-gap-default\">\n\t\t\t\t\t<div class=\"elementor-column elementor-col-100 elementor-top-column elementor-element elementor-element-81b3680\" data-id=\"81b3680\" data-element_type=\"column\" data-e-type=\"column\">\n\t\t\t<div class=\"elementor-widget-wrap elementor-element-populated\">\n\t\t\t\t\t\t<div class=\"elementor-element elementor-element-624e5cb4 elementor-widget elementor-widget-text-editor\" data-id=\"624e5cb4\" data-element_type=\"widget\" data-e-type=\"widget\" data-widget_type=\"text-editor.default\">\n\t\t\t\t<div class=\"elementor-widget-container\">\n\t\t\t\t\t\t\t\t\t<p><span style=\"font-size: 12pt;\">\u0427\u0442\u043e\u0431\u044b \u0441\u0434\u0435\u043b\u0430\u0442\u044c \u0448\u043a\u043e\u043b\u044c\u043d\u044b\u0435 \u0443\u0440\u043e\u043a\u0438 \u0440\u0430\u0437\u043d\u043e\u043e\u0431\u0440\u0430\u0437\u043d\u044b\u043c\u0438 \u0438 \u0438\u043d\u0442\u0435\u0440\u0435\u0441\u043d\u044b\u043c\u0438, \u043c\u044b \u043f\u0440\u0435\u0434\u043b\u0430\u0433\u0430\u0435\u043c \u0433\u043e\u0441\u0442\u0435\u0432\u044b\u0435 \u043b\u0435\u043a\u0446\u0438\u0438 \u0434\u043b\u044f \u0443\u043d\u0438\u0432\u0435\u0440\u0441\u0438\u0442\u0435\u0442\u043e\u0432 \u0438 \u043e\u0431\u0449\u0435\u043e\u0431\u0440\u0430\u0437\u043e\u0432\u0430\u0442\u0435\u043b\u044c\u043d\u044b\u0445 \u0448\u043a\u043e\u043b. \u041d\u0430\u0448\u0438 \u044d\u043a\u0441\u043f\u0435\u0440\u0442\u044b-\u044f\u0434\u0435\u0440\u0449\u0438\u043a\u0438 \u0441 \u043c\u0435\u0436\u0434\u0443\u043d\u0430\u0440\u043e\u0434\u043d\u044b\u043c \u043e\u0431\u0440\u0430\u0437\u043e\u0432\u0430\u043d\u0438\u0435\u043c \u0438 \u043e\u043f\u044b\u0442\u043e\u043c \u043f\u043e\u0437\u043d\u0430\u043a\u043e\u043c\u044f\u0442 \u0443\u0447\u0430\u0449\u0438\u0445\u0441\u044f \u0441 \u044f\u0434\u0435\u0440\u043d\u043e\u0439 \u0444\u0438\u0437\u0438\u043a\u043e\u0439 \u0438 \u044d\u043d\u0435\u0440\u0433\u0435\u0442\u0438\u043a\u043e\u0439, \u043e\u043f\u0438\u0440\u0430\u044f\u0441\u044c \u043d\u0430 \u0441\u0430\u043c\u044b\u0435 \u0441\u043e\u0432\u0440\u0435\u043c\u0435\u043d\u043d\u044b\u0435 \u043f\u0440\u0438\u043c\u0435\u0440\u044b \u0438 \u043f\u043e\u0441\u043b\u0435\u0434\u043d\u0438\u0435 \u0440\u0430\u0437\u0440\u0430\u0431\u043e\u0442\u043a\u0438 \u0432 \u044d\u0442\u043e\u0439 \u043e\u0431\u043b\u0430\u0441\u0442\u0438.<\/span><\/p><p>\u041e\u0445\u0432\u0430\u0442\u044b\u0432\u0430\u0435\u043c\u044b\u0435 \u0442\u0435\u043c\u044b:<\/p><ul><li>\u043e\u0441\u043d\u043e\u0432\u044b \u044f\u0434\u0435\u0440\u043d\u043e\u0439 \u0444\u0438\u0437\u0438\u043a\u0438;<\/li><li>\u0432\u043e\u0437\u0434\u0435\u0439\u0441\u0442\u0432\u0438\u0435 \u0440\u0430\u0434\u0438\u0430\u0446\u0438\u0438;<\/li><li>\u042d\u043d\u0435\u0440\u0433\u0438\u044f;<\/li><li>\u044f\u0434\u0435\u0440\u043d\u043e\u0435 \u0442\u043e\u043f\u043b\u0438\u0432\u043e;<\/li><li>\u043e\u0433\u0440\u0430\u043d\u0438\u0447\u0435\u043d\u0438\u044f, \u0440\u0438\u0441\u043a\u0438, \u0432\u043e\u0437\u043c\u043e\u0436\u043d\u043e\u0441\u0442\u0438 \u0438 \u044d\u043a\u043e\u043b\u043e\u0433\u0438\u0447\u0435\u0441\u043a\u0438\u0435 \u043f\u043e\u0441\u043b\u0435\u0434\u0441\u0442\u0432\u0438\u044f \u043f\u0440\u043e\u0438\u0437\u0432\u043e\u0434\u0441\u0442\u0432\u0430 \u044d\u043d\u0435\u0440\u0433\u0438\u0438, \u0432\u043a\u043b\u044e\u0447\u0430\u044f \u0432\u043e\u0437\u043e\u0431\u043d\u043e\u0432\u043b\u044f\u0435\u043c\u0443\u044e \u0438 \u044f\u0434\u0435\u0440\u043d\u0443\u044e \u044d\u043d\u0435\u0440\u0433\u0438\u044e;<\/li><li>\u043d\u043e\u0432\u044b\u0435 \u0442\u0435\u0445\u043d\u043e\u043b\u043e\u0433\u0438\u0438 \u0438 \u0438\u0445 \u043f\u0440\u0438\u0433\u043e\u0434\u043d\u043e\u0441\u0442\u044c \u0434\u043b\u044f \u042d\u0441\u0442\u043e\u043d\u0438\u0438.<\/li><\/ul><p><strong>\u0414\u043e\u043f\u043e\u043b\u043d\u0438\u0442\u0435\u043b\u044c\u043d\u0430\u044f \u0438\u043d\u0444\u043e\u0440\u043c\u0430\u0446\u0438\u044f \u0438 \u0440\u0435\u0433\u0438\u0441\u0442\u0440\u0430\u0446\u0438\u044f:<\/strong><br \/>\u041b\u0438\u0438\u0441 \u041a\u0440\u0438\u0433\u0443\u043b (<a href=\"mailto:liis.krigul@fermi.ee\">liis.krigul@fermi.ee<\/a>, 56257897)<\/p><p>\u0421\u043f\u0435\u0446\u0438\u0430\u043b\u0438\u0441\u0442\u044b Fermi Energy \u043f\u043e\u0441\u0435\u0442\u0438\u043b\u0438 \u0431\u043e\u043b\u0435\u0435 70 \u043e\u0431\u0449\u0435\u043e\u0431\u0440\u0430\u0437\u043e\u0432\u0430\u0442\u0435\u043b\u044c\u043d\u044b\u0445 \u0448\u043a\u043e\u043b \u043f\u043e \u0432\u0441\u0435\u0439 \u042d\u0441\u0442\u043e\u043d\u0438\u0438, \u0432 \u0442\u043e\u043c \u0447\u0438\u0441\u043b\u0435 20 \u0448\u043a\u043e\u043b \u0432 \u0412\u0438\u0440\u0443\u043c\u0430\u0430.<\/p><p><img fetchpriority=\"high\" decoding=\"async\" class=\"alignnone size-full wp-image-12229\" src=\"https:\/\/fermi.ee\/wp-content\/uploads\/2024\/08\/a-group-of-people-sitting-at-tables-watching-a-presentation--description-automatically-generated-with-low-confidence.jpg\" alt=\"\" width=\"1106\" height=\"666\" srcset=\"https:\/\/fermi.ee\/wp-content\/uploads\/2024\/08\/a-group-of-people-sitting-at-tables-watching-a-presentation--description-automatically-generated-with-low-confidence.jpg 1106w, https:\/\/fermi.ee\/wp-content\/uploads\/2024\/08\/a-group-of-people-sitting-at-tables-watching-a-presentation--description-automatically-generated-with-low-confidence-300x181.jpg 300w, https:\/\/fermi.ee\/wp-content\/uploads\/2024\/08\/a-group-of-people-sitting-at-tables-watching-a-presentation--description-automatically-generated-with-low-confidence-1024x617.jpg 1024w, https:\/\/fermi.ee\/wp-content\/uploads\/2024\/08\/a-group-of-people-sitting-at-tables-watching-a-presentation--description-automatically-generated-with-low-confidence-768x462.jpg 768w, https:\/\/fermi.ee\/wp-content\/uploads\/2024\/08\/a-group-of-people-sitting-at-tables-watching-a-presentation--description-automatically-generated-with-low-confidence-18x12.jpg 18w\" sizes=\"(max-width: 1106px) 100vw, 1106px\" \/><\/p><p><img decoding=\"async\" class=\"alignnone size-full wp-image-12228\" src=\"https:\/\/fermi.ee\/wp-content\/uploads\/2024\/08\/image-1.jpg\" alt=\"\" width=\"1024\" height=\"577\" srcset=\"https:\/\/fermi.ee\/wp-content\/uploads\/2024\/08\/image-1.jpg 1024w, https:\/\/fermi.ee\/wp-content\/uploads\/2024\/08\/image-1-300x169.jpg 300w, https:\/\/fermi.ee\/wp-content\/uploads\/2024\/08\/image-1-768x433.jpg 768w, https:\/\/fermi.ee\/wp-content\/uploads\/2024\/08\/image-1-18x10.jpg 18w\" sizes=\"(max-width: 1024px) 100vw, 1024px\" \/><\/p><p><img decoding=\"async\" class=\"alignnone size-full wp-image-12227\" src=\"https:\/\/fermi.ee\/wp-content\/uploads\/2024\/08\/image.jpg\" alt=\"\" width=\"1024\" height=\"768\" srcset=\"https:\/\/fermi.ee\/wp-content\/uploads\/2024\/08\/image.jpg 1024w, https:\/\/fermi.ee\/wp-content\/uploads\/2024\/08\/image-300x225.jpg 300w, https:\/\/fermi.ee\/wp-content\/uploads\/2024\/08\/image-768x576.jpg 768w, https:\/\/fermi.ee\/wp-content\/uploads\/2024\/08\/image-16x12.jpg 16w\" sizes=\"(max-width: 1024px) 100vw, 1024px\" \/><\/p><p>\u00a0<\/p>\t\t\t\t\t\t\t\t<\/div>\n\t\t\t\t<\/div>\n\t\t\t\t\t<\/div>\n\t\t<\/div>\n\t\t\t\t\t<\/div>\n\t\t<\/section>\n\t\t\t\t<\/div>","protected":false},"excerpt":{"rendered":"<p>Selleks, et koolitunnid oleksid mitmekesised ja p\u00f5nevad pakume \u00fclikoolidele ja \u00fcldhariduskoolidele k\u00fclalisloenguid. Meie rahvusvahelise hariduse ja kogemusega tuumaenergia eksperdid tutvustavad \u00f5pilastele tuumaf\u00fc\u00fcsikat ja tuumaenergeetikat, tuginedes k\u00f5ige kaasaegsematele n\u00e4idetele ja ala viimastele arengutele. K\u00e4sitletavad teemad: tuumaf\u00fc\u00fcsika [&hellip;]<\/p>\n","protected":false},"author":13,"featured_media":0,"parent":0,"menu_order":0,"comment_status":"closed","ping_status":"closed","template":"","meta":{"site-sidebar-layout":"default","site-content-layout":"default","ast-site-content-layout":"default","site-content-style":"default","site-sidebar-style":"default","ast-global-header-display":"","ast-banner-title-visibility":"","ast-main-header-display":"","ast-hfb-above-header-display":"","ast-hfb-below-header-display":"","ast-hfb-mobile-header-display":"","site-post-title":"","ast-breadcrumbs-content":"","ast-featured-img":"","footer-sml-layout":"","ast-disable-related-posts":"","theme-transparent-header-meta":"default","adv-header-id-meta":"","stick-header-meta":"default","header-above-stick-meta":"","header-main-stick-meta":"","header-below-stick-meta":"","astra-migrate-meta-layouts":"default","ast-page-background-enabled":"default","ast-page-background-meta":{"desktop":{"background-color":"","background-image":"","background-repeat":"repeat","background-position":"center center","background-size":"auto","background-attachment":"scroll","background-type":"","background-media":"","overlay-type":"","overlay-color":"","overlay-opacity":"","overlay-gradient":""},"tablet":{"background-color":"","background-image":"","background-repeat":"repeat","background-position":"center center","background-size":"auto","background-attachment":"scroll","background-type":"","background-media":"","overlay-type":"","overlay-color":"","overlay-opacity":"","overlay-gradient":""},"mobile":{"background-color":"","background-image":"","background-repeat":"repeat","background-position":"center center","background-size":"auto","background-attachment":"scroll","background-type":"","background-media":"","overlay-type":"","overlay-color":"","overlay-opacity":"","overlay-gradient":""}},"ast-content-background-meta":{"desktop":{"background-color":"var(--ast-global-color-5)","background-image":"","background-repeat":"repeat","background-position":"center center","background-size":"auto","background-attachment":"scroll","background-type":"","background-media":"","overlay-type":"","overlay-color":"","overlay-opacity":"","overlay-gradient":""},"tablet":{"background-color":"var(--ast-global-color-5)","background-image":"","background-repeat":"repeat","background-position":"center center","background-size":"auto","background-attachment":"scroll","background-type":"","background-media":"","overlay-type":"","overlay-color":"","overlay-opacity":"","overlay-gradient":""},"mobile":{"background-color":"var(--ast-global-color-5)","background-image":"","background-repeat":"repeat","background-position":"center center","background-size":"auto","background-attachment":"scroll","background-type":"","background-media":"","overlay-type":"","overlay-color":"","overlay-opacity":"","overlay-gradient":""}},"footnotes":""},"class_list":["post-12061","page","type-page","status-publish","hentry"],"_links":{"self":[{"href":"https:\/\/fermi.ee\/ru\/wp-json\/wp\/v2\/pages\/12061","targetHints":{"allow":["GET"]}}],"collection":[{"href":"https:\/\/fermi.ee\/ru\/wp-json\/wp\/v2\/pages"}],"about":[{"href":"https:\/\/fermi.ee\/ru\/wp-json\/wp\/v2\/types\/page"}],"author":[{"embeddable":true,"href":"https:\/\/fermi.ee\/ru\/wp-json\/wp\/v2\/users\/13"}],"replies":[{"embeddable":true,"href":"https:\/\/fermi.ee\/ru\/wp-json\/wp\/v2\/comments?post=12061"}],"version-history":[{"count":6,"href":"https:\/\/fermi.ee\/ru\/wp-json\/wp\/v2\/pages\/12061\/revisions"}],"predecessor-version":[{"id":13735,"href":"https:\/\/fermi.ee\/ru\/wp-json\/wp\/v2\/pages\/12061\/revisions\/13735"}],"wp:attachment":[{"href":"https:\/\/fermi.ee\/ru\/wp-json\/wp\/v2\/media?parent=12061"}],"curies":[{"name":"wp","href":"https:\/\/api.w.org\/{rel}","templated":true}]}}