{"id":3223,"date":"2021-09-29T15:23:43","date_gmt":"2021-09-29T12:23:43","guid":{"rendered":"https:\/\/fermi.ee\/?page_id=3223"},"modified":"2025-03-05T10:11:31","modified_gmt":"2025-03-05T08:11:31","slug":"investorile","status":"publish","type":"page","link":"https:\/\/fermi.ee\/ru\/investorile\/","title":{"rendered":"\u0418\u043d\u0432\u0435\u0441\u0442\u043e\u0440\u044b"},"content":{"rendered":"<div data-elementor-type=\"wp-page\" data-elementor-id=\"3223\" class=\"elementor elementor-3223\" data-elementor-settings=\"{&quot;ha_cmc_init_switcher&quot;:&quot;no&quot;}\" data-elementor-post-type=\"page\">\n\t\t\t\t\t\t<section data-particle_enable=\"false\" data-particle-mobile-disabled=\"false\" class=\"elementor-section elementor-top-section elementor-element elementor-element-4b5d19e elementor-section-boxed elementor-section-height-default elementor-section-height-default\" data-id=\"4b5d19e\" data-element_type=\"section\" data-e-type=\"section\" data-settings=\"{&quot;_ha_eqh_enable&quot;:false}\">\n\t\t\t\t\t\t<div class=\"elementor-container elementor-column-gap-default\">\n\t\t\t\t\t<div class=\"elementor-column elementor-col-100 elementor-top-column elementor-element elementor-element-66fbb68\" data-id=\"66fbb68\" data-element_type=\"column\" data-e-type=\"column\">\n\t\t\t<div class=\"elementor-widget-wrap elementor-element-populated\">\n\t\t\t\t\t\t<div class=\"elementor-element elementor-element-7139acb elementor-widget elementor-widget-heading\" data-id=\"7139acb\" data-element_type=\"widget\" data-e-type=\"widget\" data-widget_type=\"heading.default\">\n\t\t\t\t<div class=\"elementor-widget-container\">\n\t\t\t\t\t<h1 class=\"elementor-heading-title elementor-size-default\">\u0418\u043d\u0432\u0435\u0441\u0442\u043e\u0440\u044b<\/h1>\t\t\t\t<\/div>\n\t\t\t\t<\/div>\n\t\t\t\t\t<\/div>\n\t\t<\/div>\n\t\t\t\t\t<\/div>\n\t\t<\/section>\n\t\t\t\t<section data-particle_enable=\"false\" data-particle-mobile-disabled=\"false\" class=\"elementor-section elementor-top-section elementor-element elementor-element-12d0ce0 elementor-section-boxed elementor-section-height-default elementor-section-height-default\" data-id=\"12d0ce0\" data-element_type=\"section\" data-e-type=\"section\" data-settings=\"{&quot;_ha_eqh_enable&quot;:false}\">\n\t\t\t\t\t\t<div class=\"elementor-container elementor-column-gap-default\">\n\t\t\t\t\t<div class=\"elementor-column elementor-col-100 elementor-top-column elementor-element elementor-element-2ef4109\" data-id=\"2ef4109\" data-element_type=\"column\" data-e-type=\"column\">\n\t\t\t<div class=\"elementor-widget-wrap elementor-element-populated\">\n\t\t\t\t\t\t<div class=\"elementor-element elementor-element-8e2c8f1 elementor-widget elementor-widget-text-editor\" data-id=\"8e2c8f1\" data-element_type=\"widget\" data-e-type=\"widget\" data-widget_type=\"text-editor.default\">\n\t\t\t\t<div class=\"elementor-widget-container\">\n\t\t\t\t\t\t\t\t\t<p>\u0410\u043a\u0446\u0438\u043e\u043d\u0435\u0440\u044b Fermi Energia AS \u0438\u043c\u0435\u044e\u0442 \u0437\u0430\u0449\u0438\u0449\u0435\u043d\u043d\u044b\u0439 \u043f\u0430\u0440\u043e\u043b\u0435\u043c \u0441\u0447\u0435\u0442, \u0441\u043e\u0437\u0434\u0430\u043d\u043d\u044b\u0439 <a href=\"https:\/\/fermi.ee\/shareholders\/\">andmeruum<\/a>. \u0427\u0442\u043e\u0431\u044b \u043f\u043e\u043b\u0443\u0447\u0438\u0442\u044c \u043f\u0430\u0440\u043e\u043b\u044c, \u0430\u043a\u0446\u0438\u043e\u043d\u0435\u0440 \u0434\u043e\u043b\u0436\u0435\u043d \u0441\u0432\u044f\u0437\u0430\u0442\u044c\u0441\u044f \u0441 \u043a\u043e\u043c\u043f\u0430\u043d\u0438\u0435\u0439 Fermi Energy.<\/p><p><strong>\u041f\u0440\u044f\u043c\u044b\u0435 \u0438\u043d\u0432\u0435\u0441\u0442\u0438\u0446\u0438\u0438<\/strong><\/p><p><span style=\"font-size: 18px;\">\u0415\u0441\u043b\u0438 \u0432\u044b \u0437\u0430\u0438\u043d\u0442\u0435\u0440\u0435\u0441\u043e\u0432\u0430\u043d\u044b \u0432 \u043f\u0440\u044f\u043c\u044b\u0445 \u0438\u043d\u0432\u0435\u0441\u0442\u0438\u0446\u0438\u044f\u0445 \u0432 AS Fermi Energi, \u043f\u043e\u0436\u0430\u043b\u0443\u0439\u0441\u0442\u0430, \u0441\u0432\u044f\u0436\u0438\u0442\u0435\u0441\u044c \u0441 \u043d\u0430\u043c\u0438 \u043f\u043e \u0430\u0434\u0440\u0435\u0441\u0443 info@fermi.ee.<\/span><\/p>\t\t\t\t\t\t\t\t<\/div>\n\t\t\t\t<\/div>\n\t\t\t\t<div class=\"elementor-element elementor-element-6460842 elementor-widget elementor-widget-text-editor\" data-id=\"6460842\" data-element_type=\"widget\" data-e-type=\"widget\" data-widget_type=\"text-editor.default\">\n\t\t\t\t<div class=\"elementor-widget-container\">\n\t\t\t\t\t\t\t\t\t<p><strong style=\"font-size: 18px; font-style: normal;\">Funderbeam<\/strong><\/p>\t\t\t\t\t\t\t\t<\/div>\n\t\t\t\t<\/div>\n\t\t\t\t<section data-particle_enable=\"false\" data-particle-mobile-disabled=\"false\" class=\"elementor-section elementor-inner-section elementor-element elementor-element-475b7cf elementor-section-boxed elementor-section-height-default elementor-section-height-default\" data-id=\"475b7cf\" data-element_type=\"section\" data-e-type=\"section\" data-settings=\"{&quot;_ha_eqh_enable&quot;:false}\">\n\t\t\t\t\t\t<div class=\"elementor-container elementor-column-gap-default\">\n\t\t\t\t\t<div class=\"elementor-column elementor-col-50 elementor-inner-column elementor-element elementor-element-7771623\" data-id=\"7771623\" data-element_type=\"column\" data-e-type=\"column\">\n\t\t\t<div class=\"elementor-widget-wrap elementor-element-populated\">\n\t\t\t\t\t\t<div class=\"elementor-element elementor-element-68b86da elementor-widget elementor-widget-image\" data-id=\"68b86da\" data-element_type=\"widget\" data-e-type=\"widget\" data-widget_type=\"image.default\">\n\t\t\t\t<div class=\"elementor-widget-container\">\n\t\t\t\t\t\t\t\t\t\t\t\t\t\t\t\t<a href=\"https:\/\/www.funderbeam.com\/company\/fermi-energia\">\n\t\t\t\t\t\t\t<img decoding=\"async\" width=\"150\" height=\"150\" src=\"https:\/\/fermi.ee\/wp-content\/uploads\/2021\/09\/1-a0vpx5adwkvr-hltlubatq-150x150.jpeg\" class=\"attachment-thumbnail size-thumbnail wp-image-3225\" alt=\"\" srcset=\"https:\/\/fermi.ee\/wp-content\/uploads\/2021\/09\/1-a0vpx5adwkvr-hltlubatq-150x150.jpeg 150w, https:\/\/fermi.ee\/wp-content\/uploads\/2021\/09\/1-a0vpx5adwkvr-hltlubatq-300x300.jpeg 300w, https:\/\/fermi.ee\/wp-content\/uploads\/2021\/09\/1-a0vpx5adwkvr-hltlubatq-1024x1024.jpeg 1024w, https:\/\/fermi.ee\/wp-content\/uploads\/2021\/09\/1-a0vpx5adwkvr-hltlubatq-768x768.jpeg 768w, https:\/\/fermi.ee\/wp-content\/uploads\/2021\/09\/1-a0vpx5adwkvr-hltlubatq-12x12.jpeg 12w, https:\/\/fermi.ee\/wp-content\/uploads\/2021\/09\/1-a0vpx5adwkvr-hltlubatq.jpeg 1080w\" sizes=\"(max-width: 150px) 100vw, 150px\" \/>\t\t\t\t\t\t\t\t<\/a>\n\t\t\t\t\t\t\t\t\t\t\t\t\t\t\t<\/div>\n\t\t\t\t<\/div>\n\t\t\t\t\t<\/div>\n\t\t<\/div>\n\t\t\t\t<div class=\"elementor-column elementor-col-50 elementor-inner-column elementor-element elementor-element-75a65c8\" data-id=\"75a65c8\" data-element_type=\"column\" data-e-type=\"column\">\n\t\t\t<div class=\"elementor-widget-wrap elementor-element-populated\">\n\t\t\t\t\t\t<div class=\"elementor-element elementor-element-349f148 elementor-widget elementor-widget-text-editor\" data-id=\"349f148\" data-element_type=\"widget\" data-e-type=\"widget\" data-widget_type=\"text-editor.default\">\n\t\t\t\t<div class=\"elementor-widget-container\">\n\t\t\t\t\t\t\t\t\t<p>\u0410\u043a\u0446\u0438\u0438 Fermi Energy \u0442\u043e\u0440\u0433\u0443\u044e\u0442\u0441\u044f <a href=\"https:\/\/www.funderbeam.com\/company\/fermi-energia\">\u0424\u0430\u043d\u0434\u0435\u0440\u0431\u0435\u043c\u0438<\/a> \u0438\u043d\u0432\u0435\u0441\u0442\u0438\u0446\u0438\u043e\u043d\u043d\u0430\u044f \u043f\u043b\u0430\u0442\u0444\u043e\u0440\u043c\u0430. \u0422\u043e\u0440\u0433\u0438 \u043e\u0442\u043a\u0440\u044b\u0442\u044b \u0435\u0436\u0435\u043a\u0432\u0430\u0440\u0442\u0430\u043b\u044c\u043d\u043e \u0432 \u0442\u0435\u0447\u0435\u043d\u0438\u0435 \u0434\u0432\u0443\u0445 \u043d\u0435\u0434\u0435\u043b\u044c \u043f\u043e\u0441\u043b\u0435 \u043f\u0443\u0431\u043b\u0438\u043a\u0430\u0446\u0438\u0438 \u043a\u0432\u0430\u0440\u0442\u0430\u043b\u044c\u043d\u043e\u0433\u043e \u043e\u0442\u0447\u0435\u0442\u0430.<\/p>\t\t\t\t\t\t\t\t<\/div>\n\t\t\t\t<\/div>\n\t\t\t\t\t<\/div>\n\t\t<\/div>\n\t\t\t\t\t<\/div>\n\t\t<\/section>\n\t\t\t\t<div class=\"elementor-element elementor-element-48003e3 elementor-widget elementor-widget-spacer\" data-id=\"48003e3\" data-element_type=\"widget\" data-e-type=\"widget\" data-widget_type=\"spacer.default\">\n\t\t\t\t<div class=\"elementor-widget-container\">\n\t\t\t\t\t\t\t<div class=\"elementor-spacer\">\n\t\t\t<div class=\"elementor-spacer-inner\"><\/div>\n\t\t<\/div>\n\t\t\t\t\t\t<\/div>\n\t\t\t\t<\/div>\n\t\t\t\t<div class=\"elementor-element elementor-element-68dfa9e elementor-widget elementor-widget-heading\" data-id=\"68dfa9e\" data-element_type=\"widget\" data-e-type=\"widget\" data-widget_type=\"heading.default\">\n\t\t\t\t<div class=\"elementor-widget-container\">\n\t\t\t\t\t<h2 class=\"elementor-heading-title elementor-size-default\">\u0418\u043d\u0432\u0435\u0441\u0442\u0438\u0446\u0438\u043e\u043d\u043d\u044b\u0435 \u043a\u043e\u043b\u044c\u0446\u0430<\/h2>\t\t\t\t<\/div>\n\t\t\t\t<\/div>\n\t\t\t\t<div class=\"elementor-element elementor-element-1c566a8 elementor-widget elementor-widget-text-editor\" data-id=\"1c566a8\" data-element_type=\"widget\" data-e-type=\"widget\" data-widget_type=\"text-editor.default\">\n\t\t\t\t<div class=\"elementor-widget-container\">\n\t\t\t\t\t\t\t\t\t<table style=\"border-collapse: collapse; width: 67.1189%;\"><tbody><tr><td style=\"width: 12.6147%;\">31 \u043c\u0430\u0440\u0442\u0430 2023 \u0433.<\/td><td style=\"width: 2.55754%;\"><strong>1.71m<\/strong><\/td><td style=\"width: 20.2778%;\">\u0427\u0430\u0441\u0442\u043d\u044b\u0439 \u043a\u0430\u043f\u0438\u0442\u0430\u043b<\/td><td style=\"width: 21.0769%;\">\u00a0<\/td><\/tr><tr><td style=\"width: 12.6147%;\"><div class=\"th-date display-cell\">27 \u0444\u0435\u0432\u0440\u0430\u043b\u044f 2022 \u0433.<\/div><\/td><td style=\"width: 2.55754%;\"><strong>1.62m<\/strong><\/td><td style=\"width: 20.2778%;\">\u0427\u0430\u0441\u0442\u043d\u044b\u0439 \u043a\u0430\u043f\u0438\u0442\u0430\u043b<\/td><td style=\"width: 21.0769%;\">\u042d\u0441\u0442\u043e\u043d\u0441\u043a\u0438\u0435 \u0447\u0430\u0441\u0442\u043d\u044b\u0435 \u0438\u043d\u0432\u0435\u0441\u0442\u043e\u0440\u044b \u0438 \u043a\u043e\u043c\u043f\u0430\u043d\u0438\u044f Vattenfall AB \u043f\u0440\u043e\u0434\u043e\u043b\u0436\u0430\u044e\u0442 \u0438\u043d\u0432\u0435\u0441\u0442\u0438\u0446\u0438\u0438.<\/td><\/tr><tr><td style=\"width: 12.6147%;\">14 \u0438\u044e\u043b\u044f 2021 \u0433.<\/td><td style=\"width: 2.55754%;\"><strong>1.00m<\/strong><\/td><td style=\"width: 20.2778%;\">\u0427\u0430\u0441\u0442\u043d\u044b\u0439 \u043a\u0430\u043f\u0438\u0442\u0430\u043b<\/td><td style=\"width: 21.0769%;\">\u00a0<\/td><\/tr><tr><td style=\"width: 12.6147%;\">31 \u043c\u0430\u0440\u0442\u0430 2021 \u0433.<\/td><td style=\"width: 2.55754%;\"><strong>500k<\/strong><\/td><td style=\"width: 20.2778%;\">\u0427\u0430\u0441\u0442\u043d\u044b\u0439 \u043a\u0430\u043f\u0438\u0442\u0430\u043b<\/td><td style=\"width: 21.0769%;\">\u00a0<\/td><\/tr><tr><td style=\"width: 12.6147%;\">31 \u043c\u0430\u0440\u0442\u0430 2021 \u0433.<\/td><td style=\"width: 2.55754%;\"><strong>1.68m<\/strong><\/td><td style=\"width: 20.2778%;\">\u041a\u0440\u0430\u0443\u0434\u0444\u0430\u043d\u0434\u0438\u043d\u0433 \u0430\u043a\u0446\u0438\u043e\u043d\u0435\u0440\u043d\u043e\u0433\u043e \u043a\u0430\u043f\u0438\u0442\u0430\u043b\u0430<\/td><td style=\"width: 21.0769%;\">Funderbeam Markets AS<\/td><\/tr><tr><td style=\"width: 12.6147%;\">31 \u0434\u0435\u043a\u0430\u0431\u0440\u044f 2020 \u0433.<\/td><td style=\"width: 2.55754%;\"><strong>300k<\/strong><\/td><td style=\"width: 20.2778%;\">\u041f\u043e\u0441\u0435\u0432\u043d\u043e\u0439 \u0440\u0430\u0443\u043d\u0434<\/td><td style=\"width: 21.0769%;\">\u00a0<\/td><\/tr><tr><td style=\"width: 12.6147%;\">31 \u0434\u0435\u043a\u0430\u0431\u0440\u044f 2019 \u0433.<\/td><td style=\"width: 2.55754%;\"><strong>260k<\/strong><\/td><td style=\"width: 20.2778%;\">\u0410\u043d\u0433\u0435\u043b\u044c\u0441\u043a\u0438\u0439 \u043a\u0440\u0443\u0433<\/td><td style=\"width: 21.0769%;\">\u00a0<\/td><\/tr><\/tbody><\/table>\t\t\t\t\t\t\t\t<\/div>\n\t\t\t\t<\/div>\n\t\t\t\t<div class=\"elementor-element elementor-element-e053a80 elementor-widget elementor-widget-spacer\" data-id=\"e053a80\" data-element_type=\"widget\" data-e-type=\"widget\" data-widget_type=\"spacer.default\">\n\t\t\t\t<div class=\"elementor-widget-container\">\n\t\t\t\t\t\t\t<div class=\"elementor-spacer\">\n\t\t\t<div class=\"elementor-spacer-inner\"><\/div>\n\t\t<\/div>\n\t\t\t\t\t\t<\/div>\n\t\t\t\t<\/div>\n\t\t\t\t<div class=\"elementor-element elementor-element-a612fd8 elementor-widget__width-initial elementor-widget elementor-widget-text-editor\" data-id=\"a612fd8\" data-element_type=\"widget\" data-e-type=\"widget\" data-widget_type=\"text-editor.default\">\n\t\t\t\t<div class=\"elementor-widget-container\">\n\t\t\t\t\t\t\t\t\t<h2 style=\"text-align: left;\">\u0418\u043d\u0432\u0435\u0441\u0442\u043e\u0440\u044b<\/h2>\n<table style=\"border-collapse: collapse; width: 100%; text-align: center;\">\n  <tbody>\n    <tr>\n      <td style=\"width: 33%; vertical-align: middle;\">\n        <a href=\"https:\/\/fermi.ee\/wp-content\/uploads\/2025\/02\/vattenfall-logo1.svg\">\n          <img decoding=\"async\" src=\"https:\/\/fermi.ee\/wp-content\/uploads\/2025\/02\/vattenfall-logo1.svg\" alt=\"\u041b\u043e\u0433\u043e\u0442\u0438\u043f Vattenfall\" width=\"150\" height=\"100\" \/>\n        <\/a>\n      <\/td>\n      <td style=\"width: 33%; vertical-align: middle;\">\n        <a href=\"https:\/\/fermi.ee\/wp-content\/uploads\/2025\/02\/65ba07732572131604e13c0f-kaamos-logo.jpeg\">\n          <img decoding=\"async\" src=\"https:\/\/fermi.ee\/wp-content\/uploads\/2025\/02\/65ba07732572131604e13c0f-kaamos-logo-150x150.jpeg\" alt=\"\u041b\u043e\u0433\u043e\u0442\u0438\u043f \u041a\u0430\u0430\u043c\u043e\u0441\u0430\" width=\"150\" height=\"100\" \/>\n        <\/a>\n      <\/td>\n      <td style=\"width: 33%; vertical-align: middle;\">\n        <a href=\"https:\/\/fermi.ee\/wp-content\/uploads\/2025\/02\/estiko-logo-2024.svg\">\n          <img loading=\"lazy\" decoding=\"async\" src=\"https:\/\/fermi.ee\/wp-content\/uploads\/2025\/02\/estiko-logo-2024.svg\" alt=\"\u041b\u043e\u0433\u043e\u0442\u0438\u043f Estiko\" width=\"150\" height=\"100\" \/>\n        <\/a>\n      <\/td>\n    <\/tr>\n    <tr>\n      <td style=\"width: 33%; vertical-align: middle;\">\n        <a href=\"https:\/\/fermi.ee\/wp-content\/uploads\/2025\/02\/colorlogowithbackground.png\">\n          <img loading=\"lazy\" decoding=\"async\" src=\"https:\/\/fermi.ee\/wp-content\/uploads\/2025\/02\/colorlogowithbackground-300x73.png\" alt=\"\u0426\u0432\u0435\u0442\u043d\u043e\u0439 \u043b\u043e\u0433\u043e\u0442\u0438\u043f\" width=\"150\" height=\"100\" \/>\n        <\/a>\n      <\/td>\n      <td style=\"width: 33%; vertical-align: middle;\">\n        <a href=\"https:\/\/fermi.ee\/wp-content\/uploads\/2025\/02\/logo-tractebel.svg\">\n          <img loading=\"lazy\" decoding=\"async\" src=\"https:\/\/fermi.ee\/wp-content\/uploads\/2025\/02\/logo-tractebel.svg\" alt=\"\u041b\u043e\u0433\u043e\u0442\u0438\u043f Tractebel\" width=\"150\" height=\"100\" \/>\n        <\/a>\n      <\/td>\n      <td style=\"width: 33%; vertical-align: middle;\">\n        <a href=\"https:\/\/fermi.ee\/wp-content\/uploads\/2025\/02\/649b3ef7dc76188fbb1e1db3-le-midnight-logo.svg\">\n          <img loading=\"lazy\" decoding=\"async\" src=\"https:\/\/fermi.ee\/wp-content\/uploads\/2025\/02\/649b3ef7dc76188fbb1e1db3-le-midnight-logo.svg\" alt=\"\u041f\u043e\u043b\u0443\u043d\u043e\u0447\u043d\u044b\u0439 \u043b\u043e\u0433\u043e\u0442\u0438\u043f\" width=\"150\" height=\"100\" \/>\n        <\/a>\n      <\/td>\n    <\/tr>\n    <tr>\n      <td style=\"width: 33%; vertical-align: middle;\">\n        <a href=\"https:\/\/fermi.ee\/wp-content\/uploads\/2025\/02\/funderbeam-logo-full.svg\">\n          <img loading=\"lazy\" decoding=\"async\" src=\"https:\/\/fermi.ee\/wp-content\/uploads\/2025\/02\/funderbeam-logo-full.svg\" alt=\"\u041b\u043e\u0433\u043e\u0442\u0438\u043f Funderbeam\" width=\"150\" height=\"100\" \/>\n        <\/a>\n      <\/td>\n      <td style=\"width: 33%; vertical-align: middle;\"><\/td>\n      <td style=\"width: 33%; vertical-align: middle;\"><\/td>\n    <\/tr>\n  <\/tbody>\n<\/table>\t\t\t\t\t\t\t\t<\/div>\n\t\t\t\t<\/div>\n\t\t\t\t\t<\/div>\n\t\t<\/div>\n\t\t\t\t\t<\/div>\n\t\t<\/section>\n\t\t\t\t<\/div>","protected":false},"excerpt":{"rendered":"<p>Investorid Fermi Energia AS aktsion\u00e4ridele on loodud parooliga kaitstud andmeruum. Parooli saamiseks tuleb aktsion\u00e4ril p\u00f6\u00f6rduda Fermi Energia poole. Otseinvesteeringud Kui olete huvitatud otseinvesteeringust AS Fermi Energiasse, palun v\u00f5tke meiega \u00fchendust aadressil info@fermi.ee. Funderbeam Fermi Energia [&hellip;]<\/p>\n","protected":false},"author":8,"featured_media":0,"parent":0,"menu_order":0,"comment_status":"closed","ping_status":"closed","template":"","meta":{"site-sidebar-layout":"no-sidebar","site-content-layout":"page-builder","ast-site-content-layout":"default","site-content-style":"default","site-sidebar-style":"default","ast-global-header-display":"","ast-banner-title-visibility":"","ast-main-header-display":"","ast-hfb-above-header-display":"","ast-hfb-below-header-display":"","ast-hfb-mobile-header-display":"","site-post-title":"disabled","ast-breadcrumbs-content":"","ast-featured-img":"disabled","footer-sml-layout":"","ast-disable-related-posts":"","theme-transparent-header-meta":"default","adv-header-id-meta":"","stick-header-meta":"default","header-above-stick-meta":"","header-main-stick-meta":"","header-below-stick-meta":"","astra-migrate-meta-layouts":"default","ast-page-background-enabled":"default","ast-page-background-meta":{"desktop":{"background-color":"","background-image":"","background-repeat":"repeat","background-position":"center center","background-size":"auto","background-attachment":"scroll","background-type":"","background-media":"","overlay-type":"","overlay-color":"","overlay-opacity":"","overlay-gradient":""},"tablet":{"background-color":"","background-image":"","background-repeat":"repeat","background-position":"center center","background-size":"auto","background-attachment":"scroll","background-type":"","background-media":"","overlay-type":"","overlay-color":"","overlay-opacity":"","overlay-gradient":""},"mobile":{"background-color":"","background-image":"","background-repeat":"repeat","background-position":"center center","background-size":"auto","background-attachment":"scroll","background-type":"","background-media":"","overlay-type":"","overlay-color":"","overlay-opacity":"","overlay-gradient":""}},"ast-content-background-meta":{"desktop":{"background-color":"var(--ast-global-color-5)","background-image":"","background-repeat":"repeat","background-position":"center center","background-size":"auto","background-attachment":"scroll","background-type":"","background-media":"","overlay-type":"","overlay-color":"","overlay-opacity":"","overlay-gradient":""},"tablet":{"background-color":"var(--ast-global-color-5)","background-image":"","background-repeat":"repeat","background-position":"center center","background-size":"auto","background-attachment":"scroll","background-type":"","background-media":"","overlay-type":"","overlay-color":"","overlay-opacity":"","overlay-gradient":""},"mobile":{"background-color":"var(--ast-global-color-5)","background-image":"","background-repeat":"repeat","background-position":"center center","background-size":"auto","background-attachment":"scroll","background-type":"","background-media":"","overlay-type":"","overlay-color":"","overlay-opacity":"","overlay-gradient":""}},"footnotes":""},"class_list":["post-3223","page","type-page","status-publish","hentry"],"_links":{"self":[{"href":"https:\/\/fermi.ee\/ru\/wp-json\/wp\/v2\/pages\/3223","targetHints":{"allow":["GET"]}}],"collection":[{"href":"https:\/\/fermi.ee\/ru\/wp-json\/wp\/v2\/pages"}],"about":[{"href":"https:\/\/fermi.ee\/ru\/wp-json\/wp\/v2\/types\/page"}],"author":[{"embeddable":true,"href":"https:\/\/fermi.ee\/ru\/wp-json\/wp\/v2\/users\/8"}],"replies":[{"embeddable":true,"href":"https:\/\/fermi.ee\/ru\/wp-json\/wp\/v2\/comments?post=3223"}],"version-history":[{"count":105,"href":"https:\/\/fermi.ee\/ru\/wp-json\/wp\/v2\/pages\/3223\/revisions"}],"predecessor-version":[{"id":14189,"href":"https:\/\/fermi.ee\/ru\/wp-json\/wp\/v2\/pages\/3223\/revisions\/14189"}],"wp:attachment":[{"href":"https:\/\/fermi.ee\/ru\/wp-json\/wp\/v2\/media?parent=3223"}],"curies":[{"name":"wp","href":"https:\/\/api.w.org\/{rel}","templated":true}]}}