{"id":33,"date":"2019-08-08T15:50:27","date_gmt":"2019-08-08T12:50:27","guid":{"rendered":"https:\/\/fermi.local\/?page_id=33"},"modified":"2019-09-22T20:47:48","modified_gmt":"2019-09-22T17:47:48","slug":"visioon-ja-missioon","status":"publish","type":"page","link":"https:\/\/fermi.ee\/ru\/visioon-ja-missioon\/","title":{"rendered":"\u0412\u0438\u0434\u0435\u043d\u0438\u0435 \u0438 \u043c\u0438\u0441\u0441\u0438\u044f"},"content":{"rendered":"<p>\u041c\u0418\u0421\u0421\u0418\u042f<\/p>\n<p>\u041c\u044b \u0432\u0432\u043e\u0434\u0438\u043c \u044d\u043d\u0435\u0440\u0433\u0435\u0442\u0438\u043a\u0443 \u042d\u0441\u0442\u043e\u043d\u0438\u0438 \u0432 XXI \u0432\u0435\u043a, \u0441\u043e\u0437\u0434\u0430\u0432\u0430\u044f \u0441\u043e\u0432\u0440\u0435\u043c\u0435\u043d\u043d\u0443\u044e \u043d\u0435\u0431\u043e\u043b\u044c\u0448\u0443\u044e \u0430\u0442\u043e\u043c\u043d\u0443\u044e \u044d\u043b\u0435\u043a\u0442\u0440\u043e\u0441\u0442\u0430\u043d\u0446\u0438\u044e, \u043a\u043e\u0442\u043e\u0440\u0430\u044f \u043e\u0431\u0435\u0441\u043f\u0435\u0447\u0438\u0442 \u043d\u0430\u0434\u0435\u0436\u043d\u043e\u0441\u0442\u044c \u044d\u043b\u0435\u043a\u0442\u0440\u043e\u0441\u043d\u0430\u0431\u0436\u0435\u043d\u0438\u044f \u042d\u0441\u0442\u043e\u043d\u0438\u0438 \u0432 \u043b\u044e\u0431\u0443\u044e \u043f\u043e\u0433\u043e\u0434\u0443, \u0434\u043e\u0441\u0442\u0443\u043f\u043d\u044b\u0435 \u0446\u0435\u043d\u044b \u0434\u043b\u044f \u043f\u043e\u0442\u0440\u0435\u0431\u0438\u0442\u0435\u043b\u0435\u0439 \u044d\u043b\u0435\u043a\u0442\u0440\u043e\u044d\u043d\u0435\u0440\u0433\u0438\u0438 \u0438 \u0434\u043e\u0441\u0442\u0438\u0436\u0435\u043d\u0438\u0435 \u043a\u043b\u0438\u043c\u0430\u0442\u0438\u0447\u0435\u0441\u043a\u0438\u0445 \u0446\u0435\u043b\u0435\u0439 \u0441\u0442\u0440\u0430\u043d\u044b.<\/p>\n<p>&nbsp;<\/p>\n<p>\u0412\u0418\u0414\u0415\u041e<\/p>\n<p>\u041a 2035 \u0433\u043e\u0434\u0443 \u042d\u0441\u0442\u043e\u043d\u0438\u044f \u0432\u043e\u0441\u0441\u0442\u0430\u043d\u043e\u0432\u0438\u0442 \u0441\u0432\u043e\u044e \u044d\u043d\u0435\u0440\u0433\u0435\u0442\u0438\u0447\u0435\u0441\u043a\u0443\u044e \u043d\u0435\u0437\u0430\u0432\u0438\u0441\u0438\u043c\u043e\u0441\u0442\u044c, \u0430 \u043f\u0440\u043e\u0438\u0437\u0432\u043e\u0434\u0441\u0442\u0432\u043e \u044d\u043b\u0435\u043a\u0442\u0440\u043e\u044d\u043d\u0435\u0440\u0433\u0438\u0438 \u0431\u0443\u0434\u0435\u0442 \u0447\u0438\u0441\u0442\u044b\u043c, \u0431\u0435\u0437\u043e\u043f\u0430\u0441\u043d\u044b\u043c, \u0434\u043e\u0441\u0442\u0443\u043f\u043d\u044b\u043c \u0438 \u0443\u0433\u043b\u0435\u0440\u043e\u0434\u043d\u043e-\u043d\u0435\u0439\u0442\u0440\u0430\u043b\u044c\u043d\u044b\u043c \u0431\u043b\u0430\u0433\u043e\u0434\u0430\u0440\u044f \u043d\u043e\u0432\u043e\u043c\u0443 \u043f\u043e\u043a\u043e\u043b\u0435\u043d\u0438\u044e \u0430\u0442\u043e\u043c\u043d\u044b\u0445 \u044d\u043b\u0435\u043a\u0442\u0440\u043e\u0441\u0442\u0430\u043d\u0446\u0438\u0439.<\/p>","protected":false},"excerpt":{"rendered":"<p>MISSIOON Toome Eesti energiatootmise 21. sajandisse, arendades kaasaegse v\u00e4ikse tuumajaama, mis tagab Eesti varustuskindluse elektriga iga ilmaga, soodsa hinna elektritarbijatele ning riigi kliimaeesm\u00e4rkide t\u00e4itmise. &nbsp; VISIOON Aastaks 2035 on Eesti taastanud enda energias\u00f5ltumatuse ning elektritootmine [&hellip;]<\/p>\n","protected":false},"author":1,"featured_media":0,"parent":0,"menu_order":0,"comment_status":"closed","ping_status":"closed","template":"","meta":{"site-sidebar-layout":"default","site-content-layout":"default","ast-site-content-layout":"default","site-content-style":"default","site-sidebar-style":"default","ast-global-header-display":"","ast-banner-title-visibility":"","ast-main-header-display":"","ast-hfb-above-header-display":"","ast-hfb-below-header-display":"","ast-hfb-mobile-header-display":"","site-post-title":"","ast-breadcrumbs-content":"","ast-featured-img":"","footer-sml-layout":"","ast-disable-related-posts":"","theme-transparent-header-meta":"default","adv-header-id-meta":"","stick-header-meta":"default","header-above-stick-meta":"","header-main-stick-meta":"","header-below-stick-meta":"","astra-migrate-meta-layouts":"default","ast-page-background-enabled":"default","ast-page-background-meta":{"desktop":{"background-color":"","background-image":"","background-repeat":"repeat","background-position":"center center","background-size":"auto","background-attachment":"scroll","background-type":"","background-media":"","overlay-type":"","overlay-color":"","overlay-opacity":"","overlay-gradient":""},"tablet":{"background-color":"","background-image":"","background-repeat":"repeat","background-position":"center center","background-size":"auto","background-attachment":"scroll","background-type":"","background-media":"","overlay-type":"","overlay-color":"","overlay-opacity":"","overlay-gradient":""},"mobile":{"background-color":"","background-image":"","background-repeat":"repeat","background-position":"center center","background-size":"auto","background-attachment":"scroll","background-type":"","background-media":"","overlay-type":"","overlay-color":"","overlay-opacity":"","overlay-gradient":""}},"ast-content-background-meta":{"desktop":{"background-color":"var(--ast-global-color-5)","background-image":"","background-repeat":"repeat","background-position":"center center","background-size":"auto","background-attachment":"scroll","background-type":"","background-media":"","overlay-type":"","overlay-color":"","overlay-opacity":"","overlay-gradient":""},"tablet":{"background-color":"var(--ast-global-color-5)","background-image":"","background-repeat":"repeat","background-position":"center center","background-size":"auto","background-attachment":"scroll","background-type":"","background-media":"","overlay-type":"","overlay-color":"","overlay-opacity":"","overlay-gradient":""},"mobile":{"background-color":"var(--ast-global-color-5)","background-image":"","background-repeat":"repeat","background-position":"center center","background-size":"auto","background-attachment":"scroll","background-type":"","background-media":"","overlay-type":"","overlay-color":"","overlay-opacity":"","overlay-gradient":""}},"footnotes":""},"class_list":["post-33","page","type-page","status-publish","hentry"],"_links":{"self":[{"href":"https:\/\/fermi.ee\/ru\/wp-json\/wp\/v2\/pages\/33","targetHints":{"allow":["GET"]}}],"collection":[{"href":"https:\/\/fermi.ee\/ru\/wp-json\/wp\/v2\/pages"}],"about":[{"href":"https:\/\/fermi.ee\/ru\/wp-json\/wp\/v2\/types\/page"}],"author":[{"embeddable":true,"href":"https:\/\/fermi.ee\/ru\/wp-json\/wp\/v2\/users\/1"}],"replies":[{"embeddable":true,"href":"https:\/\/fermi.ee\/ru\/wp-json\/wp\/v2\/comments?post=33"}],"version-history":[{"count":4,"href":"https:\/\/fermi.ee\/ru\/wp-json\/wp\/v2\/pages\/33\/revisions"}],"predecessor-version":[{"id":439,"href":"https:\/\/fermi.ee\/ru\/wp-json\/wp\/v2\/pages\/33\/revisions\/439"}],"wp:attachment":[{"href":"https:\/\/fermi.ee\/ru\/wp-json\/wp\/v2\/media?parent=33"}],"curies":[{"name":"wp","href":"https:\/\/api.w.org\/{rel}","templated":true}]}}