{"id":3612,"date":"2021-10-25T15:55:45","date_gmt":"2021-10-25T12:55:45","guid":{"rendered":"https:\/\/fermi.ee\/?page_id=3612"},"modified":"2022-10-13T15:25:08","modified_gmt":"2022-10-13T12:25:08","slug":"privaatsuspoliitika","status":"publish","type":"page","link":"https:\/\/fermi.ee\/ru\/privaatsuspoliitika\/","title":{"rendered":"\u041f\u043e\u043b\u0438\u0442\u0438\u043a\u0430 \u043a\u043e\u043d\u0444\u0438\u0434\u0435\u043d\u0446\u0438\u0430\u043b\u044c\u043d\u043e\u0441\u0442\u0438"},"content":{"rendered":"<h3 id=\"privaatsuspoliitika-n\u00e4idis\">\u041f\u043e\u043b\u0438\u0442\u0438\u043a\u0430 \u043a\u043e\u043d\u0444\u0438\u0434\u0435\u043d\u0446\u0438\u0430\u043b\u044c\u043d\u043e\u0441\u0442\u0438<\/h3>\n<p><strong>1. \u043e\u0431\u0449\u0438\u0435 \u043f\u043e\u043b\u043e\u0436\u0435\u043d\u0438\u044f<\/strong><\/p>\n<p>1.1 \u041d\u0430\u0441\u0442\u043e\u044f\u0449\u0430\u044f \u041f\u043e\u043b\u0438\u0442\u0438\u043a\u0430 \u043a\u043e\u043d\u0444\u0438\u0434\u0435\u043d\u0446\u0438\u0430\u043b\u044c\u043d\u043e\u0441\u0442\u0438 \u0443\u0441\u0442\u0430\u043d\u0430\u0432\u043b\u0438\u0432\u0430\u0435\u0442 \u043f\u0440\u0438\u043d\u0446\u0438\u043f\u044b, \u0440\u0435\u0433\u0443\u043b\u0438\u0440\u0443\u044e\u0449\u0438\u0435 \u0441\u0431\u043e\u0440, \u043e\u0431\u0440\u0430\u0431\u043e\u0442\u043a\u0443 \u0438 \u0445\u0440\u0430\u043d\u0435\u043d\u0438\u0435 \u043f\u0435\u0440\u0441\u043e\u043d\u0430\u043b\u044c\u043d\u044b\u0445 \u0434\u0430\u043d\u043d\u044b\u0445. \u0421\u0431\u043e\u0440, \u043e\u0431\u0440\u0430\u0431\u043e\u0442\u043a\u0430 \u0438 \u0445\u0440\u0430\u043d\u0435\u043d\u0438\u0435 \u043f\u0435\u0440\u0441\u043e\u043d\u0430\u043b\u044c\u043d\u044b\u0445 \u0434\u0430\u043d\u043d\u044b\u0445 \u043e\u0441\u0443\u0449\u0435\u0441\u0442\u0432\u043b\u044f\u0435\u0442\u0441\u044f \u043a\u043e\u043d\u0442\u0440\u043e\u043b\u0435\u0440\u043e\u043c \u043f\u0435\u0440\u0441\u043e\u043d\u0430\u043b\u044c\u043d\u044b\u0445 \u0434\u0430\u043d\u043d\u044b\u0445, \u043a\u043e\u043c\u043f\u0430\u043d\u0438\u0435\u0439 Fermi Energia AS (\u0434\u0430\u043b\u0435\u0435 - \u043a\u043e\u043d\u0442\u0440\u043e\u043b\u0435\u0440 \u0434\u0430\u043d\u043d\u044b\u0445).<\/p>\n<p>1.2. \u0414\u043b\u044f \u0446\u0435\u043b\u0435\u0439 \u043d\u0430\u0441\u0442\u043e\u044f\u0449\u0435\u0439 \u041f\u043e\u043b\u0438\u0442\u0438\u043a\u0438 \u043a\u043e\u043d\u0444\u0438\u0434\u0435\u043d\u0446\u0438\u0430\u043b\u044c\u043d\u043e\u0441\u0442\u0438 \u0441\u0443\u0431\u044a\u0435\u043a\u0442 \u0434\u0430\u043d\u043d\u044b\u0445 - \u044d\u0442\u043e \u0444\u0438\u0437\u0438\u0447\u0435\u0441\u043a\u043e\u0435 \u043b\u0438\u0446\u043e, \u0447\u044c\u0438 \u043f\u0435\u0440\u0441\u043e\u043d\u0430\u043b\u044c\u043d\u044b\u0435 \u0434\u0430\u043d\u043d\u044b\u0435 \u043e\u0431\u0440\u0430\u0431\u0430\u0442\u044b\u0432\u0430\u0435\u0442 \u043e\u0431\u0440\u0430\u0431\u043e\u0442\u0447\u0438\u043a \u0434\u0430\u043d\u043d\u044b\u0445.<\/p>\n<p>1.3 \u041e\u0431\u0440\u0430\u0431\u043e\u0442\u0447\u0438\u043a \u0434\u0430\u043d\u043d\u044b\u0445 \u0434\u043e\u043b\u0436\u0435\u043d \u0441\u043e\u0431\u043b\u044e\u0434\u0430\u0442\u044c \u043f\u0440\u0438\u043d\u0446\u0438\u043f\u044b \u043e\u0431\u0440\u0430\u0431\u043e\u0442\u043a\u0438 \u0434\u0430\u043d\u043d\u044b\u0445, \u0438\u0437\u043b\u043e\u0436\u0435\u043d\u043d\u044b\u0435 \u0432 \u0437\u0430\u043a\u043e\u043d\u043e\u0434\u0430\u0442\u0435\u043b\u044c\u0441\u0442\u0432\u0435, \u0432\u043a\u043b\u044e\u0447\u0430\u044f \u043e\u0431\u0440\u0430\u0431\u043e\u0442\u043a\u0443 \u043f\u0435\u0440\u0441\u043e\u043d\u0430\u043b\u044c\u043d\u044b\u0445 \u0434\u0430\u043d\u043d\u044b\u0445 \u043d\u0430 \u0437\u0430\u043a\u043e\u043d\u043d\u044b\u0445 \u043e\u0441\u043d\u043e\u0432\u0430\u043d\u0438\u044f\u0445, \u0441\u043f\u0440\u0430\u0432\u0435\u0434\u043b\u0438\u0432\u043e \u0438 \u0431\u0435\u0437\u043e\u043f\u0430\u0441\u043d\u043e. \u041e\u0431\u0440\u0430\u0431\u043e\u0442\u0447\u0438\u043a \u0434\u0430\u043d\u043d\u044b\u0445 \u043c\u043e\u0436\u0435\u0442 \u043f\u043e\u0434\u0442\u0432\u0435\u0440\u0434\u0438\u0442\u044c, \u0447\u0442\u043e \u043f\u0435\u0440\u0441\u043e\u043d\u0430\u043b\u044c\u043d\u044b\u0435 \u0434\u0430\u043d\u043d\u044b\u0435 \u0431\u044b\u043b\u0438 \u043e\u0431\u0440\u0430\u0431\u043e\u0442\u0430\u043d\u044b \u0432 \u0441\u043e\u043e\u0442\u0432\u0435\u0442\u0441\u0442\u0432\u0438\u0438 \u0441 \u0437\u0430\u043a\u043e\u043d\u043e\u0434\u0430\u0442\u0435\u043b\u044c\u0441\u0442\u0432\u043e\u043c.<\/p>\n<p><strong>2. \u0421\u0431\u043e\u0440, \u043e\u0431\u0440\u0430\u0431\u043e\u0442\u043a\u0430 \u0438 \u0445\u0440\u0430\u043d\u0435\u043d\u0438\u0435 \u043f\u0435\u0440\u0441\u043e\u043d\u0430\u043b\u044c\u043d\u044b\u0445 \u0434\u0430\u043d\u043d\u044b\u0445<\/strong><\/p>\n<p>2.1 \u0421\u0431\u043e\u0440, \u043e\u0431\u0440\u0430\u0431\u043e\u0442\u043a\u0430 \u0438 \u0445\u0440\u0430\u043d\u0435\u043d\u0438\u0435 \u043f\u0435\u0440\u0441\u043e\u043d\u0430\u043b\u044c\u043d\u044b\u0445 \u0434\u0430\u043d\u043d\u044b\u0445 \u043e\u0441\u0443\u0449\u0435\u0441\u0442\u0432\u043b\u044f\u0435\u0442\u0441\u044f \u043e\u0431\u0440\u0430\u0431\u043e\u0442\u0447\u0438\u043a\u043e\u043c \u0434\u0430\u043d\u043d\u044b\u0445 \u0432 \u0431\u0443\u043c\u0430\u0436\u043d\u043e\u043c \u0438\u043b\u0438 \u044d\u043b\u0435\u043a\u0442\u0440\u043e\u043d\u043d\u043e\u043c \u0432\u0438\u0434\u0435, \u0432 \u043e\u0441\u043d\u043e\u0432\u043d\u043e\u043c \u0447\u0435\u0440\u0435\u0437 \u0432\u0435\u0431-\u0441\u0430\u0439\u0442 \u0438 \u044d\u043b\u0435\u043a\u0442\u0440\u043e\u043d\u043d\u0443\u044e \u043f\u043e\u0447\u0442\u0443.<\/p>\n<p>2.2 \u041f\u0440\u0435\u0434\u043e\u0441\u0442\u0430\u0432\u043b\u044f\u044f \u0441\u0432\u043e\u0438 \u043f\u0435\u0440\u0441\u043e\u043d\u0430\u043b\u044c\u043d\u044b\u0435 \u0434\u0430\u043d\u043d\u044b\u0435, \u0432\u044b \u043f\u0440\u0435\u0434\u043e\u0441\u0442\u0430\u0432\u043b\u044f\u0435\u0442\u0435 \u043e\u0431\u0440\u0430\u0431\u043e\u0442\u0447\u0438\u043a\u0443 \u0434\u0430\u043d\u043d\u044b\u0445 \u043f\u0440\u0430\u0432\u043e \u0441\u043e\u0431\u0438\u0440\u0430\u0442\u044c, \u043e\u0440\u0433\u0430\u043d\u0438\u0437\u043e\u0432\u044b\u0432\u0430\u0442\u044c, \u0438\u0441\u043f\u043e\u043b\u044c\u0437\u043e\u0432\u0430\u0442\u044c \u0438 \u0443\u043f\u0440\u0430\u0432\u043b\u044f\u0442\u044c \u043f\u0435\u0440\u0441\u043e\u043d\u0430\u043b\u044c\u043d\u044b\u043c\u0438 \u0434\u0430\u043d\u043d\u044b\u043c\u0438, \u043a\u043e\u0442\u043e\u0440\u044b\u0435 \u0432\u044b \u043f\u0440\u044f\u043c\u043e \u0438\u043b\u0438 \u043a\u043e\u0441\u0432\u0435\u043d\u043d\u043e \u043f\u0435\u0440\u0435\u0434\u0430\u0435\u0442\u0435 \u043e\u0431\u0440\u0430\u0431\u043e\u0442\u0447\u0438\u043a\u0443 \u0434\u0430\u043d\u043d\u044b\u0445 \u0434\u043b\u044f \u0446\u0435\u043b\u0435\u0439, \u0438\u0437\u043b\u043e\u0436\u0435\u043d\u043d\u044b\u0445 \u0432 \u043d\u0430\u0441\u0442\u043e\u044f\u0449\u0435\u0439 \u041f\u043e\u043b\u0438\u0442\u0438\u043a\u0435 \u043a\u043e\u043d\u0444\u0438\u0434\u0435\u043d\u0446\u0438\u0430\u043b\u044c\u043d\u043e\u0441\u0442\u0438.<\/p>\n<p>2.3 \u041e\u0431\u0440\u0430\u0431\u043e\u0442\u0447\u0438\u043a \u0434\u0430\u043d\u043d\u044b\u0445 \u043f\u0440\u0435\u0434\u043f\u043e\u043b\u0430\u0433\u0430\u0435\u0442, \u0447\u0442\u043e \u0434\u0430\u043d\u043d\u044b\u0435, \u043f\u0440\u0435\u0434\u043e\u0441\u0442\u0430\u0432\u043b\u0435\u043d\u043d\u044b\u0435 \u0441\u0443\u0431\u044a\u0435\u043a\u0442\u043e\u043c \u0434\u0430\u043d\u043d\u044b\u0445, \u044f\u0432\u043b\u044f\u044e\u0442\u0441\u044f \u0442\u043e\u0447\u043d\u044b\u043c\u0438, \u043f\u0440\u0430\u0432\u0438\u043b\u044c\u043d\u044b\u043c\u0438 \u0438 \u043f\u043e\u043b\u043d\u044b\u043c\u0438.<\/p>\n<p>2.4 \u041e\u0431\u0440\u0430\u0431\u043e\u0442\u0447\u0438\u043a \u0434\u0430\u043d\u043d\u044b\u0445 \u043d\u0435 \u043d\u0435\u0441\u0435\u0442 \u043e\u0442\u0432\u0435\u0442\u0441\u0442\u0432\u0435\u043d\u043d\u043e\u0441\u0442\u0438 \u0437\u0430 \u0443\u0449\u0435\u0440\u0431, \u043f\u0440\u0438\u0447\u0438\u043d\u0435\u043d\u043d\u044b\u0439 \u0432 \u0440\u0435\u0437\u0443\u043b\u044c\u0442\u0430\u0442\u0435 \u043f\u0440\u0435\u0434\u043e\u0441\u0442\u0430\u0432\u043b\u0435\u043d\u0438\u044f \u0441\u0443\u0431\u044a\u0435\u043a\u0442\u043e\u043c \u0434\u0430\u043d\u043d\u044b\u0445 \u043b\u043e\u0436\u043d\u044b\u0445 \u0434\u0430\u043d\u043d\u044b\u0445 \u0441\u0443\u0431\u044a\u0435\u043a\u0442\u0443 \u0434\u0430\u043d\u043d\u044b\u0445 \u0438\u043b\u0438 \u0442\u0440\u0435\u0442\u044c\u0438\u043c \u043b\u0438\u0446\u0430\u043c.<\/p>\n<p><strong>3. \u043e\u0431\u0440\u0430\u0431\u043e\u0442\u043a\u0430 \u043f\u0435\u0440\u0441\u043e\u043d\u0430\u043b\u044c\u043d\u044b\u0445 \u0434\u0430\u043d\u043d\u044b\u0445 \u043a\u043b\u0438\u0435\u043d\u0442\u043e\u0432<\/strong><\/p>\n<p>3.1 \u041e\u0431\u0440\u0430\u0431\u043e\u0442\u0447\u0438\u043a \u0434\u0430\u043d\u043d\u044b\u0445 \u043c\u043e\u0436\u0435\u0442 \u043e\u0431\u0440\u0430\u0431\u0430\u0442\u044b\u0432\u0430\u0442\u044c \u0441\u043b\u0435\u0434\u0443\u044e\u0449\u0438\u0435 \u043f\u0435\u0440\u0441\u043e\u043d\u0430\u043b\u044c\u043d\u044b\u0435 \u0434\u0430\u043d\u043d\u044b\u0435 \u0441\u0443\u0431\u044a\u0435\u043a\u0442\u0430 \u0434\u0430\u043d\u043d\u044b\u0445:<\/p>\n<p>3.1.1. \u0418\u043c\u044f \u0438 \u0444\u0430\u043c\u0438\u043b\u0438\u044f;<\/p>\n<p>3.1.2. \u0414\u0430\u0442\u0430 \u0440\u043e\u0436\u0434\u0435\u043d\u0438\u044f;<\/p>\n<p>3.1.3. \u041d\u043e\u043c\u0435\u0440 \u0442\u0435\u043b\u0435\u0444\u043e\u043d\u0430;<\/p>\n<p>3.1.4. \u0410\u0434\u0440\u0435\u0441 \u044d\u043b\u0435\u043a\u0442\u0440\u043e\u043d\u043d\u043e\u0439 \u043f\u043e\u0447\u0442\u044b;<\/p>\n<p>3.1.5. \u0410\u0434\u0440\u0435\u0441 \u0434\u043e\u0441\u0442\u0430\u0432\u043a\u0438.<\/p>\n<p><strong>\u0421\u0440\u043e\u043a \u0445\u0440\u0430\u043d\u0435\u043d\u0438\u044f \u0434\u0430\u043d\u043d\u044b\u0445<\/strong><\/p>\n<p>3.7 \u041e\u0431\u0440\u0430\u0431\u043e\u0442\u0447\u0438\u043a \u0434\u0430\u043d\u043d\u044b\u0445 \u0434\u043e\u043b\u0436\u0435\u043d \u0445\u0440\u0430\u043d\u0438\u0442\u044c \u0434\u0430\u043d\u043d\u044b\u0435 \u0441\u0443\u0431\u044a\u0435\u043a\u0442\u043e\u0432 \u0434\u0430\u043d\u043d\u044b\u0445 \u0432 \u0442\u0435\u0447\u0435\u043d\u0438\u0435 \u043f\u0435\u0440\u0438\u043e\u0434\u0430 \u0432\u0440\u0435\u043c\u0435\u043d\u0438, \u0437\u0430\u0432\u0438\u0441\u044f\u0449\u0435\u0433\u043e \u043e\u0442 \u0446\u0435\u043b\u0435\u0439 \u043e\u0431\u0440\u0430\u0431\u043e\u0442\u043a\u0438, \u043d\u043e \u043d\u0435 \u0431\u043e\u043b\u0435\u0435 10 \u043b\u0435\u0442.<\/p>\n<p><strong>4. \u041f\u0440\u0430\u0432\u0430 \u0441\u0443\u0431\u044a\u0435\u043a\u0442\u0430 \u0434\u0430\u043d\u043d\u044b\u0445<\/strong><\/p>\n<p>4.1 \u0421\u0443\u0431\u044a\u0435\u043a\u0442 \u0434\u0430\u043d\u043d\u044b\u0445 \u0438\u043c\u0435\u0435\u0442 \u043f\u0440\u0430\u0432\u043e \u043d\u0430 \u0434\u043e\u0441\u0442\u0443\u043f \u043a \u0441\u0432\u043e\u0438\u043c \u043b\u0438\u0447\u043d\u044b\u043c \u0434\u0430\u043d\u043d\u044b\u043c \u0438 \u0438\u0445 \u043f\u0440\u043e\u0432\u0435\u0440\u043a\u0443.<\/p>\n<p>4.2 \u0421\u0443\u0431\u044a\u0435\u043a\u0442 \u0434\u0430\u043d\u043d\u044b\u0445 \u0438\u043c\u0435\u0435\u0442 \u043f\u0440\u0430\u0432\u043e \u043d\u0430 \u043f\u043e\u043b\u0443\u0447\u0435\u043d\u0438\u0435 \u0438\u043d\u0444\u043e\u0440\u043c\u0430\u0446\u0438\u0438 \u043e\u0431 \u043e\u0431\u0440\u0430\u0431\u043e\u0442\u043a\u0435 \u0441\u0432\u043e\u0438\u0445 \u043f\u0435\u0440\u0441\u043e\u043d\u0430\u043b\u044c\u043d\u044b\u0445 \u0434\u0430\u043d\u043d\u044b\u0445.<\/p>\n<p>4.3 \u0421\u0443\u0431\u044a\u0435\u043a\u0442 \u0434\u0430\u043d\u043d\u044b\u0445 \u0438\u043c\u0435\u0435\u0442 \u043f\u0440\u0430\u0432\u043e \u043d\u0430 \u0437\u0430\u043f\u043e\u043b\u043d\u0435\u043d\u0438\u0435 \u0438\u043b\u0438 \u0438\u0441\u043f\u0440\u0430\u0432\u043b\u0435\u043d\u0438\u0435 \u043d\u0435\u0442\u043e\u0447\u043d\u044b\u0445 \u0434\u0430\u043d\u043d\u044b\u0445.<\/p>\n<p>4.4 \u0415\u0441\u043b\u0438 \u043e\u0431\u0440\u0430\u0431\u043e\u0442\u0447\u0438\u043a \u0434\u0430\u043d\u043d\u044b\u0445 \u043e\u0431\u0440\u0430\u0431\u0430\u0442\u044b\u0432\u0430\u0435\u0442 \u043f\u0435\u0440\u0441\u043e\u043d\u0430\u043b\u044c\u043d\u044b\u0435 \u0434\u0430\u043d\u043d\u044b\u0435 \u0441\u0443\u0431\u044a\u0435\u043a\u0442\u0430 \u0434\u0430\u043d\u043d\u044b\u0445 \u043d\u0430 \u043e\u0441\u043d\u043e\u0432\u0430\u043d\u0438\u0438 \u0435\u0433\u043e \u0441\u043e\u0433\u043b\u0430\u0441\u0438\u044f, \u0441\u0443\u0431\u044a\u0435\u043a\u0442 \u0434\u0430\u043d\u043d\u044b\u0445 \u0438\u043c\u0435\u0435\u0442 \u043f\u0440\u0430\u0432\u043e \u0432 \u043b\u044e\u0431\u043e\u0435 \u0432\u0440\u0435\u043c\u044f \u043e\u0442\u043e\u0437\u0432\u0430\u0442\u044c \u0441\u0432\u043e\u0435 \u0441\u043e\u0433\u043b\u0430\u0441\u0438\u0435.<\/p>\n<p>4.5 \u0421\u0443\u0431\u044a\u0435\u043a\u0442 \u0434\u0430\u043d\u043d\u044b\u0445 \u043c\u043e\u0436\u0435\u0442 \u0432\u043e\u0441\u043f\u043e\u043b\u044c\u0437\u043e\u0432\u0430\u0442\u044c\u0441\u044f \u0441\u0432\u043e\u0438\u043c\u0438 \u043f\u0440\u0430\u0432\u0430\u043c\u0438, \u043e\u0431\u0440\u0430\u0442\u0438\u0432\u0448\u0438\u0441\u044c \u0432 \u043a\u043e\u043c\u043f\u0430\u043d\u0438\u044e Fermi Energia AS \u043f\u043e \u0430\u0434\u0440\u0435\u0441\u0443 info@fermi.ee.<\/p>\n<p>4.6 \u0421\u0443\u0431\u044a\u0435\u043a\u0442 \u0434\u0430\u043d\u043d\u044b\u0445 \u043c\u043e\u0436\u0435\u0442 \u043f\u043e\u0434\u0430\u0442\u044c \u0436\u0430\u043b\u043e\u0431\u0443 \u0432 \u0418\u043d\u0441\u043f\u0435\u043a\u0446\u0438\u044e \u043f\u043e \u0437\u0430\u0449\u0438\u0442\u0435 \u0434\u0430\u043d\u043d\u044b\u0445 \u0434\u043b\u044f \u0437\u0430\u0449\u0438\u0442\u044b \u0441\u0432\u043e\u0438\u0445 \u043f\u0440\u0430\u0432.<\/p>\n<p><strong>5. \u0437\u0430\u043a\u043b\u044e\u0447\u0438\u0442\u0435\u043b\u044c\u043d\u044b\u0435 \u043f\u043e\u043b\u043e\u0436\u0435\u043d\u0438\u044f<\/strong><\/p>\n<p>5.1 \u041d\u0430\u0441\u0442\u043e\u044f\u0449\u0438\u0435 \u0423\u0441\u043b\u043e\u0432\u0438\u044f \u0437\u0430\u0449\u0438\u0442\u044b \u0434\u0430\u043d\u043d\u044b\u0445 \u0441\u043e\u0441\u0442\u0430\u0432\u043b\u0435\u043d\u044b \u0432 \u0441\u043e\u043e\u0442\u0432\u0435\u0442\u0441\u0442\u0432\u0438\u0438 \u0441 \u0420\u0435\u0433\u043b\u0430\u043c\u0435\u043d\u0442\u043e\u043c (\u0415\u0421) \u2116 2016\/679 \u0415\u0432\u0440\u043e\u043f\u0435\u0439\u0441\u043a\u043e\u0433\u043e \u043f\u0430\u0440\u043b\u0430\u043c\u0435\u043d\u0442\u0430 \u0438 \u0421\u043e\u0432\u0435\u0442\u0430 \u043e \u0437\u0430\u0449\u0438\u0442\u0435 \u0444\u0438\u0437\u0438\u0447\u0435\u0441\u043a\u0438\u0445 \u043b\u0438\u0446 \u0432 \u043e\u0442\u043d\u043e\u0448\u0435\u043d\u0438\u0438 \u043e\u0431\u0440\u0430\u0431\u043e\u0442\u043a\u0438 \u043f\u0435\u0440\u0441\u043e\u043d\u0430\u043b\u044c\u043d\u044b\u0445 \u0434\u0430\u043d\u043d\u044b\u0445 \u0438 \u043e \u0441\u0432\u043e\u0431\u043e\u0434\u043d\u043e\u043c \u043f\u0435\u0440\u0435\u043c\u0435\u0449\u0435\u043d\u0438\u0438 \u0442\u0430\u043a\u0438\u0445 \u0434\u0430\u043d\u043d\u044b\u0445 \u0438 \u043e\u0442\u043c\u0435\u043d\u0435 \u0414\u0438\u0440\u0435\u043a\u0442\u0438\u0432\u044b 95\/46\/EC \/ EC (\u041e\u0431\u0449\u0438\u0439 \u0440\u0435\u0433\u043b\u0430\u043c\u0435\u043d\u0442 \u0437\u0430\u0449\u0438\u0442\u044b \u0434\u0430\u043d\u043d\u044b\u0445), \u0417\u0430\u043a\u043e\u043d\u043e\u043c \u042d\u0441\u0442\u043e\u043d\u0441\u043a\u043e\u0439 \u0420\u0435\u0441\u043f\u0443\u0431\u043b\u0438\u043a\u0438 \u043e \u0437\u0430\u0449\u0438\u0442\u0435 \u043f\u0435\u0440\u0441\u043e\u043d\u0430\u043b\u044c\u043d\u044b\u0445 \u0434\u0430\u043d\u043d\u044b\u0445 \u0438 \u0437\u0430\u043a\u043e\u043d\u043e\u0434\u0430\u0442\u0435\u043b\u044c\u0441\u0442\u0432\u043e\u043c \u042d\u0441\u0442\u043e\u043d\u0441\u043a\u043e\u0439 \u0420\u0435\u0441\u043f\u0443\u0431\u043b\u0438\u043a\u0438 \u0438 \u0415\u0432\u0440\u043e\u043f\u0435\u0439\u0441\u043a\u043e\u0433\u043e \u0421\u043e\u044e\u0437\u0430.<\/p>\n<p>5.2. \u041e\u0431\u0440\u0430\u0431\u043e\u0442\u0447\u0438\u043a \u0434\u0430\u043d\u043d\u044b\u0445 \u0438\u043c\u0435\u0435\u0442 \u043f\u0440\u0430\u0432\u043e \u0447\u0430\u0441\u0442\u0438\u0447\u043d\u043e \u0438\u043b\u0438 \u043f\u043e\u043b\u043d\u043e\u0441\u0442\u044c\u044e \u0438\u0437\u043c\u0435\u043d\u044f\u0442\u044c \u0443\u0441\u043b\u043e\u0432\u0438\u044f \u0437\u0430\u0449\u0438\u0442\u044b \u0434\u0430\u043d\u043d\u044b\u0445, \u0438\u043d\u0444\u043e\u0440\u043c\u0438\u0440\u0443\u044f \u0441\u0443\u0431\u044a\u0435\u043a\u0442\u043e\u0432 \u0434\u0430\u043d\u043d\u044b\u0445 \u043e\u0431 \u0438\u0437\u043c\u0435\u043d\u0435\u043d\u0438\u044f\u0445 \u043d\u0430 \u0432\u0435\u0431-\u0441\u0430\u0439\u0442\u0435. <strong>fermi.ee\/privacy-policy <\/strong>\u0447\u0435\u0440\u0435\u0437.<\/p>","protected":false},"excerpt":{"rendered":"<p>Privaatsuspoliitika 1. \u00dclds\u00e4tted 1.1. K\u00e4esolev privaatsuspoliitika reguleerib isikuandmete kogumist, t\u00f6\u00f6tlemist ja s\u00e4ilitamist k\u00e4sitlevaid p\u00f5him\u00f5tteid. Isikuandmeid kogub t\u00f6\u00f6tleb ja s\u00e4ilitab isikuandmete vastutav t\u00f6\u00f6tleja Fermi Energia AS (edaspidi andmet\u00f6\u00f6tleja). 1.2. Andmesubjekt privaatsuspoliitika t\u00e4henduses on f\u00fc\u00fcsiline isik, kelle [&hellip;]<\/p>\n","protected":false},"author":8,"featured_media":0,"parent":0,"menu_order":0,"comment_status":"closed","ping_status":"closed","template":"","meta":{"site-sidebar-layout":"default","site-content-layout":"default","ast-site-content-layout":"default","site-content-style":"default","site-sidebar-style":"default","ast-global-header-display":"","ast-banner-title-visibility":"","ast-main-header-display":"","ast-hfb-above-header-display":"","ast-hfb-below-header-display":"","ast-hfb-mobile-header-display":"","site-post-title":"","ast-breadcrumbs-content":"","ast-featured-img":"","footer-sml-layout":"","ast-disable-related-posts":"","theme-transparent-header-meta":"default","adv-header-id-meta":"","stick-header-meta":"default","header-above-stick-meta":"","header-main-stick-meta":"","header-below-stick-meta":"","astra-migrate-meta-layouts":"default","ast-page-background-enabled":"default","ast-page-background-meta":{"desktop":{"background-color":"","background-image":"","background-repeat":"repeat","background-position":"center center","background-size":"auto","background-attachment":"scroll","background-type":"","background-media":"","overlay-type":"","overlay-color":"","overlay-opacity":"","overlay-gradient":""},"tablet":{"background-color":"","background-image":"","background-repeat":"repeat","background-position":"center center","background-size":"auto","background-attachment":"scroll","background-type":"","background-media":"","overlay-type":"","overlay-color":"","overlay-opacity":"","overlay-gradient":""},"mobile":{"background-color":"","background-image":"","background-repeat":"repeat","background-position":"center center","background-size":"auto","background-attachment":"scroll","background-type":"","background-media":"","overlay-type":"","overlay-color":"","overlay-opacity":"","overlay-gradient":""}},"ast-content-background-meta":{"desktop":{"background-color":"var(--ast-global-color-5)","background-image":"","background-repeat":"repeat","background-position":"center center","background-size":"auto","background-attachment":"scroll","background-type":"","background-media":"","overlay-type":"","overlay-color":"","overlay-opacity":"","overlay-gradient":""},"tablet":{"background-color":"var(--ast-global-color-5)","background-image":"","background-repeat":"repeat","background-position":"center center","background-size":"auto","background-attachment":"scroll","background-type":"","background-media":"","overlay-type":"","overlay-color":"","overlay-opacity":"","overlay-gradient":""},"mobile":{"background-color":"var(--ast-global-color-5)","background-image":"","background-repeat":"repeat","background-position":"center center","background-size":"auto","background-attachment":"scroll","background-type":"","background-media":"","overlay-type":"","overlay-color":"","overlay-opacity":"","overlay-gradient":""}},"footnotes":""},"class_list":["post-3612","page","type-page","status-publish","hentry"],"_links":{"self":[{"href":"https:\/\/fermi.ee\/ru\/wp-json\/wp\/v2\/pages\/3612","targetHints":{"allow":["GET"]}}],"collection":[{"href":"https:\/\/fermi.ee\/ru\/wp-json\/wp\/v2\/pages"}],"about":[{"href":"https:\/\/fermi.ee\/ru\/wp-json\/wp\/v2\/types\/page"}],"author":[{"embeddable":true,"href":"https:\/\/fermi.ee\/ru\/wp-json\/wp\/v2\/users\/8"}],"replies":[{"embeddable":true,"href":"https:\/\/fermi.ee\/ru\/wp-json\/wp\/v2\/comments?post=3612"}],"version-history":[{"count":3,"href":"https:\/\/fermi.ee\/ru\/wp-json\/wp\/v2\/pages\/3612\/revisions"}],"predecessor-version":[{"id":6954,"href":"https:\/\/fermi.ee\/ru\/wp-json\/wp\/v2\/pages\/3612\/revisions\/6954"}],"wp:attachment":[{"href":"https:\/\/fermi.ee\/ru\/wp-json\/wp\/v2\/media?parent=3612"}],"curies":[{"name":"wp","href":"https:\/\/api.w.org\/{rel}","templated":true}]}}