{"id":6545,"date":"2022-07-07T18:04:26","date_gmt":"2022-07-07T15:04:26","guid":{"rendered":"https:\/\/fermi.ee\/?page_id=6545"},"modified":"2022-08-21T23:00:51","modified_gmt":"2022-08-21T20:00:51","slug":"eesmark","status":"publish","type":"page","link":"https:\/\/fermi.ee\/ru\/eesmark\/","title":{"rendered":"\u041d\u0430\u0437\u043d\u0430\u0447\u0435\u043d\u0438\u0435"},"content":{"rendered":"<div data-elementor-type=\"wp-page\" data-elementor-id=\"6545\" class=\"elementor elementor-6545\" data-elementor-settings=\"{&quot;ha_cmc_init_switcher&quot;:&quot;no&quot;}\" data-elementor-post-type=\"page\">\n\t\t\t\t\t\t<section data-particle_enable=\"false\" data-particle-mobile-disabled=\"false\" class=\"elementor-section elementor-top-section elementor-element elementor-element-610c2b6 elementor-section-boxed elementor-section-height-default elementor-section-height-default\" data-id=\"610c2b6\" data-element_type=\"section\" data-e-type=\"section\" data-settings=\"{&quot;_ha_eqh_enable&quot;:false}\">\n\t\t\t\t\t\t<div class=\"elementor-container elementor-column-gap-default\">\n\t\t\t\t\t<div class=\"elementor-column elementor-col-100 elementor-top-column elementor-element elementor-element-ee1c55e\" data-id=\"ee1c55e\" data-element_type=\"column\" data-e-type=\"column\">\n\t\t\t<div class=\"elementor-widget-wrap elementor-element-populated\">\n\t\t\t\t\t\t<div class=\"elementor-element elementor-element-16345f3 elementor-widget elementor-widget-heading\" data-id=\"16345f3\" data-element_type=\"widget\" data-e-type=\"widget\" data-widget_type=\"heading.default\">\n\t\t\t\t<div class=\"elementor-widget-container\">\n\t\t\t\t\t<h1 class=\"elementor-heading-title elementor-size-default\">\u041d\u0430\u0437\u043d\u0430\u0447\u0435\u043d\u0438\u0435<\/h1>\t\t\t\t<\/div>\n\t\t\t\t<\/div>\n\t\t\t\t\t<\/div>\n\t\t<\/div>\n\t\t\t\t\t<\/div>\n\t\t<\/section>\n\t\t\t\t<section data-particle_enable=\"false\" data-particle-mobile-disabled=\"false\" class=\"elementor-section elementor-top-section elementor-element elementor-element-0b48425 elementor-section-boxed elementor-section-height-default elementor-section-height-default\" data-id=\"0b48425\" data-element_type=\"section\" data-e-type=\"section\" data-settings=\"{&quot;_ha_eqh_enable&quot;:false}\">\n\t\t\t\t\t\t<div class=\"elementor-container elementor-column-gap-default\">\n\t\t\t\t\t<div class=\"elementor-column elementor-col-100 elementor-top-column elementor-element elementor-element-134c225\" data-id=\"134c225\" data-element_type=\"column\" data-e-type=\"column\">\n\t\t\t<div class=\"elementor-widget-wrap elementor-element-populated\">\n\t\t\t\t\t\t<div class=\"elementor-element elementor-element-51d0589 elementor-widget elementor-widget-text-editor\" data-id=\"51d0589\" data-element_type=\"widget\" data-e-type=\"widget\" data-widget_type=\"text-editor.default\">\n\t\t\t\t<div class=\"elementor-widget-container\">\n\t\t\t\t\t\t\t\t\t<p>\u041c\u044b \u043e\u0447\u0438\u0449\u0430\u0435\u043c \u043f\u0440\u043e\u0438\u0437\u0432\u043e\u0434\u0441\u0442\u0432\u043e \u044d\u043d\u0435\u0440\u0433\u0438\u0438 \u0432 \u042d\u0441\u0442\u043e\u043d\u0438\u0438 \u0432 \u043b\u044e\u0431\u043e\u0435 \u0432\u0440\u0435\u043c\u044f \u0438 \u043f\u0440\u0438 \u043b\u044e\u0431\u043e\u0439 \u043f\u043e\u0433\u043e\u0434\u0435. \u042d\u0441\u0442\u043e\u043d\u0438\u0438 \u043d\u0435\u043e\u0431\u0445\u043e\u0434\u0438\u043c\u043e \u0431\u0435\u0437\u0443\u0433\u043b\u0435\u0440\u043e\u0434\u043d\u043e\u0435, \u043d\u0435\u0437\u0430\u0432\u0438\u0441\u0438\u043c\u043e\u0435 \u043e\u0442 \u043f\u043e\u0433\u043e\u0434\u044b, \u043a\u0440\u0443\u0433\u043b\u043e\u0433\u043e\u0434\u0438\u0447\u043d\u043e\u0435, \u0443\u043f\u0440\u0430\u0432\u043b\u044f\u0435\u043c\u043e\u0435 \u043f\u0440\u043e\u0438\u0437\u0432\u043e\u0434\u0441\u0442\u0432\u043e \u044d\u043d\u0435\u0440\u0433\u0438\u0438, \u0447\u0442\u043e\u0431\u044b \u043e\u0431\u0435\u0441\u043f\u0435\u0447\u0438\u0442\u044c \u043d\u0430\u0434\u0435\u0436\u043d\u043e\u0441\u0442\u044c \u0441\u043d\u0430\u0431\u0436\u0435\u043d\u0438\u044f \u0438 \u0441\u0442\u0430\u0431\u0438\u043b\u044c\u043d\u044b\u0435, \u0440\u0430\u0437\u0443\u043c\u043d\u044b\u0435 \u0446\u0435\u043d\u044b \u043d\u0430 \u044d\u043b\u0435\u043a\u0442\u0440\u043e\u044d\u043d\u0435\u0440\u0433\u0438\u044e \u0434\u043b\u044f \u043f\u043e\u0442\u0440\u0435\u0431\u0438\u0442\u0435\u043b\u0435\u0439.\u00a0<\/p><p>\u0421 2019 \u0433\u043e\u0434\u0430 \u043a\u043e\u043c\u043f\u0430\u043d\u0438\u044f Fermi Energia \u043f\u0440\u043e\u0432\u043e\u0434\u0438\u0442 \u0440\u044f\u0434 \u0438\u0441\u0441\u043b\u0435\u0434\u043e\u0432\u0430\u043d\u0438\u0439 \u0438 \u043f\u043e\u0434\u0433\u043e\u0442\u043e\u0432\u0438\u0442\u0435\u043b\u044c\u043d\u044b\u0445 \u0440\u0430\u0431\u043e\u0442 \u0441 \u0446\u0435\u043b\u044c\u044e \u043d\u0430\u0447\u0430\u0442\u044c \u043f\u0440\u043e\u0438\u0437\u0432\u043e\u0434\u0441\u0442\u0432\u043e \u044d\u043d\u0435\u0440\u0433\u0438\u0438 \u0432 2031 \u0433\u043e\u0434\u0443.<\/p><h2 style=\"text-align: left;\"><span style=\"color: #2303bd;\">\u0426\u0435\u043b\u044c Fermi Energia - \u0440\u0430\u0437\u0440\u0430\u0431\u043e\u0442\u0430\u0442\u044c \u0432\u043e\u0437\u043c\u043e\u0436\u043d\u043e\u0441\u0442\u044c \u0432\u043d\u0435\u0434\u0440\u0435\u043d\u0438\u044f \u0432 \u042d\u0441\u0442\u043e\u043d\u0438\u0438 \u043d\u043e\u0432\u043e\u0433\u043e \u043f\u043e\u043a\u043e\u043b\u0435\u043d\u0438\u044f \u043c\u0430\u043b\u044b\u0445 \u043c\u043e\u0434\u0443\u043b\u044c\u043d\u044b\u0445 \u0440\u0435\u0430\u043a\u0442\u043e\u0440\u043e\u0432.\u00a0<\/span><\/h2><p>\u0414\u043b\u044f \u044d\u0442\u043e\u0433\u043e \u043c\u044b \u0442\u0435\u0441\u043d\u043e \u0441\u043e\u0442\u0440\u0443\u0434\u043d\u0438\u0447\u0430\u0435\u043c \u0441 \u044d\u0441\u0442\u043e\u043d\u0441\u043a\u0438\u043c\u0438 \u0438 \u043c\u0435\u0436\u0434\u0443\u043d\u0430\u0440\u043e\u0434\u043d\u044b\u043c\u0438 \u043a\u043e\u043c\u043f\u0430\u043d\u0438\u044f\u043c\u0438 \u0438 \u0438\u0441\u0441\u043b\u0435\u0434\u043e\u0432\u0430\u0442\u0435\u043b\u044c\u0441\u043a\u0438\u043c\u0438 \u0438\u043d\u0441\u0442\u0438\u0442\u0443\u0442\u0430\u043c\u0438, \u043f\u043e\u043c\u043e\u0433\u0430\u0435\u043c \u0433\u043e\u0442\u043e\u0432\u0438\u0442\u044c \u0431\u0443\u0434\u0443\u0449\u0438\u0445 \u044d\u0441\u0442\u043e\u043d\u0441\u043a\u0438\u0445 \u0441\u043f\u0435\u0446\u0438\u0430\u043b\u0438\u0441\u0442\u043e\u0432 \u0432 \u043e\u0431\u043b\u0430\u0441\u0442\u0438 \u044f\u0434\u0435\u0440\u043d\u043e\u0439 \u044d\u043d\u0435\u0440\u0433\u0435\u0442\u0438\u043a\u0438, \u0430 \u0442\u0430\u043a\u0436\u0435 \u043f\u0440\u043e\u043f\u0430\u0433\u0430\u043d\u0434\u0438\u0440\u0443\u0435\u043c \u044f\u0434\u0435\u0440\u043d\u0443\u044e \u044d\u043d\u0435\u0440\u0433\u0438\u044e \u0438 \u043d\u0430\u0448\u0438 \u043f\u043b\u0430\u043d\u044b \u0438 \u043c\u0435\u0440\u043e\u043f\u0440\u0438\u044f\u0442\u0438\u044f \u043f\u043e \u0435\u0435 \u0432\u043d\u0435\u0434\u0440\u0435\u043d\u0438\u044e \u0432 \u042d\u0441\u0442\u043e\u043d\u0438\u0438.<\/p>\t\t\t\t\t\t\t\t<\/div>\n\t\t\t\t<\/div>\n\t\t\t\t<section data-particle_enable=\"false\" data-particle-mobile-disabled=\"false\" class=\"elementor-section elementor-inner-section elementor-element elementor-element-8f0977c elementor-section-boxed elementor-section-height-default elementor-section-height-default\" data-id=\"8f0977c\" data-element_type=\"section\" data-e-type=\"section\" data-settings=\"{&quot;_ha_eqh_enable&quot;:false}\">\n\t\t\t\t\t\t<div class=\"elementor-container elementor-column-gap-default\">\n\t\t\t\t\t<div class=\"elementor-column elementor-col-33 elementor-inner-column elementor-element elementor-element-ebd7b15\" data-id=\"ebd7b15\" data-element_type=\"column\" data-e-type=\"column\">\n\t\t\t<div class=\"elementor-widget-wrap elementor-element-populated\">\n\t\t\t\t\t\t<div class=\"elementor-element elementor-element-3f041db elementor-align-right elementor-widget elementor-widget-button\" data-id=\"3f041db\" data-element_type=\"widget\" data-e-type=\"widget\" data-widget_type=\"button.default\">\n\t\t\t\t<div class=\"elementor-widget-container\">\n\t\t\t\t\t\t\t\t\t<div class=\"elementor-button-wrapper\">\n\t\t\t\t\t<a class=\"elementor-button elementor-button-link elementor-size-sm\" href=\"https:\/\/fermi.ee\/ajajoon\/\">\n\t\t\t\t\t\t<span class=\"elementor-button-content-wrapper\">\n\t\t\t\t\t\t\t\t\t<span class=\"elementor-button-text\">\u041a\u043e\u0433\u0434\u0430?<\/span>\n\t\t\t\t\t<\/span>\n\t\t\t\t\t<\/a>\n\t\t\t\t<\/div>\n\t\t\t\t\t\t\t\t<\/div>\n\t\t\t\t<\/div>\n\t\t\t\t\t<\/div>\n\t\t<\/div>\n\t\t\t\t<div class=\"elementor-column elementor-col-33 elementor-inner-column elementor-element elementor-element-b35ad21\" data-id=\"b35ad21\" data-element_type=\"column\" data-e-type=\"column\">\n\t\t\t<div class=\"elementor-widget-wrap elementor-element-populated\">\n\t\t\t\t\t\t<div class=\"elementor-element elementor-element-9590cf6 elementor-align-center elementor-widget elementor-widget-button\" data-id=\"9590cf6\" data-element_type=\"widget\" data-e-type=\"widget\" data-widget_type=\"button.default\">\n\t\t\t\t<div class=\"elementor-widget-container\">\n\t\t\t\t\t\t\t\t\t<div class=\"elementor-button-wrapper\">\n\t\t\t\t\t<a class=\"elementor-button elementor-button-link elementor-size-sm\" href=\"https:\/\/fermi.ee\/vaikesed-moodulreaktorid\/\">\n\t\t\t\t\t\t<span class=\"elementor-button-content-wrapper\">\n\t\t\t\t\t\t\t\t\t<span class=\"elementor-button-text\">\u0427\u0442\u043e?<\/span>\n\t\t\t\t\t<\/span>\n\t\t\t\t\t<\/a>\n\t\t\t\t<\/div>\n\t\t\t\t\t\t\t\t<\/div>\n\t\t\t\t<\/div>\n\t\t\t\t\t<\/div>\n\t\t<\/div>\n\t\t\t\t<div class=\"elementor-column elementor-col-33 elementor-inner-column elementor-element elementor-element-50ff986\" data-id=\"50ff986\" data-element_type=\"column\" data-e-type=\"column\">\n\t\t\t<div class=\"elementor-widget-wrap elementor-element-populated\">\n\t\t\t\t\t\t<div class=\"elementor-element elementor-element-254ff3f elementor-widget elementor-widget-button\" data-id=\"254ff3f\" data-element_type=\"widget\" data-e-type=\"widget\" data-widget_type=\"button.default\">\n\t\t\t\t<div class=\"elementor-widget-container\">\n\t\t\t\t\t\t\t\t\t<div class=\"elementor-button-wrapper\">\n\t\t\t\t\t<a class=\"elementor-button elementor-button-link elementor-size-sm\" href=\"https:\/\/fermi.ee\/uuringud\/\">\n\t\t\t\t\t\t<span class=\"elementor-button-content-wrapper\">\n\t\t\t\t\t\t\t\t\t<span class=\"elementor-button-text\">\u041a\u0430\u043a?<\/span>\n\t\t\t\t\t<\/span>\n\t\t\t\t\t<\/a>\n\t\t\t\t<\/div>\n\t\t\t\t\t\t\t\t<\/div>\n\t\t\t\t<\/div>\n\t\t\t\t\t<\/div>\n\t\t<\/div>\n\t\t\t\t\t<\/div>\n\t\t<\/section>\n\t\t\t\t<div class=\"elementor-element elementor-element-ba75ce7 elementor-widget elementor-widget-spacer\" data-id=\"ba75ce7\" data-element_type=\"widget\" data-e-type=\"widget\" data-widget_type=\"spacer.default\">\n\t\t\t\t<div class=\"elementor-widget-container\">\n\t\t\t\t\t\t\t<div class=\"elementor-spacer\">\n\t\t\t<div class=\"elementor-spacer-inner\"><\/div>\n\t\t<\/div>\n\t\t\t\t\t\t<\/div>\n\t\t\t\t<\/div>\n\t\t\t\t\t<\/div>\n\t\t<\/div>\n\t\t\t\t\t<\/div>\n\t\t<\/section>\n\t\t\t\t<\/div>","protected":false},"excerpt":{"rendered":"<p>Eesm\u00e4rk Teeme Eesti energiatootmise igal ajal ja iga ilmaga puhtaks. Eesti vajab s\u00fcsinikheitmeta, ilmast s\u00f5ltumatut, aastaringselt k\u00e4ttesaadavat ehk juhitavat energiatootmist, et tagada varustuskindlus ja stabiilsed, m\u00f5istlikud elektrihinnad tarbijale.\u00a0 Alates 2019. aastast on Fermi Energia l\u00e4bi [&hellip;]<\/p>\n","protected":false},"author":8,"featured_media":0,"parent":0,"menu_order":0,"comment_status":"closed","ping_status":"closed","template":"","meta":{"site-sidebar-layout":"no-sidebar","site-content-layout":"page-builder","ast-site-content-layout":"default","site-content-style":"default","site-sidebar-style":"default","ast-global-header-display":"","ast-banner-title-visibility":"","ast-main-header-display":"","ast-hfb-above-header-display":"","ast-hfb-below-header-display":"","ast-hfb-mobile-header-display":"","site-post-title":"disabled","ast-breadcrumbs-content":"","ast-featured-img":"disabled","footer-sml-layout":"","ast-disable-related-posts":"","theme-transparent-header-meta":"","adv-header-id-meta":"","stick-header-meta":"","header-above-stick-meta":"","header-main-stick-meta":"","header-below-stick-meta":"","astra-migrate-meta-layouts":"default","ast-page-background-enabled":"default","ast-page-background-meta":{"desktop":{"background-color":"","background-image":"","background-repeat":"repeat","background-position":"center center","background-size":"auto","background-attachment":"scroll","background-type":"","background-media":"","overlay-type":"","overlay-color":"","overlay-opacity":"","overlay-gradient":""},"tablet":{"background-color":"","background-image":"","background-repeat":"repeat","background-position":"center center","background-size":"auto","background-attachment":"scroll","background-type":"","background-media":"","overlay-type":"","overlay-color":"","overlay-opacity":"","overlay-gradient":""},"mobile":{"background-color":"","background-image":"","background-repeat":"repeat","background-position":"center center","background-size":"auto","background-attachment":"scroll","background-type":"","background-media":"","overlay-type":"","overlay-color":"","overlay-opacity":"","overlay-gradient":""}},"ast-content-background-meta":{"desktop":{"background-color":"var(--ast-global-color-5)","background-image":"","background-repeat":"repeat","background-position":"center center","background-size":"auto","background-attachment":"scroll","background-type":"","background-media":"","overlay-type":"","overlay-color":"","overlay-opacity":"","overlay-gradient":""},"tablet":{"background-color":"var(--ast-global-color-5)","background-image":"","background-repeat":"repeat","background-position":"center center","background-size":"auto","background-attachment":"scroll","background-type":"","background-media":"","overlay-type":"","overlay-color":"","overlay-opacity":"","overlay-gradient":""},"mobile":{"background-color":"var(--ast-global-color-5)","background-image":"","background-repeat":"repeat","background-position":"center center","background-size":"auto","background-attachment":"scroll","background-type":"","background-media":"","overlay-type":"","overlay-color":"","overlay-opacity":"","overlay-gradient":""}},"footnotes":""},"class_list":["post-6545","page","type-page","status-publish","hentry"],"_links":{"self":[{"href":"https:\/\/fermi.ee\/ru\/wp-json\/wp\/v2\/pages\/6545","targetHints":{"allow":["GET"]}}],"collection":[{"href":"https:\/\/fermi.ee\/ru\/wp-json\/wp\/v2\/pages"}],"about":[{"href":"https:\/\/fermi.ee\/ru\/wp-json\/wp\/v2\/types\/page"}],"author":[{"embeddable":true,"href":"https:\/\/fermi.ee\/ru\/wp-json\/wp\/v2\/users\/8"}],"replies":[{"embeddable":true,"href":"https:\/\/fermi.ee\/ru\/wp-json\/wp\/v2\/comments?post=6545"}],"version-history":[{"count":15,"href":"https:\/\/fermi.ee\/ru\/wp-json\/wp\/v2\/pages\/6545\/revisions"}],"predecessor-version":[{"id":6666,"href":"https:\/\/fermi.ee\/ru\/wp-json\/wp\/v2\/pages\/6545\/revisions\/6666"}],"wp:attachment":[{"href":"https:\/\/fermi.ee\/ru\/wp-json\/wp\/v2\/media?parent=6545"}],"curies":[{"name":"wp","href":"https:\/\/api.w.org\/{rel}","templated":true}]}}