{"id":887,"date":"2020-04-20T22:33:07","date_gmt":"2020-04-20T19:33:07","guid":{"rendered":"https:\/\/fermi.ee\/?page_id=887"},"modified":"2025-06-27T12:45:08","modified_gmt":"2025-06-27T09:45:08","slug":"uudiskiri","status":"publish","type":"page","link":"https:\/\/fermi.ee\/ru\/uudiskiri\/","title":{"rendered":"\u0418\u043d\u0444\u043e\u0440\u043c\u0430\u0446\u0438\u043e\u043d\u043d\u044b\u0439 \u0431\u044e\u043b\u043b\u0435\u0442\u0435\u043d\u044c"},"content":{"rendered":"<div data-elementor-type=\"wp-page\" data-elementor-id=\"887\" class=\"elementor elementor-887\" data-elementor-settings=\"{&quot;ha_cmc_init_switcher&quot;:&quot;no&quot;}\" data-elementor-post-type=\"page\">\n\t\t\t\t\t\t<section data-particle_enable=\"false\" data-particle-mobile-disabled=\"false\" class=\"elementor-section elementor-top-section elementor-element elementor-element-2357321 elementor-section-boxed elementor-section-height-default elementor-section-height-default\" data-id=\"2357321\" data-element_type=\"section\" data-e-type=\"section\" data-settings=\"{&quot;_ha_eqh_enable&quot;:false}\">\n\t\t\t\t\t\t<div class=\"elementor-container elementor-column-gap-default\">\n\t\t\t\t\t<div class=\"elementor-column elementor-col-100 elementor-top-column elementor-element elementor-element-a0d132b\" data-id=\"a0d132b\" data-element_type=\"column\" data-e-type=\"column\">\n\t\t\t<div class=\"elementor-widget-wrap elementor-element-populated\">\n\t\t\t\t\t\t<section data-particle_enable=\"false\" data-particle-mobile-disabled=\"false\" class=\"elementor-section elementor-inner-section elementor-element elementor-element-8b43d61 elementor-section-boxed elementor-section-height-default elementor-section-height-default\" data-id=\"8b43d61\" data-element_type=\"section\" data-e-type=\"section\" data-settings=\"{&quot;_ha_eqh_enable&quot;:false}\">\n\t\t\t\t\t\t<div class=\"elementor-container elementor-column-gap-default\">\n\t\t\t\t\t<div class=\"elementor-column elementor-col-100 elementor-inner-column elementor-element elementor-element-8b709a2\" data-id=\"8b709a2\" data-element_type=\"column\" data-e-type=\"column\">\n\t\t\t<div class=\"elementor-widget-wrap elementor-element-populated\">\n\t\t\t\t\t\t<div class=\"elementor-element elementor-element-54f063b elementor-widget elementor-widget-heading\" data-id=\"54f063b\" data-element_type=\"widget\" data-e-type=\"widget\" data-widget_type=\"heading.default\">\n\t\t\t\t<div class=\"elementor-widget-container\">\n\t\t\t\t\t<h2 class=\"elementor-heading-title elementor-size-default\">\u041f\u043e\u0434\u043f\u0438\u0448\u0438\u0442\u0435\u0441\u044c \u043d\u0430 \u0440\u0430\u0441\u0441\u044b\u043b\u043a\u0443 Fermi \u0438 \u0431\u0443\u0434\u044c\u0442\u0435 \u0432 \u043a\u0443\u0440\u0441\u0435 \u043f\u0440\u043e\u0435\u043a\u0442\u0430 \u0441\u0442\u0440\u043e\u0438\u0442\u0435\u043b\u044c\u0441\u0442\u0432\u0430 \u0432 \u042d\u0441\u0442\u043e\u043d\u0438\u0438 \u0441\u043e\u0431\u0441\u0442\u0432\u0435\u043d\u043d\u043e\u0439 \u044d\u043b\u0435\u043a\u0442\u0440\u043e\u0441\u0442\u0430\u043d\u0446\u0438\u0438 \u0441 \u043c\u0430\u043b\u044b\u043c \u043c\u043e\u0434\u0443\u043b\u044c\u043d\u044b\u043c \u0440\u0435\u0430\u043a\u0442\u043e\u0440\u043e\u043c!<br><\/h2>\t\t\t\t<\/div>\n\t\t\t\t<\/div>\n\t\t\t\t<div class=\"elementor-element elementor-element-c6cb167 elementor-align-center elementor-widget elementor-widget-button\" data-id=\"c6cb167\" data-element_type=\"widget\" data-e-type=\"widget\" data-widget_type=\"button.default\">\n\t\t\t\t<div class=\"elementor-widget-container\">\n\t\t\t\t\t\t\t\t\t<div class=\"elementor-button-wrapper\">\n\t\t\t\t\t<a class=\"elementor-button elementor-button-link elementor-size-sm\" href=\"https:\/\/mptjx4xu.sendsmaily.net\/landing-pages\/a561245e-def8-4a85-97da-6251b09b5706\/html\/\">\n\t\t\t\t\t\t<span class=\"elementor-button-content-wrapper\">\n\t\t\t\t\t\t\t\t\t<span class=\"elementor-button-text\">\u041f\u043e\u0434\u043f\u0438\u0441\u0430\u0442\u044c\u0441\u044f \u043d\u0430 \u0440\u0430\u0441\u0441\u044b\u043b\u043a\u0443<\/span>\n\t\t\t\t\t<\/span>\n\t\t\t\t\t<\/a>\n\t\t\t\t<\/div>\n\t\t\t\t\t\t\t\t<\/div>\n\t\t\t\t<\/div>\n\t\t\t\t\t<\/div>\n\t\t<\/div>\n\t\t\t\t\t<\/div>\n\t\t<\/section>\n\t\t\t\t\t<\/div>\n\t\t<\/div>\n\t\t\t\t\t<\/div>\n\t\t<\/section>\n\t\t\t\t<section data-particle_enable=\"false\" data-particle-mobile-disabled=\"false\" class=\"elementor-section elementor-top-section elementor-element elementor-element-07ee84c elementor-section-boxed elementor-section-height-default elementor-section-height-default\" data-id=\"07ee84c\" data-element_type=\"section\" data-e-type=\"section\" data-settings=\"{&quot;_ha_eqh_enable&quot;:false}\">\n\t\t\t\t\t\t<div class=\"elementor-container elementor-column-gap-default\">\n\t\t\t\t\t<div class=\"elementor-column elementor-col-100 elementor-top-column elementor-element elementor-element-ad9079a\" data-id=\"ad9079a\" data-element_type=\"column\" data-e-type=\"column\">\n\t\t\t<div class=\"elementor-widget-wrap elementor-element-populated\">\n\t\t\t\t\t\t<div class=\"elementor-element elementor-element-a9f9bb6 elementor-widget elementor-widget-text-editor\" data-id=\"a9f9bb6\" data-element_type=\"widget\" data-e-type=\"widget\" data-widget_type=\"text-editor.default\">\n\t\t\t\t<div class=\"elementor-widget-container\">\n\t\t\t\t\t\t\t\t\t<h2>\u041e\u043f\u0443\u0431\u043b\u0438\u043a\u043e\u0432\u0430\u043d\u043d\u044b\u0435 \u0431\u044e\u043b\u043b\u0435\u0442\u0435\u043d\u0438:<\/h2><p><span style=\"font-size: 14pt;\"><a href=\"https:\/\/mptjx4xu.sendsmaily.net\/templates\/5faff73f-ede7-4ddd-98cf-7aea95873581\/html\/\">\u0412\u0435\u0441\u043d\u0430 2025 \u0433\u043e\u0434\u0430<\/a><br \/><a href=\"https:\/\/mptjx4xu.sendsmaily.net\/templates\/62fcb721-596f-4a66-b87d-ea5f22b166a6\/html\/\">\u041e\u0441\u0435\u043d\u044c 2024 \u0433\u043e\u0434\u0430<\/a><br \/><a href=\"https:\/\/mptjx4xu.sendsmaily.net\/templates\/079962bf-838f-4955-9d61-c1447d2388e5\/html\/\">\u041b\u0435\u0442\u043e 2024 \u0433\u043e\u0434\u0430<\/a><br \/><a href=\"https:\/\/mptjx4xu.sendsmaily.net\/templates\/8aaa518f-265e-49fe-839a-086b284fbb38\/html\/\">\u0412\u0435\u0441\u043d\u0430 2024 \u0433\u043e\u0434\u0430<\/a><br \/><a href=\"https:\/\/mptjx4xu.sendsmaily.net\/templates\/4f568642-e157-4d51-9f93-4698c92c1f37\/html\/\">\u041e\u0441\u0435\u043d\u044c 2023 \u0433\u043e\u0434\u0430<\/a><br \/><a href=\"https:\/\/mptjx4xu.sendsmaily.net\/templates\/288751b0-0435-4f17-92e5-b3117bf4fa28\/html\/\">\u041b\u0435\u0442\u043e 2023 \u0433\u043e\u0434\u0430<\/a><br \/><\/span><span style=\"font-size: 14pt;\"><a href=\"https:\/\/mptjx4xu.sendsmaily.net\/templates\/18362b36-20e5-42f8-89f4-19464c9eee03\/html\/\">\u0412\u0435\u0441\u043d\u0430 2023 \u0433\u043e\u0434\u0430<\/a><\/span><br \/><span style=\"font-size: 14pt;\"><a href=\"https:\/\/mptjx4xu.sendsmaily.net\/templates\/b1008298-fe37-50e7-8961-11b1335df369\/html\/\">\u041e\u0441\u0435\u043d\u044c 2022 \u0433\u043e\u0434\u0430<\/a><\/span><br \/><span style=\"font-size: 14pt;\"><a href=\"https:\/\/mptjx4xu.sendsmaily.net\/templates\/a0b9cf0e-6fe0-584b-8c55-cc717a3ff84f\/html\/\">\u041b\u0435\u0442\u043e 2022 \u0433\u043e\u0434\u0430<\/a><\/span><br \/><span style=\"font-size: 14pt;\"><a href=\"https:\/\/mptjx4xu.sendsmaily.net\/templates\/14b93b8c-71b0-501b-8a40-51f7ecb61008\/html\/\">\u0412\u0435\u0441\u043d\u0430 2022 \u0433\u043e\u0434\u0430<\/a><\/span><br \/><span style=\"font-size: 14pt;\"><a href=\"https:\/\/mptjx4xu.sendsmaily.net\/templates\/5da843dd-75f0-504b-928a-8f52e8127f79\/html\/\">\u041e\u0441\u0435\u043d\u044c 2021 \u0433\u043e\u0434\u0430<\/a><\/span><br \/><span style=\"font-size: 14pt;\"><a href=\"https:\/\/mptjx4xu.sendsmaily.net\/templates\/303ac9a3-5352-5964-a03f-0f7582336d7a\/html\/\">\u041b\u0435\u0442\u043e 2021 \u0433\u043e\u0434\u0430<\/a><br \/><a href=\"https:\/\/mptjx4xu.sendsmaily.net\/templates\/f35e1ef3-c0b8-5676-9336-5e6fe2fad8d5\/html\/\">\u0412\u0435\u0441\u043d\u0430 2021 \u0433\u043e\u0434\u0430<\/a><br \/><a href=\"https:\/\/mptjx4xu.sendsmaily.net\/templates\/ddcc54b7-2bbb-5bd9-81f7-f416af0ced82\/html\/\">\u041e\u0441\u0435\u043d\u044c 2020 \u0433\u043e\u0434\u0430<\/a><br \/><a href=\"https:\/\/mptjx4xu.sendsmaily.net\/templates\/bd6c2849-7ade-5f7e-b36a-5c0993fbaf5c\/html\/\">\u0412\u0435\u0441\u043d\u0430 2020 \u0433\u043e\u0434\u0430<\/a><br \/><\/span><\/p>\t\t\t\t\t\t\t\t<\/div>\n\t\t\t\t<\/div>\n\t\t\t\t<div class=\"elementor-element elementor-element-6394587 elementor-widget elementor-widget-text-editor\" data-id=\"6394587\" data-element_type=\"widget\" data-e-type=\"widget\" data-widget_type=\"text-editor.default\">\n\t\t\t\t<div class=\"elementor-widget-container\">\n\t\t\t\t\t\t\t\t\t<p>\u0412\u043c\u0435\u0441\u0442\u043e \u0442\u043e\u0433\u043e \u0447\u0442\u043e\u0431\u044b \u0440\u0430\u0441\u0441\u044b\u043b\u0430\u0442\u044c \u0437\u0438\u043c\u043d\u0438\u0439 \u0431\u044e\u043b\u043b\u0435\u0442\u0435\u043d\u044c, \u043c\u044b \u043e\u0440\u0433\u0430\u043d\u0438\u0437\u0443\u0435\u043c \u0435\u0436\u0435\u0433\u043e\u0434\u043d\u044b\u0439.\u00a0<a href=\"https:\/\/fermi.ee\/konverents\">\u043a\u043e\u043d\u0444\u0435\u0440\u0435\u043d\u0446\u0438\u044f<\/a>\u0433\u0434\u0435 \u043c\u044b \u0431\u043e\u043b\u0435\u0435 \u043f\u043e\u0434\u0440\u043e\u0431\u043d\u043e \u0440\u0430\u0441\u0441\u043a\u0430\u0436\u0435\u043c \u043e \u043d\u0430\u0448\u0435\u0439 \u0434\u0435\u044f\u0442\u0435\u043b\u044c\u043d\u043e\u0441\u0442\u0438 \u0438 \u043e\u0441\u043d\u043e\u0432\u043d\u044b\u0445 \u043f\u043b\u0430\u043d\u0430\u0445 \u043d\u0430 \u0431\u0443\u0434\u0443\u0449\u0435\u0435.<\/p>\t\t\t\t\t\t\t\t<\/div>\n\t\t\t\t<\/div>\n\t\t\t\t\t<\/div>\n\t\t<\/div>\n\t\t\t\t\t<\/div>\n\t\t<\/section>\n\t\t\t\t<\/div>","protected":false},"excerpt":{"rendered":"<p>Telli Fermi uudiskiri endale postkasti ja ole kursis Eesti oma v\u00e4ikese moodulreaktortuumajaama projektiga! Uudiskirja tellima Ilmunud uudiskirjad: Kevad 2025S\u00fcgis 2024Suvi 2024Kevad 2024S\u00fcgis 2023Suvi 2023Kevad 2023S\u00fcgis 2022Suvi 2022Kevad 2022S\u00fcgis 2021Suvi 2021Kevad 2021S\u00fcgis 2020Kevad 2020 Talvise uudiskirja [&hellip;]<\/p>\n","protected":false},"author":8,"featured_media":0,"parent":0,"menu_order":0,"comment_status":"closed","ping_status":"closed","template":"","meta":{"site-sidebar-layout":"no-sidebar","site-content-layout":"page-builder","ast-site-content-layout":"default","site-content-style":"default","site-sidebar-style":"default","ast-global-header-display":"","ast-banner-title-visibility":"","ast-main-header-display":"","ast-hfb-above-header-display":"","ast-hfb-below-header-display":"","ast-hfb-mobile-header-display":"","site-post-title":"disabled","ast-breadcrumbs-content":"","ast-featured-img":"disabled","footer-sml-layout":"","ast-disable-related-posts":"","theme-transparent-header-meta":"","adv-header-id-meta":"","stick-header-meta":"","header-above-stick-meta":"","header-main-stick-meta":"","header-below-stick-meta":"","astra-migrate-meta-layouts":"default","ast-page-background-enabled":"default","ast-page-background-meta":{"desktop":{"background-color":"","background-image":"","background-repeat":"repeat","background-position":"center center","background-size":"auto","background-attachment":"scroll","background-type":"","background-media":"","overlay-type":"","overlay-color":"","overlay-opacity":"","overlay-gradient":""},"tablet":{"background-color":"","background-image":"","background-repeat":"repeat","background-position":"center center","background-size":"auto","background-attachment":"scroll","background-type":"","background-media":"","overlay-type":"","overlay-color":"","overlay-opacity":"","overlay-gradient":""},"mobile":{"background-color":"","background-image":"","background-repeat":"repeat","background-position":"center center","background-size":"auto","background-attachment":"scroll","background-type":"","background-media":"","overlay-type":"","overlay-color":"","overlay-opacity":"","overlay-gradient":""}},"ast-content-background-meta":{"desktop":{"background-color":"var(--ast-global-color-5)","background-image":"","background-repeat":"repeat","background-position":"center center","background-size":"auto","background-attachment":"scroll","background-type":"","background-media":"","overlay-type":"","overlay-color":"","overlay-opacity":"","overlay-gradient":""},"tablet":{"background-color":"var(--ast-global-color-5)","background-image":"","background-repeat":"repeat","background-position":"center center","background-size":"auto","background-attachment":"scroll","background-type":"","background-media":"","overlay-type":"","overlay-color":"","overlay-opacity":"","overlay-gradient":""},"mobile":{"background-color":"var(--ast-global-color-5)","background-image":"","background-repeat":"repeat","background-position":"center center","background-size":"auto","background-attachment":"scroll","background-type":"","background-media":"","overlay-type":"","overlay-color":"","overlay-opacity":"","overlay-gradient":""}},"footnotes":""},"class_list":["post-887","page","type-page","status-publish","hentry"],"_links":{"self":[{"href":"https:\/\/fermi.ee\/ru\/wp-json\/wp\/v2\/pages\/887","targetHints":{"allow":["GET"]}}],"collection":[{"href":"https:\/\/fermi.ee\/ru\/wp-json\/wp\/v2\/pages"}],"about":[{"href":"https:\/\/fermi.ee\/ru\/wp-json\/wp\/v2\/types\/page"}],"author":[{"embeddable":true,"href":"https:\/\/fermi.ee\/ru\/wp-json\/wp\/v2\/users\/8"}],"replies":[{"embeddable":true,"href":"https:\/\/fermi.ee\/ru\/wp-json\/wp\/v2\/comments?post=887"}],"version-history":[{"count":59,"href":"https:\/\/fermi.ee\/ru\/wp-json\/wp\/v2\/pages\/887\/revisions"}],"predecessor-version":[{"id":15220,"href":"https:\/\/fermi.ee\/ru\/wp-json\/wp\/v2\/pages\/887\/revisions\/15220"}],"wp:attachment":[{"href":"https:\/\/fermi.ee\/ru\/wp-json\/wp\/v2\/media?parent=887"}],"curies":[{"name":"wp","href":"https:\/\/api.w.org\/{rel}","templated":true}]}}