{"id":2420,"date":"2021-06-01T14:53:15","date_gmt":"2021-06-01T11:53:15","guid":{"rendered":"https:\/\/fermi.ee\/?page_id=2420"},"modified":"2022-04-10T20:57:29","modified_gmt":"2022-04-10T17:57:29","slug":"fermi-sotsiaalmeedias","status":"publish","type":"page","link":"https:\/\/fermi.ee\/uk\/fermi-sotsiaalmeedias\/","title":{"rendered":"Fermi \u0432 \u0441\u043e\u0446\u0456\u0430\u043b\u044c\u043d\u0438\u0445 \u043c\u0435\u0440\u0435\u0436\u0430\u0445"},"content":{"rendered":"<div data-elementor-type=\"wp-page\" data-elementor-id=\"2420\" class=\"elementor elementor-2420\" data-elementor-settings=\"{&quot;ha_cmc_init_switcher&quot;:&quot;no&quot;}\" data-elementor-post-type=\"page\">\n\t\t\t\t\t\t<section data-particle_enable=\"false\" data-particle-mobile-disabled=\"false\" class=\"elementor-section elementor-top-section elementor-element elementor-element-0d15c24 elementor-section-boxed elementor-section-height-default elementor-section-height-default\" data-id=\"0d15c24\" data-element_type=\"section\" data-e-type=\"section\" data-settings=\"{&quot;_ha_eqh_enable&quot;:false}\">\n\t\t\t\t\t\t<div class=\"elementor-container elementor-column-gap-default\">\n\t\t\t\t\t<div class=\"elementor-column elementor-col-100 elementor-top-column elementor-element elementor-element-c116bd7\" data-id=\"c116bd7\" data-element_type=\"column\" data-e-type=\"column\">\n\t\t\t<div class=\"elementor-widget-wrap elementor-element-populated\">\n\t\t\t\t\t\t<div class=\"elementor-element elementor-element-3ca1684 elementor-widget elementor-widget-heading\" data-id=\"3ca1684\" data-element_type=\"widget\" data-e-type=\"widget\" data-widget_type=\"heading.default\">\n\t\t\t\t<div class=\"elementor-widget-container\">\n\t\t\t\t\t<h2 class=\"elementor-heading-title elementor-size-default\">Fermi \u0432 \u0441\u043e\u0446\u0456\u0430\u043b\u044c\u043d\u0438\u0445 \u043c\u0435\u0440\u0435\u0436\u0430\u0445<\/h2>\t\t\t\t<\/div>\n\t\t\t\t<\/div>\n\t\t\t\t\t<\/div>\n\t\t<\/div>\n\t\t\t\t\t<\/div>\n\t\t<\/section>\n\t\t\t\t<section data-particle_enable=\"false\" data-particle-mobile-disabled=\"false\" class=\"elementor-section elementor-top-section elementor-element elementor-element-26873d1 elementor-section-boxed elementor-section-height-default elementor-section-height-default\" data-id=\"26873d1\" data-element_type=\"section\" data-e-type=\"section\" data-settings=\"{&quot;_ha_eqh_enable&quot;:false}\">\n\t\t\t\t\t\t<div class=\"elementor-container elementor-column-gap-default\">\n\t\t\t\t\t<div class=\"elementor-column elementor-col-100 elementor-top-column elementor-element elementor-element-3bad032\" data-id=\"3bad032\" data-element_type=\"column\" data-e-type=\"column\">\n\t\t\t<div class=\"elementor-widget-wrap elementor-element-populated\">\n\t\t\t\t\t\t<div class=\"elementor-element elementor-element-ba9a22a elementor-shape-circle e-grid-align-left elementor-grid-0 elementor-widget elementor-widget-social-icons\" data-id=\"ba9a22a\" data-element_type=\"widget\" data-e-type=\"widget\" data-widget_type=\"social-icons.default\">\n\t\t\t\t<div class=\"elementor-widget-container\">\n\t\t\t\t\t\t\t<div class=\"elementor-social-icons-wrapper elementor-grid\" role=\"list\">\n\t\t\t\t\t\t\t<span class=\"elementor-grid-item\" role=\"listitem\">\n\t\t\t\t\t<a class=\"elementor-icon elementor-social-icon elementor-social-icon-facebook elementor-repeater-item-4b39c9c\" href=\"https:\/\/www.facebook.com\/FermiEnergia\" target=\"_blank\">\n\t\t\t\t\t\t<span class=\"elementor-screen-only\">Facebook<\/span>\n\t\t\t\t\t\t<i aria-hidden=\"true\" class=\"fab fa-facebook\"><\/i>\t\t\t\t\t<\/a>\n\t\t\t\t<\/span>\n\t\t\t\t\t\t\t<span class=\"elementor-grid-item\" role=\"listitem\">\n\t\t\t\t\t<a class=\"elementor-icon elementor-social-icon elementor-social-icon-twitter elementor-repeater-item-19e9c1d\" href=\"https:\/\/twitter.com\/fermienergia\" target=\"_blank\">\n\t\t\t\t\t\t<span class=\"elementor-screen-only\">Twitter<\/span>\n\t\t\t\t\t\t<i aria-hidden=\"true\" class=\"fab fa-twitter\"><\/i>\t\t\t\t\t<\/a>\n\t\t\t\t<\/span>\n\t\t\t\t\t\t\t<span class=\"elementor-grid-item\" role=\"listitem\">\n\t\t\t\t\t<a class=\"elementor-icon elementor-social-icon elementor-social-icon-youtube elementor-repeater-item-cf746d3\" href=\"https:\/\/www.youtube.com\/c\/FermiEnergia\/videos\" target=\"_blank\">\n\t\t\t\t\t\t<span class=\"elementor-screen-only\">Youtube<\/span>\n\t\t\t\t\t\t<i aria-hidden=\"true\" class=\"fab fa-youtube\"><\/i>\t\t\t\t\t<\/a>\n\t\t\t\t<\/span>\n\t\t\t\t\t\t\t<span class=\"elementor-grid-item\" role=\"listitem\">\n\t\t\t\t\t<a class=\"elementor-icon elementor-social-icon elementor-social-icon-linkedin elementor-repeater-item-2ac7de6\" href=\"https:\/\/www.linkedin.com\/company\/fermi-energia\" target=\"_blank\">\n\t\t\t\t\t\t<span class=\"elementor-screen-only\">Linkedin<\/span>\n\t\t\t\t\t\t<i aria-hidden=\"true\" class=\"fab fa-linkedin\"><\/i>\t\t\t\t\t<\/a>\n\t\t\t\t<\/span>\n\t\t\t\t\t\t\t<span class=\"elementor-grid-item\" role=\"listitem\">\n\t\t\t\t\t<a class=\"elementor-icon elementor-social-icon elementor-social-icon-instagram elementor-repeater-item-d5730b9\" href=\"https:\/\/www.instagram.com\/fermi_energia\/\" target=\"_blank\">\n\t\t\t\t\t\t<span class=\"elementor-screen-only\">Instagram<\/span>\n\t\t\t\t\t\t<i aria-hidden=\"true\" class=\"fab fa-instagram\"><\/i>\t\t\t\t\t<\/a>\n\t\t\t\t<\/span>\n\t\t\t\t\t<\/div>\n\t\t\t\t\t\t<\/div>\n\t\t\t\t<\/div>\n\t\t\t\t<section data-particle_enable=\"false\" data-particle-mobile-disabled=\"false\" class=\"elementor-section elementor-inner-section elementor-element elementor-element-a66b2be elementor-section-boxed elementor-section-height-default elementor-section-height-default\" data-id=\"a66b2be\" data-element_type=\"section\" data-e-type=\"section\" data-settings=\"{&quot;_ha_eqh_enable&quot;:false}\">\n\t\t\t\t\t\t<div class=\"elementor-container elementor-column-gap-default\">\n\t\t\t\t\t<div class=\"elementor-column elementor-col-50 elementor-inner-column elementor-element elementor-element-fd63c31\" data-id=\"fd63c31\" data-element_type=\"column\" data-e-type=\"column\">\n\t\t\t<div class=\"elementor-widget-wrap elementor-element-populated\">\n\t\t\t\t\t\t<div class=\"elementor-element elementor-element-877ee07 elementor-widget elementor-widget-heading\" data-id=\"877ee07\" data-element_type=\"widget\" data-e-type=\"widget\" data-widget_type=\"heading.default\">\n\t\t\t\t<div class=\"elementor-widget-container\">\n\t\t\t\t\t<h2 class=\"elementor-heading-title elementor-size-default\">Facebook<\/h2>\t\t\t\t<\/div>\n\t\t\t\t<\/div>\n\t\t\t\t<div class=\"elementor-element elementor-element-2958c66 elementor-widget elementor-widget-facebook-page\" data-id=\"2958c66\" data-element_type=\"widget\" data-e-type=\"widget\" data-widget_type=\"facebook-page.default\">\n\t\t\t\t<div class=\"elementor-widget-container\">\n\t\t\t\t\t<div class=\"elementor-facebook-widget fb-page\" data-href=\"https:\/\/www.facebook.com\/FermiEnergia\" data-tabs=\"timeline\" data-height=\"500px\" data-width=\"500px\" data-small-header=\"true\" data-hide-cover=\"true\" data-show-facepile=\"true\" data-hide-cta=\"false\" style=\"min-height: 1px;height:500px\"><\/div>\t\t\t\t<\/div>\n\t\t\t\t<\/div>\n\t\t\t\t\t<\/div>\n\t\t<\/div>\n\t\t\t\t<div class=\"elementor-column elementor-col-50 elementor-inner-column elementor-element elementor-element-4a95b02\" data-id=\"4a95b02\" data-element_type=\"column\" data-e-type=\"column\">\n\t\t\t<div class=\"elementor-widget-wrap elementor-element-populated\">\n\t\t\t\t\t\t<div class=\"elementor-element elementor-element-ed2cec2 elementor-widget elementor-widget-heading\" data-id=\"ed2cec2\" data-element_type=\"widget\" data-e-type=\"widget\" data-widget_type=\"heading.default\">\n\t\t\t\t<div class=\"elementor-widget-container\">\n\t\t\t\t\t<h2 class=\"elementor-heading-title elementor-size-default\">Twitter<\/h2>\t\t\t\t<\/div>\n\t\t\t\t<\/div>\n\t\t\t\t<div class=\"elementor-element elementor-element-f720529 elementor-widget elementor-widget-html\" data-id=\"f720529\" data-element_type=\"widget\" data-e-type=\"widget\" data-widget_type=\"html.default\">\n\t\t\t\t<div class=\"elementor-widget-container\">\n\t\t\t\t\t<a class=\"twitter-timeline\" data-lang=\"en\" data-height=\"500\" href=\"https:\/\/twitter.com\/fermienergia?ref_src=twsrc%5Etfw\">\u0422\u0432\u0456\u0442\u0438 \u0432\u0456\u0434 fermienergia<\/a> <script async src=\"https:\/\/platform.twitter.com\/widgets.js\" charset=\"utf-8\"><\/script>\t\t\t\t<\/div>\n\t\t\t\t<\/div>\n\t\t\t\t\t<\/div>\n\t\t<\/div>\n\t\t\t\t\t<\/div>\n\t\t<\/section>\n\t\t\t\t\t<\/div>\n\t\t<\/div>\n\t\t\t\t\t<\/div>\n\t\t<\/section>\n\t\t\t\t<section data-particle_enable=\"false\" data-particle-mobile-disabled=\"false\" class=\"elementor-section elementor-top-section elementor-element elementor-element-6d91ac2 elementor-section-boxed elementor-section-height-default elementor-section-height-default\" data-id=\"6d91ac2\" data-element_type=\"section\" data-e-type=\"section\" data-settings=\"{&quot;_ha_eqh_enable&quot;:false}\">\n\t\t\t\t\t\t<div class=\"elementor-container elementor-column-gap-default\">\n\t\t\t\t\t<div class=\"elementor-column elementor-col-100 elementor-top-column elementor-element elementor-element-6ce0f16\" data-id=\"6ce0f16\" data-element_type=\"column\" data-e-type=\"column\">\n\t\t\t<div class=\"elementor-widget-wrap elementor-element-populated\">\n\t\t\t\t\t\t<section data-particle_enable=\"false\" data-particle-mobile-disabled=\"false\" class=\"elementor-section elementor-inner-section elementor-element elementor-element-641984c elementor-section-boxed elementor-section-height-default elementor-section-height-default\" data-id=\"641984c\" data-element_type=\"section\" data-e-type=\"section\" data-settings=\"{&quot;_ha_eqh_enable&quot;:false}\">\n\t\t\t\t\t\t<div class=\"elementor-container elementor-column-gap-default\">\n\t\t\t\t\t<div class=\"elementor-column elementor-col-50 elementor-inner-column elementor-element elementor-element-a0ceb15\" data-id=\"a0ceb15\" data-element_type=\"column\" data-e-type=\"column\">\n\t\t\t<div class=\"elementor-widget-wrap elementor-element-populated\">\n\t\t\t\t\t\t<div class=\"elementor-element elementor-element-6362f34 elementor-widget elementor-widget-heading\" data-id=\"6362f34\" data-element_type=\"widget\" data-e-type=\"widget\" data-widget_type=\"heading.default\">\n\t\t\t\t<div class=\"elementor-widget-container\">\n\t\t\t\t\t<h2 class=\"elementor-heading-title elementor-size-default\">\u041c\u0430\u043b\u0438\u0439 \u043c\u043e\u0434\u0443\u043b\u044c\u043d\u043e-\u044f\u0434\u0435\u0440\u043d\u0438\u0439 \u043a\u0443\u0440\u0441<\/h2>\t\t\t\t<\/div>\n\t\t\t\t<\/div>\n\t\t\t\t<div class=\"elementor-element elementor-element-ff38427 elementor-widget elementor-widget-text-editor\" data-id=\"ff38427\" data-element_type=\"widget\" data-e-type=\"widget\" data-widget_type=\"text-editor.default\">\n\t\t\t\t<div class=\"elementor-widget-container\">\n\t\t\t\t\t\t\t\t\t<p>\u041e\u043f\u0430\u043d\u0443\u0439\u0442\u0435 \u043e\u0441\u043d\u043e\u0432\u0438 \u0432\u0441\u044c\u043e\u0433\u043e \u0437\u0430 \u043a\u0456\u043b\u044c\u043a\u0430 \u0445\u0432\u0438\u043b\u0438\u043d.<\/p>\t\t\t\t\t\t\t\t<\/div>\n\t\t\t\t<\/div>\n\t\t\t\t<div class=\"elementor-element elementor-element-2e873b6 elementor-widget elementor-widget-html\" data-id=\"2e873b6\" data-element_type=\"widget\" data-e-type=\"widget\" data-widget_type=\"html.default\">\n\t\t\t\t<div class=\"elementor-widget-container\">\n\t\t\t\t\t<iframe width=\"160\" height=\"315\" src=\"https:\/\/www.youtube.com\/embed\/videoseries?list=PLB0OIOoBcBI4vcsgrH5xqwDaRz2pXxQHn\" title=\"\u0412\u0456\u0434\u0435\u043e\u043f\u043b\u0435\u0454\u0440 YouTube\" frameborder=\"0\" allow=\"accelerometer; autoplay; clipboard-write; encrypted-media; gyroscope; picture-in-picture\" allowfullscreen><\/iframe>\t\t\t\t<\/div>\n\t\t\t\t<\/div>\n\t\t\t\t<div class=\"elementor-element elementor-element-6771e16 elementor-widget elementor-widget-text-editor\" data-id=\"6771e16\" data-element_type=\"widget\" data-e-type=\"widget\" data-widget_type=\"text-editor.default\">\n\t\t\t\t<div class=\"elementor-widget-container\">\n\t\t\t\t\t\t\t\t\t<p>\u041d\u0435\u0432\u0435\u043b\u0438\u043a\u0438\u0439 \u043c\u043e\u0434\u0443\u043b\u044c\u043d\u0438\u0439 \u044f\u0434\u0435\u0440\u043d\u0438\u0439 \u043a\u0443\u0440\u0441 \u0454 \u0433\u0430\u0440\u043d\u043e\u044e \u0432\u0456\u0434\u043f\u0440\u0430\u0432\u043d\u043e\u044e \u0442\u043e\u0447\u043a\u043e\u044e \u0434\u043b\u044f \u0442\u0438\u0445, \u0445\u0442\u043e \u0448\u0443\u043a\u0430\u0454 \u043f\u0440\u043e\u0441\u0442\u0443 \u0456 \u0448\u0432\u0438\u0434\u043a\u0443 \u0432\u0456\u0434\u043f\u043e\u0432\u0456\u0434\u044c \u043d\u0430 \u0434\u0435\u044f\u043a\u0456 \u044f\u0434\u0435\u0440\u043d\u0456 \u043f\u0438\u0442\u0430\u043d\u043d\u044f.<\/p><p>Kui sulle tundub, et m\u00f5ni k\u00fcsimist v\u00e4\u00e4riv k\u00fcsimus v\u00f5iks samuti asjatundjalt vastuse saada, kirjuta meile info@fermi.ee.<\/p>\t\t\t\t\t\t\t\t<\/div>\n\t\t\t\t<\/div>\n\t\t\t\t\t<\/div>\n\t\t<\/div>\n\t\t\t\t<div class=\"elementor-column elementor-col-50 elementor-inner-column elementor-element elementor-element-ec14b24\" data-id=\"ec14b24\" data-element_type=\"column\" data-e-type=\"column\">\n\t\t\t<div class=\"elementor-widget-wrap elementor-element-populated\">\n\t\t\t\t\t\t<div class=\"elementor-element elementor-element-af677e8 elementor-widget elementor-widget-heading\" data-id=\"af677e8\" data-element_type=\"widget\" data-e-type=\"widget\" data-widget_type=\"heading.default\">\n\t\t\t\t<div class=\"elementor-widget-container\">\n\t\t\t\t\t<h2 class=\"elementor-heading-title elementor-size-default\">\u0416\u0438\u0432\u043b\u0435\u043d\u043d\u044f \u0440\u0435\u0430\u043a\u0442\u043e\u0440\u0430<\/h2>\t\t\t\t<\/div>\n\t\t\t\t<\/div>\n\t\t\t\t<div class=\"elementor-element elementor-element-d464812 elementor-widget elementor-widget-text-editor\" data-id=\"d464812\" data-element_type=\"widget\" data-e-type=\"widget\" data-widget_type=\"text-editor.default\">\n\t\t\t\t<div class=\"elementor-widget-container\">\n\t\t\t\t\t\t\t\t\t<p>\u0420\u0430\u0437 \u043d\u0430 \u043c\u0456\u0441\u044f\u0446\u044c \u043c\u0438 \u0433\u043e\u0432\u043e\u0440\u0438\u043c\u043e \u0431\u0456\u043b\u044c\u0448 \u0434\u0435\u0442\u0430\u043b\u044c\u043d\u043e.<\/p>\t\t\t\t\t\t\t\t<\/div>\n\t\t\t\t<\/div>\n\t\t\t\t<div class=\"elementor-element elementor-element-331d5a9 elementor-widget elementor-widget-html\" data-id=\"331d5a9\" data-element_type=\"widget\" data-e-type=\"widget\" data-widget_type=\"html.default\">\n\t\t\t\t<div class=\"elementor-widget-container\">\n\t\t\t\t\t<iframe width=\"560\" height=\"315\" src=\"https:\/\/www.youtube.com\/embed\/videoseries?list=PLB0OIOoBcBI5rWanCTbuw6pLRtvAYVyiT\" title=\"\u0412\u0456\u0434\u0435\u043e\u043f\u043b\u0435\u0454\u0440 YouTube\" frameborder=\"0\" allow=\"accelerometer; autoplay; clipboard-write; encrypted-media; gyroscope; picture-in-picture\" allowfullscreen><\/iframe>\t\t\t\t<\/div>\n\t\t\t\t<\/div>\n\t\t\t\t<div class=\"elementor-element elementor-element-f254742 elementor-widget elementor-widget-text-editor\" data-id=\"f254742\" data-element_type=\"widget\" data-e-type=\"widget\" data-widget_type=\"text-editor.default\">\n\t\t\t\t<div class=\"elementor-widget-container\">\n\t\t\t\t\t\t\t\t\t<p>\u041f\u043e\u0457\u0437\u0434\u043a\u0430 \u043d\u0430 \u0440\u0435\u0430\u043a\u0442\u043e\u0440 \u0432\u0456\u0434\u0431\u0443\u0432\u0430\u0454\u0442\u044c\u0441\u044f \u0432 \u043e\u0441\u0442\u0430\u043d\u043d\u044e \u043f'\u044f\u0442\u043d\u0438\u0446\u044e \u043a\u043e\u0436\u043d\u043e\u0433\u043e \u043c\u0456\u0441\u044f\u0446\u044f \u043e 16:00. <a href=\"https:\/\/us02web.zoom.us\/j\/82706756186\">Zoomis<\/a> \u0434\u0435\u0431\u0430\u0442\u0438, \u0434\u043e \u044f\u043a\u0438\u0445 \u043c\u043e\u0436\u0435 \u0434\u043e\u043b\u0443\u0447\u0438\u0442\u0438\u0441\u044f \u043a\u043e\u0436\u0435\u043d - \u0449\u043e\u0440\u0430\u0437\u0443 \u043c\u0438 \u0433\u043e\u0432\u043e\u0440\u0438\u043c\u043e \u043f\u0440\u043e \u0446\u0456\u043a\u0430\u0432\u0443 \u044f\u0434\u0435\u0440\u043d\u0443 \u0442\u0435\u043c\u0443, \u043d\u0435\u0437\u0430\u043b\u0435\u0436\u043d\u043e \u0432\u0456\u0434 \u0442\u043e\u0433\u043e, \u043d\u043e\u0432\u0430 \u0432\u043e\u043d\u0430 \u0447\u0438 \u043d\u0456<span class=\"text_exposed_show\">&nbsp;\u0442\u0435\u0445\u043d\u043e\u043b\u043e\u0433\u0456\u0457, \u0444\u0443\u043d\u0434\u0430\u043c\u0435\u043d\u0442\u0430\u043b\u044c\u043d\u0456 \u043f\u0440\u0438\u043d\u0446\u0438\u043f\u0438 \u044f\u0434\u0435\u0440\u043d\u043e\u0457 \u0444\u0456\u0437\u0438\u043a\u0438,<\/span><span class=\"text_exposed_show\"><wbr>&nbsp;\u043c\u043e\u0436\u043b\u0438\u0432\u0456\u0441\u0442\u044c \u044f\u0434\u0435\u0440\u043d\u043e\u0433\u043e \u043d\u0430\u0432\u0447\u0430\u043d\u043d\u044f<wbr>ed, \u0441\u0438\u0441\u0442\u0435\u043c\u0438 \u0431\u0435\u0437\u043f\u0435\u043a\u0438<wbr>\u0440\u0435\u0430\u043a\u0442\u043e\u0440 \u0434\u043b\u044f \u0432\u0438\u043a\u043e\u0440\u0438\u0441\u0442\u0430\u043d\u043d\u044f \u043c\u0435\u0434\u0438\u0447\u043d\u0438\u0445<wbr> \u0432\u0438\u0440\u043e\u0431\u043d\u0438\u0446\u0442\u0432\u043e \u0456\u0437\u043e\u0442\u043e\u043f\u0456\u0432 \u0447\u0438 \u0432\u043e\u0434\u043d\u044e. \u041c\u0438 \u0442\u0430\u043a\u043e\u0436 \u0433\u043e\u0432\u043e\u0440\u0438\u043c\u043e \u043f\u0440\u043e \u0442\u0435, \u044f\u043a \u043f\u0440\u043e\u0445\u043e\u0434\u0438\u0442\u044c \u043f\u043b\u0430\u043d\u0443\u0432\u0430\u043d\u043d\u044f \u0431\u0443\u0434\u0456\u0432\u043d\u0438\u0446\u0442\u0432\u0430 \u0430\u0442\u043e\u043c\u043d\u043e\u0457 \u0435\u043b\u0435\u043a\u0442\u0440\u043e\u0441\u0442\u0430\u043d\u0446\u0456\u0457 \u0432 \u0415\u0441\u0442\u043e\u043d\u0456\u0457.<\/span><\/p>\t\t\t\t\t\t\t\t<\/div>\n\t\t\t\t<\/div>\n\t\t\t\t\t<\/div>\n\t\t<\/div>\n\t\t\t\t\t<\/div>\n\t\t<\/section>\n\t\t\t\t\t<\/div>\n\t\t<\/div>\n\t\t\t\t\t<\/div>\n\t\t<\/section>\n\t\t\t\t<\/div>","protected":false},"excerpt":{"rendered":"<p>Fermi sotsiaalmeedias Facebook Twitter Youtube Linkedin Instagram Facebook Twitter Tweets by fermienergia V\u00e4ike moodul-tuumakursus P\u00f5hiteemad selgeks paari minutiga. V\u00e4ike moodul-tuumakursus on heaks stardipunktiks neile, kes otsivad lihtsat ja kiiret vastust m\u00f5nele tuumaenergia k\u00fcsimusele. Kui sulle [&hellip;]<\/p>\n","protected":false},"author":8,"featured_media":0,"parent":0,"menu_order":0,"comment_status":"closed","ping_status":"closed","template":"","meta":{"site-sidebar-layout":"no-sidebar","site-content-layout":"page-builder","ast-site-content-layout":"default","site-content-style":"default","site-sidebar-style":"default","ast-global-header-display":"","ast-banner-title-visibility":"","ast-main-header-display":"","ast-hfb-above-header-display":"","ast-hfb-below-header-display":"","ast-hfb-mobile-header-display":"","site-post-title":"disabled","ast-breadcrumbs-content":"","ast-featured-img":"disabled","footer-sml-layout":"","ast-disable-related-posts":"","theme-transparent-header-meta":"","adv-header-id-meta":"","stick-header-meta":"","header-above-stick-meta":"","header-main-stick-meta":"","header-below-stick-meta":"","astra-migrate-meta-layouts":"default","ast-page-background-enabled":"default","ast-page-background-meta":{"desktop":{"background-color":"","background-image":"","background-repeat":"repeat","background-position":"center center","background-size":"auto","background-attachment":"scroll","background-type":"","background-media":"","overlay-type":"","overlay-color":"","overlay-opacity":"","overlay-gradient":""},"tablet":{"background-color":"","background-image":"","background-repeat":"repeat","background-position":"center center","background-size":"auto","background-attachment":"scroll","background-type":"","background-media":"","overlay-type":"","overlay-color":"","overlay-opacity":"","overlay-gradient":""},"mobile":{"background-color":"","background-image":"","background-repeat":"repeat","background-position":"center center","background-size":"auto","background-attachment":"scroll","background-type":"","background-media":"","overlay-type":"","overlay-color":"","overlay-opacity":"","overlay-gradient":""}},"ast-content-background-meta":{"desktop":{"background-color":"var(--ast-global-color-5)","background-image":"","background-repeat":"repeat","background-position":"center center","background-size":"auto","background-attachment":"scroll","background-type":"","background-media":"","overlay-type":"","overlay-color":"","overlay-opacity":"","overlay-gradient":""},"tablet":{"background-color":"var(--ast-global-color-5)","background-image":"","background-repeat":"repeat","background-position":"center center","background-size":"auto","background-attachment":"scroll","background-type":"","background-media":"","overlay-type":"","overlay-color":"","overlay-opacity":"","overlay-gradient":""},"mobile":{"background-color":"var(--ast-global-color-5)","background-image":"","background-repeat":"repeat","background-position":"center center","background-size":"auto","background-attachment":"scroll","background-type":"","background-media":"","overlay-type":"","overlay-color":"","overlay-opacity":"","overlay-gradient":""}},"footnotes":""},"class_list":["post-2420","page","type-page","status-publish","hentry"],"_links":{"self":[{"href":"https:\/\/fermi.ee\/uk\/wp-json\/wp\/v2\/pages\/2420","targetHints":{"allow":["GET"]}}],"collection":[{"href":"https:\/\/fermi.ee\/uk\/wp-json\/wp\/v2\/pages"}],"about":[{"href":"https:\/\/fermi.ee\/uk\/wp-json\/wp\/v2\/types\/page"}],"author":[{"embeddable":true,"href":"https:\/\/fermi.ee\/uk\/wp-json\/wp\/v2\/users\/8"}],"replies":[{"embeddable":true,"href":"https:\/\/fermi.ee\/uk\/wp-json\/wp\/v2\/comments?post=2420"}],"version-history":[{"count":21,"href":"https:\/\/fermi.ee\/uk\/wp-json\/wp\/v2\/pages\/2420\/revisions"}],"predecessor-version":[{"id":6092,"href":"https:\/\/fermi.ee\/uk\/wp-json\/wp\/v2\/pages\/2420\/revisions\/6092"}],"wp:attachment":[{"href":"https:\/\/fermi.ee\/uk\/wp-json\/wp\/v2\/media?parent=2420"}],"curies":[{"name":"wp","href":"https:\/\/api.w.org\/{rel}","templated":true}]}}