{"id":2880,"date":"2021-08-17T14:08:06","date_gmt":"2021-08-17T11:08:06","guid":{"rendered":"https:\/\/fermi.ee\/?p=2880"},"modified":"2025-07-25T13:16:44","modified_gmt":"2025-07-25T10:16:44","slug":"reaktorireede","status":"publish","type":"page","link":"https:\/\/fermi.ee\/uk\/reaktorireede\/","title":{"rendered":"\u0416\u0438\u0432\u043b\u0435\u043d\u043d\u044f \u0440\u0435\u0430\u043a\u0442\u043e\u0440\u0430"},"content":{"rendered":"<div data-elementor-type=\"wp-post\" data-elementor-id=\"2880\" class=\"elementor elementor-2880\" data-elementor-settings=\"{&quot;ha_cmc_init_switcher&quot;:&quot;no&quot;}\" data-elementor-post-type=\"page\">\n\t\t\t\t\t\t<section data-particle_enable=\"false\" data-particle-mobile-disabled=\"false\" class=\"elementor-section elementor-top-section elementor-element elementor-element-c9bb043 elementor-section-boxed elementor-section-height-default elementor-section-height-default\" data-id=\"c9bb043\" data-element_type=\"section\" data-e-type=\"section\" data-settings=\"{&quot;_ha_eqh_enable&quot;:false}\">\n\t\t\t\t\t\t<div class=\"elementor-container elementor-column-gap-default\">\n\t\t\t\t\t<div class=\"elementor-column elementor-col-100 elementor-top-column elementor-element elementor-element-73f2775\" data-id=\"73f2775\" data-element_type=\"column\" data-e-type=\"column\">\n\t\t\t<div class=\"elementor-widget-wrap elementor-element-populated\">\n\t\t\t\t\t\t<section data-particle_enable=\"false\" data-particle-mobile-disabled=\"false\" class=\"elementor-section elementor-inner-section elementor-element elementor-element-896fab3 elementor-section-boxed elementor-section-height-default elementor-section-height-default\" data-id=\"896fab3\" data-element_type=\"section\" data-e-type=\"section\" data-settings=\"{&quot;_ha_eqh_enable&quot;:false}\">\n\t\t\t\t\t\t<div class=\"elementor-container elementor-column-gap-default\">\n\t\t\t\t\t<div class=\"elementor-column elementor-col-50 elementor-inner-column elementor-element elementor-element-4f5c656\" data-id=\"4f5c656\" data-element_type=\"column\" data-e-type=\"column\">\n\t\t\t<div class=\"elementor-widget-wrap elementor-element-populated\">\n\t\t\t\t\t\t<div class=\"elementor-element elementor-element-f3d3c25 elementor-widget elementor-widget-text-editor\" data-id=\"f3d3c25\" data-element_type=\"widget\" data-e-type=\"widget\" data-widget_type=\"text-editor.default\">\n\t\t\t\t<div class=\"elementor-widget-container\">\n\t\t\t\t\t\t\t\t\t<p>Reactor Road - \u0446\u0435 \u0441\u0435\u0440\u0456\u044f \u0432\u0435\u0431\u0456\u043d\u0430\u0440\u0456\u0432 \u0443 2021-2023 \u0440\u043e\u043a\u0430\u0445, \u0434\u0435 \u0432 \u043e\u0441\u0442\u0430\u043d\u043d\u044e \u043f'\u044f\u0442\u043d\u0438\u0446\u044e \u043a\u043e\u0436\u043d\u043e\u0433\u043e \u043c\u0456\u0441\u044f\u0446\u044f, \u043f\u043e\u0447\u0438\u043d\u0430\u044e\u0447\u0438 \u0437 16:00, \u043c\u0438 \u0433\u043e\u0432\u043e\u0440\u0438\u043b\u0438 \u0432 Zoom \u043d\u0430 \u0442\u0435\u043c\u0438, \u043f\u043e\u0432'\u044f\u0437\u0430\u043d\u0456 \u0437 \u044f\u0434\u0435\u0440\u043d\u043e\u044e \u0433\u0430\u043b\u0443\u0437\u0437\u044e, \u0437\u043e\u043a\u0440\u0435\u043c\u0430 \u043f\u0440\u043e \u043d\u043e\u0432\u0456 \u0442\u0435\u0445\u043d\u043e\u043b\u043e\u0433\u0456\u0457, \u044f\u0434\u0435\u0440\u043d\u0443 \u0444\u0456\u0437\u0438\u043a\u0443, \u043c\u043e\u0436\u043b\u0438\u0432\u043e\u0441\u0442\u0456 \u043d\u0430\u0432\u0447\u0430\u043d\u043d\u044f \u0432 \u044f\u0434\u0435\u0440\u043d\u0456\u0439 \u0433\u0430\u043b\u0443\u0437\u0456, \u0441\u0438\u0441\u0442\u0435\u043c\u0438 \u044f\u0434\u0435\u0440\u043d\u043e\u0457 \u0431\u0435\u0437\u043f\u0435\u043a\u0438, \u044f\u0434\u0435\u0440\u043d\u0443 \u043c\u0435\u0434\u0438\u0446\u0438\u043d\u0443, \u044f\u0434\u0435\u0440\u043d\u0456 \u0430\u0432\u0430\u0440\u0456\u0457 \u0442\u0430 \u043e\u0442\u0440\u0438\u043c\u0430\u043d\u0456 \u0443\u0440\u043e\u043a\u0438, \u044f\u0434\u0435\u0440\u043d\u0456 \u0432\u0456\u0434\u0445\u043e\u0434\u0438 \u0442\u0430 \u0431\u0430\u0433\u0430\u0442\u043e \u0456\u043d\u0448\u043e\u0433\u043e.<\/p><p><span style=\"font-size: 15px; font-style: normal; font-weight: 400;\">\u0412\u0441\u0456 \u0447\u0430\u0441\u0442\u0438\u043d\u0438 \u0442\u0440\u0430\u0454\u043a\u0442\u043e\u0440\u0456\u0439 \u0440\u0435\u0430\u043a\u0442\u043e\u0440\u0430 \u043f\u0440\u043e\u0433\u043b\u044f\u0434\u0430\u044e\u0442\u044c\u0441\u044f <\/span><a href=\"https:\/\/youtube.com\/playlist?list=PLB0OIOoBcBI5rWanCTbuw6pLRtvAYVyiT\" target=\"_blank\" rel=\"noopener\" data-wplink-edit=\"true\">Youtube<\/a><span style=\"font-size: 15px; font-style: normal; font-weight: 400;\">.<\/span><\/p>\t\t\t\t\t\t\t\t<\/div>\n\t\t\t\t<\/div>\n\t\t\t\t\t<\/div>\n\t\t<\/div>\n\t\t\t\t<div class=\"elementor-column elementor-col-50 elementor-inner-column elementor-element elementor-element-9cd14cb\" data-id=\"9cd14cb\" data-element_type=\"column\" data-e-type=\"column\">\n\t\t\t<div class=\"elementor-widget-wrap elementor-element-populated\">\n\t\t\t\t\t\t<div class=\"elementor-element elementor-element-e4e926b elementor-widget elementor-widget-image\" data-id=\"e4e926b\" data-element_type=\"widget\" data-e-type=\"widget\" data-widget_type=\"image.default\">\n\t\t\t\t<div class=\"elementor-widget-container\">\n\t\t\t\t\t\t\t\t\t\t\t\t\t\t\t\t<a href=\"https:\/\/youtube.com\/playlist?list=PLB0OIOoBcBI5rWanCTbuw6pLRtvAYVyiT\">\n\t\t\t\t\t\t\t<img fetchpriority=\"high\" decoding=\"async\" width=\"768\" height=\"432\" src=\"https:\/\/fermi.ee\/wp-content\/uploads\/2021\/08\/rr-head-uus-2-768x432.jpg\" class=\"attachment-medium_large size-medium_large wp-image-2882\" alt=\"\" srcset=\"https:\/\/fermi.ee\/wp-content\/uploads\/2021\/08\/rr-head-uus-2-768x432.jpg 768w, https:\/\/fermi.ee\/wp-content\/uploads\/2021\/08\/rr-head-uus-2-300x169.jpg 300w, https:\/\/fermi.ee\/wp-content\/uploads\/2021\/08\/rr-head-uus-2-1024x576.jpg 1024w, https:\/\/fermi.ee\/wp-content\/uploads\/2021\/08\/rr-head-uus-2-1536x864.jpg 1536w, https:\/\/fermi.ee\/wp-content\/uploads\/2021\/08\/rr-head-uus-2.jpg 1920w\" sizes=\"(max-width: 768px) 100vw, 768px\" \/>\t\t\t\t\t\t\t\t<\/a>\n\t\t\t\t\t\t\t\t\t\t\t\t\t\t\t<\/div>\n\t\t\t\t<\/div>\n\t\t\t\t\t<\/div>\n\t\t<\/div>\n\t\t\t\t\t<\/div>\n\t\t<\/section>\n\t\t\t\t\t<\/div>\n\t\t<\/div>\n\t\t\t\t\t<\/div>\n\t\t<\/section>\n\t\t\t\t<\/div>","protected":false},"excerpt":{"rendered":"<p>Reaktorireede oli 2021-2023 peetud veebiloengusari, kus iga kuu viimasel reedel algusega kell 16:00 r\u00e4\u00e4kisime Zoomis tuumavaldkonnaga seotud teemadest, seal hulgas n\u00e4iteks uutest tehnoloogiatest, tuumaf\u00fc\u00fcsikast, tuumaenergeetika \u00f5ppimisv\u00f5imalustest, tuumajaamade ohutuss\u00fcsteemidest, nukleaarmeditsiinist, tuumajaamades toimunud \u00f5nnetustest ja nende \u00f5ppetundidest, [&hellip;]<\/p>\n","protected":false},"author":8,"featured_media":0,"parent":0,"menu_order":0,"comment_status":"open","ping_status":"open","template":"","meta":{"site-sidebar-layout":"default","site-content-layout":"default","ast-site-content-layout":"default","site-content-style":"default","site-sidebar-style":"default","ast-global-header-display":"","ast-banner-title-visibility":"","ast-main-header-display":"","ast-hfb-above-header-display":"","ast-hfb-below-header-display":"","ast-hfb-mobile-header-display":"","site-post-title":"","ast-breadcrumbs-content":"","ast-featured-img":"","footer-sml-layout":"","ast-disable-related-posts":"","theme-transparent-header-meta":"default","adv-header-id-meta":"","stick-header-meta":"default","header-above-stick-meta":"","header-main-stick-meta":"","header-below-stick-meta":"","astra-migrate-meta-layouts":"default","ast-page-background-enabled":"default","ast-page-background-meta":{"desktop":{"background-color":"","background-image":"","background-repeat":"repeat","background-position":"center center","background-size":"auto","background-attachment":"scroll","background-type":"","background-media":"","overlay-type":"","overlay-color":"","overlay-opacity":"","overlay-gradient":""},"tablet":{"background-color":"","background-image":"","background-repeat":"repeat","background-position":"center center","background-size":"auto","background-attachment":"scroll","background-type":"","background-media":"","overlay-type":"","overlay-color":"","overlay-opacity":"","overlay-gradient":""},"mobile":{"background-color":"","background-image":"","background-repeat":"repeat","background-position":"center center","background-size":"auto","background-attachment":"scroll","background-type":"","background-media":"","overlay-type":"","overlay-color":"","overlay-opacity":"","overlay-gradient":""}},"ast-content-background-meta":{"desktop":{"background-color":"var(--ast-global-color-5)","background-image":"","background-repeat":"repeat","background-position":"center center","background-size":"auto","background-attachment":"scroll","background-type":"","background-media":"","overlay-type":"","overlay-color":"","overlay-opacity":"","overlay-gradient":""},"tablet":{"background-color":"var(--ast-global-color-5)","background-image":"","background-repeat":"repeat","background-position":"center center","background-size":"auto","background-attachment":"scroll","background-type":"","background-media":"","overlay-type":"","overlay-color":"","overlay-opacity":"","overlay-gradient":""},"mobile":{"background-color":"var(--ast-global-color-5)","background-image":"","background-repeat":"repeat","background-position":"center center","background-size":"auto","background-attachment":"scroll","background-type":"","background-media":"","overlay-type":"","overlay-color":"","overlay-opacity":"","overlay-gradient":""}},"footnotes":""},"class_list":["post-2880","page","type-page","status-publish","hentry"],"_links":{"self":[{"href":"https:\/\/fermi.ee\/uk\/wp-json\/wp\/v2\/pages\/2880","targetHints":{"allow":["GET"]}}],"collection":[{"href":"https:\/\/fermi.ee\/uk\/wp-json\/wp\/v2\/pages"}],"about":[{"href":"https:\/\/fermi.ee\/uk\/wp-json\/wp\/v2\/types\/page"}],"author":[{"embeddable":true,"href":"https:\/\/fermi.ee\/uk\/wp-json\/wp\/v2\/users\/8"}],"replies":[{"embeddable":true,"href":"https:\/\/fermi.ee\/uk\/wp-json\/wp\/v2\/comments?post=2880"}],"version-history":[{"count":34,"href":"https:\/\/fermi.ee\/uk\/wp-json\/wp\/v2\/pages\/2880\/revisions"}],"predecessor-version":[{"id":15247,"href":"https:\/\/fermi.ee\/uk\/wp-json\/wp\/v2\/pages\/2880\/revisions\/15247"}],"wp:attachment":[{"href":"https:\/\/fermi.ee\/uk\/wp-json\/wp\/v2\/media?parent=2880"}],"curies":[{"name":"wp","href":"https:\/\/api.w.org\/{rel}","templated":true}]}}