{"id":37,"date":"2019-08-08T15:50:27","date_gmt":"2019-08-08T12:50:27","guid":{"rendered":"https:\/\/fermi.local\/?page_id=37"},"modified":"2021-09-02T14:18:42","modified_gmt":"2021-09-02T11:18:42","slug":"energia-kliima","status":"publish","type":"page","link":"https:\/\/fermi.ee\/uk\/energia-kliima\/","title":{"rendered":"\u0415\u043d\u0435\u0440\u0433\u0435\u0442\u0438\u043a\u0430 \u0442\u0430 \u043a\u043b\u0456\u043c\u0430\u0442"},"content":{"rendered":"<div data-elementor-type=\"wp-page\" data-elementor-id=\"37\" class=\"elementor elementor-37\" data-elementor-settings=\"{&quot;ha_cmc_init_switcher&quot;:&quot;no&quot;}\" data-elementor-post-type=\"page\">\n\t\t\t\t\t\t<section data-particle_enable=\"false\" data-particle-mobile-disabled=\"false\" class=\"elementor-section elementor-top-section elementor-element elementor-element-5ce03b69 elementor-section-full_width elementor-section-height-default elementor-section-height-default\" data-id=\"5ce03b69\" data-element_type=\"section\" data-e-type=\"section\" data-settings=\"{&quot;_ha_eqh_enable&quot;:false}\">\n\t\t\t\t\t\t<div class=\"elementor-container elementor-column-gap-default\">\n\t\t\t\t\t<div class=\"elementor-column elementor-col-100 elementor-top-column elementor-element elementor-element-4013e3e6\" data-id=\"4013e3e6\" data-element_type=\"column\" data-e-type=\"column\">\n\t\t\t<div class=\"elementor-widget-wrap elementor-element-populated\">\n\t\t\t\t\t\t<div class=\"elementor-element elementor-element-8df4de2 elementor-widget elementor-widget-heading\" data-id=\"8df4de2\" data-element_type=\"widget\" data-e-type=\"widget\" data-widget_type=\"heading.default\">\n\t\t\t\t<div class=\"elementor-widget-container\">\n\t\t\t\t\t<h3 class=\"elementor-heading-title elementor-size-default\">\u0427\u043e\u043c\u0443 \u0432\u0456\u0434\u0431\u0443\u0432\u0430\u0454\u0442\u044c\u0441\u044f \u043f\u043e\u0442\u0435\u043f\u043b\u0456\u043d\u043d\u044f \u043a\u043b\u0456\u043c\u0430\u0442\u0443?<\/h3>\t\t\t\t<\/div>\n\t\t\t\t<\/div>\n\t\t\t\t<section data-particle_enable=\"false\" data-particle-mobile-disabled=\"false\" class=\"elementor-section elementor-inner-section elementor-element elementor-element-71f641a elementor-section-boxed elementor-section-height-default elementor-section-height-default\" data-id=\"71f641a\" data-element_type=\"section\" data-e-type=\"section\" data-settings=\"{&quot;_ha_eqh_enable&quot;:false}\">\n\t\t\t\t\t\t<div class=\"elementor-container elementor-column-gap-default\">\n\t\t\t\t\t<div class=\"elementor-column elementor-col-50 elementor-inner-column elementor-element elementor-element-e72087f\" data-id=\"e72087f\" data-element_type=\"column\" data-e-type=\"column\">\n\t\t\t<div class=\"elementor-widget-wrap elementor-element-populated\">\n\t\t\t\t\t\t<div class=\"elementor-element elementor-element-3c48677 elementor-widget elementor-widget-text-editor\" data-id=\"3c48677\" data-element_type=\"widget\" data-e-type=\"widget\" data-widget_type=\"text-editor.default\">\n\t\t\t\t<div class=\"elementor-widget-container\">\n\t\t\t\t\t\t\t\t\t<p>\u041a\u043b\u0456\u043c\u0430\u0442 \u0417\u0435\u043c\u043b\u0456 \u0441\u0442\u0430\u0454 \u0442\u0435\u043f\u043b\u0456\u0448\u0438\u043c \u0447\u0435\u0440\u0435\u0437 \u043f\u0430\u0440\u043d\u0438\u043a\u043e\u0432\u0438\u0439 \u0435\u0444\u0435\u043a\u0442, \u0441\u043f\u0440\u0438\u0447\u0438\u043d\u0435\u043d\u0438\u0439 \u043d\u0430\u0434\u043b\u0438\u0448\u043a\u043e\u043c \u0432\u0443\u0433\u043b\u0435\u043a\u0438\u0441\u043b\u043e\u0433\u043e \u0433\u0430\u0437\u0443 \u0432 \u0430\u0442\u043c\u043e\u0441\u0444\u0435\u0440\u0456. \u0412\u0443\u0433\u043b\u0435\u043a\u0438\u0441\u043b\u0438\u0439 \u0433\u0430\u0437 (CO2) \u0442\u0430\u043a\u043e\u0436 \u0443\u0442\u0432\u043e\u0440\u044e\u0454\u0442\u044c\u0441\u044f \u043f\u0440\u0438\u0440\u043e\u0434\u043d\u0438\u043c \u0448\u043b\u044f\u0445\u043e\u043c, \u0430\u043b\u0435 \u0439\u043e\u0433\u043e \u043a\u0456\u043b\u044c\u043a\u0456\u0441\u0442\u044c, \u0449\u043e \u0434\u043e\u0434\u0430\u0454\u0442\u044c\u0441\u044f \u043f\u0440\u0438 \u0441\u043f\u0430\u043b\u044e\u0432\u0430\u043d\u043d\u0456 \u043f\u0430\u043b\u0438\u0432\u0430, \u0434\u043e\u0441\u0438\u0442\u044c \u0432\u0435\u043b\u0438\u043a\u0430, \u0449\u043e\u0431 \u043f\u043e\u0440\u0443\u0448\u0438\u0442\u0438 \u043f\u0440\u0438\u0440\u043e\u0434\u043d\u0438\u0439 \u0431\u0430\u043b\u0430\u043d\u0441 CO2.<\/p><p>\u041e\u0441\u0442\u0430\u043d\u043d\u0456 100 \u0440\u043e\u043a\u0456\u0432 \u043e\u0441\u043d\u043e\u0432\u043d\u0438\u043c \u043f\u0430\u043b\u0438\u0432\u043e\u043c \u0431\u0443\u043b\u0438 \u0456 \u0437\u0430\u043b\u0438\u0448\u0430\u0442\u044c\u0441\u044f \u0432\u0438\u043a\u043e\u043f\u043d\u0456 \u0432\u0438\u0434\u0438 \u043f\u0430\u043b\u0438\u0432\u0430: \u0432\u0443\u0433\u0456\u043b\u043b\u044f, \u043d\u0430\u0444\u0442\u0430 \u0456 \u0433\u0430\u0437, \u043f\u0440\u0438 \u0441\u043f\u0430\u043b\u044e\u0432\u0430\u043d\u043d\u0456 \u044f\u043a\u0438\u0445 \u0432 \u0430\u0442\u043c\u043e\u0441\u0444\u0435\u0440\u0443 \u0432\u0438\u0434\u0456\u043b\u044f\u044e\u0442\u044c\u0441\u044f \u043f\u0430\u0440\u043d\u0438\u043a\u043e\u0432\u0456 \u0433\u0430\u0437\u0438. <a href=\"https:\/\/www.visualcapitalist.com\/all-the-worlds-carbon-emissions-in-one-chart\">36 200 \u043c\u043b\u043d \u0442\u043e\u043d\u043d \u0432\u0443\u0433\u043b\u0435\u043a\u0438\u0441\u043b\u043e\u0433\u043e \u0433\u0430\u0437\u0443<\/a><a href=\"https:\/\/www.visualcapitalist.com\/all-the-worlds-carbon-emissions-in-one-chart\/\" target=\"_blank\" rel=\"noopener noreferrer\">\u00a0<\/a>\u0430 \u0440\u0456\u0432\u0435\u043d\u044c CO2 \u0432 \u0430\u0442\u043c\u043e\u0441\u0444\u0435\u0440\u0456 \u043f\u0456\u0434\u0432\u0438\u0449\u0438\u0432\u0441\u044f \u0437 \u043d\u043e\u0440\u043c\u0430\u043b\u044c\u043d\u0438\u0445 150-300 \u043f\u0440\u043e\u043c\u0456\u043b\u0435.\u00a0<b>417 \u043f\u0440\u043e\u043c\u0456\u043b\u0435<\/b> \u0434\u043e \u0440\u0456\u0432\u043d\u044f, \u044f\u043a\u0438\u0439 <a href=\"https:\/\/climate.nasa.gov\/climate_resources\/24\/graphic-the-relentless-rise-of-carbon-dioxide\/\">\u041e\u0441\u0442\u0430\u043d\u043d\u0456\u0439 <b>800 000 \u0443<\/b> \u043d\u0430\u0439\u0432\u0438\u0449\u0438\u0439 \u0440\u0456\u0432\u0435\u043d\u044c<\/a>.\u00a0<\/p>\t\t\t\t\t\t\t\t<\/div>\n\t\t\t\t<\/div>\n\t\t\t\t\t<\/div>\n\t\t<\/div>\n\t\t\t\t<div class=\"elementor-column elementor-col-50 elementor-inner-column elementor-element elementor-element-6190efe\" data-id=\"6190efe\" data-element_type=\"column\" data-e-type=\"column\">\n\t\t\t<div class=\"elementor-widget-wrap elementor-element-populated\">\n\t\t\t\t\t\t<div class=\"elementor-element elementor-element-70791a5 elementor-widget elementor-widget-image\" data-id=\"70791a5\" data-element_type=\"widget\" data-e-type=\"widget\" data-widget_type=\"image.default\">\n\t\t\t\t<div class=\"elementor-widget-container\">\n\t\t\t\t\t\t\t\t\t\t\t\t<figure class=\"wp-caption\">\n\t\t\t\t\t\t\t\t\t\t\t<a href=\"https:\/\/ourworldindata.org\/energy-production-consumption\">\n\t\t\t\t\t\t\t<img fetchpriority=\"high\" decoding=\"async\" width=\"1024\" height=\"723\" src=\"https:\/\/fermi.ee\/wp-content\/uploads\/2021\/09\/global-energy-substitution-1024x723.png\" class=\"attachment-large size-large wp-image-3013\" alt=\"\" srcset=\"https:\/\/fermi.ee\/wp-content\/uploads\/2021\/09\/global-energy-substitution-1024x723.png 1024w, https:\/\/fermi.ee\/wp-content\/uploads\/2021\/09\/global-energy-substitution-300x212.png 300w, https:\/\/fermi.ee\/wp-content\/uploads\/2021\/09\/global-energy-substitution-768x542.png 768w, https:\/\/fermi.ee\/wp-content\/uploads\/2021\/09\/global-energy-substitution-1536x1084.png 1536w, https:\/\/fermi.ee\/wp-content\/uploads\/2021\/09\/global-energy-substitution-2048x1446.png 2048w\" sizes=\"(max-width: 1024px) 100vw, 1024px\" \/>\t\t\t\t\t\t\t\t<\/a>\n\t\t\t\t\t\t\t\t\t\t\t<figcaption class=\"widget-image-caption wp-caption-text\">\u0414\u0436\u0435\u0440\u0435\u043b\u043e: \u041d\u0430\u0448 \u0441\u0432\u0456\u0442 \u0443 \u0434\u0430\u043d\u0438\u0445<\/figcaption>\n\t\t\t\t\t\t\t\t\t\t<\/figure>\n\t\t\t\t\t\t\t\t\t<\/div>\n\t\t\t\t<\/div>\n\t\t\t\t\t<\/div>\n\t\t<\/div>\n\t\t\t\t\t<\/div>\n\t\t<\/section>\n\t\t\t\t<div class=\"elementor-element elementor-element-92cb30d ha-has-bg-overlay elementor-widget elementor-widget-image\" data-id=\"92cb30d\" data-element_type=\"widget\" data-e-type=\"widget\" data-widget_type=\"image.default\">\n\t\t\t\t<div class=\"elementor-widget-container\">\n\t\t\t\t\t\t\t\t\t\t\t\t<figure class=\"wp-caption\">\n\t\t\t\t\t\t\t\t\t\t\t<a href=\"https:\/\/www.climate.gov\/news-features\/understanding-climate\/climate-change-atmospheric-carbon-dioxide\">\n\t\t\t\t\t\t\t<img decoding=\"async\" width=\"768\" height=\"511\" src=\"https:\/\/fermi.ee\/wp-content\/uploads\/2021\/09\/bams-sotc-2019-co2-paleo-1000px-768x511.jpeg\" class=\"attachment-medium_large size-medium_large wp-image-3008\" alt=\"\" srcset=\"https:\/\/fermi.ee\/wp-content\/uploads\/2021\/09\/bams-sotc-2019-co2-paleo-1000px-768x511.jpeg 768w, https:\/\/fermi.ee\/wp-content\/uploads\/2021\/09\/bams-sotc-2019-co2-paleo-1000px-300x200.jpeg 300w, https:\/\/fermi.ee\/wp-content\/uploads\/2021\/09\/bams-sotc-2019-co2-paleo-1000px.jpeg 1000w\" sizes=\"(max-width: 768px) 100vw, 768px\" \/>\t\t\t\t\t\t\t\t<\/a>\n\t\t\t\t\t\t\t\t\t\t\t<figcaption class=\"widget-image-caption wp-caption-text\">\u0414\u0436\u0435\u0440\u0435\u043b\u043e: NOAA<\/figcaption>\n\t\t\t\t\t\t\t\t\t\t<\/figure>\n\t\t\t\t\t\t\t\t\t<\/div>\n\t\t\t\t<\/div>\n\t\t\t\t<div class=\"elementor-element elementor-element-72b54c7 elementor-widget elementor-widget-spacer\" data-id=\"72b54c7\" data-element_type=\"widget\" data-e-type=\"widget\" data-widget_type=\"spacer.default\">\n\t\t\t\t<div class=\"elementor-widget-container\">\n\t\t\t\t\t\t\t<div class=\"elementor-spacer\">\n\t\t\t<div class=\"elementor-spacer-inner\"><\/div>\n\t\t<\/div>\n\t\t\t\t\t\t<\/div>\n\t\t\t\t<\/div>\n\t\t\t\t<div class=\"elementor-element elementor-element-4bc2eb0 elementor-widget elementor-widget-heading\" data-id=\"4bc2eb0\" data-element_type=\"widget\" data-e-type=\"widget\" data-widget_type=\"heading.default\">\n\t\t\t\t<div class=\"elementor-widget-container\">\n\t\t\t\t\t<h3 class=\"elementor-heading-title elementor-size-default\">\u041f\u0440\u043e\u0434\u043e\u0432\u0436\u0435\u043d\u043d\u044f \u0432\u0438\u043a\u043e\u0440\u0438\u0441\u0442\u0430\u043d\u043d\u044f \u0432\u0438\u043a\u043e\u043f\u043d\u043e\u0433\u043e \u043f\u0430\u043b\u0438\u0432\u0430 \u043f\u0440\u0438\u0441\u043a\u043e\u0440\u044e\u0454 \u043f\u043e\u0442\u0435\u043f\u043b\u0456\u043d\u043d\u044f \u043a\u043b\u0456\u043c\u0430\u0442\u0443<\/h3>\t\t\t\t<\/div>\n\t\t\t\t<\/div>\n\t\t\t\t<div class=\"elementor-element elementor-element-0fdb310 elementor-widget elementor-widget-text-editor\" data-id=\"0fdb310\" data-element_type=\"widget\" data-e-type=\"widget\" data-widget_type=\"text-editor.default\">\n\t\t\t\t<div class=\"elementor-widget-container\">\n\t\t\t\t\t\t\t\t\t<p>\u041a\u043b\u0456\u043c\u0430\u0442 \u0417\u0435\u043c\u043b\u0456 \u0437\u0430\u0432\u0436\u0434\u0438 \u0437\u043c\u0456\u043d\u044e\u0432\u0430\u0432\u0441\u044f, \u0430\u043b\u0435 <a href=\"https:\/\/www.ipcc.ch\/report\/ar6\/wg1\/#SPM\">\u041d\u0456\u043a\u043e\u043b\u0438 \u0440\u0430\u043d\u0456\u0448\u0435 \u043d\u0435 \u0431\u0443\u043b\u043e \u0442\u0430\u043a \u0448\u0432\u0438\u0434\u043a\u043e, \u044f\u043a \u0437\u0430\u0440\u0430\u0437<\/a>.<\/p><p>\u0426\u0435 \u0437\u0430\u043b\u0438\u0448\u0430\u0454 \u0434\u0443\u0436\u0435 \u043c\u0430\u043b\u043e \u0447\u0430\u0441\u0443 \u0434\u043b\u044f \u0432\u0438\u0434\u0456\u0432, \u0432\u043a\u043b\u044e\u0447\u0430\u044e\u0447\u0438 \u043b\u044e\u0434\u0435\u0439, \u0449\u043e\u0431 \u0430\u0434\u0430\u043f\u0442\u0443\u0432\u0430\u0442\u0438\u0441\u044f \u0434\u043e \u0437\u043c\u0456\u043d. \u0427\u0438\u043c \u0448\u0432\u0438\u0434\u0448\u0435 \u043c\u0438 \u043f\u043e\u0447\u043d\u0435\u043c\u043e \u0441\u043f\u043e\u0432\u0456\u043b\u044c\u043d\u044e\u0432\u0430\u0442\u0438 \u0430\u043d\u0442\u0440\u043e\u043f\u043e\u0433\u0435\u043d\u043d\u0456 \u0437\u043c\u0456\u043d\u0438 \u043a\u043b\u0456\u043c\u0430\u0442\u0443, \u0442\u0438\u043c \u043a\u0440\u0430\u0449\u0435.<\/p>\t\t\t\t\t\t\t\t<\/div>\n\t\t\t\t<\/div>\n\t\t\t\t<div class=\"elementor-element elementor-element-0baac2f ha-has-bg-overlay elementor-widget elementor-widget-image\" data-id=\"0baac2f\" data-element_type=\"widget\" data-e-type=\"widget\" data-widget_type=\"image.default\">\n\t\t\t\t<div class=\"elementor-widget-container\">\n\t\t\t\t\t\t\t\t\t\t\t\t<figure class=\"wp-caption\">\n\t\t\t\t\t\t\t\t\t\t\t<a href=\"https:\/\/envir.ee\/kliima\/kliima\/kliimamuutuste-olemus\">\n\t\t\t\t\t\t\t<img decoding=\"async\" width=\"768\" height=\"502\" src=\"https:\/\/fermi.ee\/wp-content\/uploads\/2021\/08\/temperatuurigraafik-768x502.png\" class=\"attachment-medium_large size-medium_large wp-image-2934\" alt=\"\" srcset=\"https:\/\/fermi.ee\/wp-content\/uploads\/2021\/08\/temperatuurigraafik-768x502.png 768w, https:\/\/fermi.ee\/wp-content\/uploads\/2021\/08\/temperatuurigraafik-300x196.png 300w, https:\/\/fermi.ee\/wp-content\/uploads\/2021\/08\/temperatuurigraafik.png 973w\" sizes=\"(max-width: 768px) 100vw, 768px\" \/>\t\t\t\t\t\t\t\t<\/a>\n\t\t\t\t\t\t\t\t\t\t\t<figcaption class=\"widget-image-caption wp-caption-text\">\u0414\u0436\u0435\u0440\u0435\u043b\u043e: \u041c\u0456\u043d\u0456\u0441\u0442\u0435\u0440\u0441\u0442\u0432\u043e \u0435\u043a\u043e\u043b\u043e\u0433\u0456\u0457 \u0442\u0430 \u043f\u0440\u0438\u0440\u043e\u0434\u043d\u0438\u0445 \u0440\u0435\u0441\u0443\u0440\u0441\u0456\u0432<\/figcaption>\n\t\t\t\t\t\t\t\t\t\t<\/figure>\n\t\t\t\t\t\t\t\t\t<\/div>\n\t\t\t\t<\/div>\n\t\t\t\t<div class=\"elementor-element elementor-element-7bbd1e1 elementor-widget elementor-widget-spacer\" data-id=\"7bbd1e1\" data-element_type=\"widget\" data-e-type=\"widget\" data-widget_type=\"spacer.default\">\n\t\t\t\t<div class=\"elementor-widget-container\">\n\t\t\t\t\t\t\t<div class=\"elementor-spacer\">\n\t\t\t<div class=\"elementor-spacer-inner\"><\/div>\n\t\t<\/div>\n\t\t\t\t\t\t<\/div>\n\t\t\t\t<\/div>\n\t\t\t\t<div class=\"elementor-element elementor-element-2cbe7b4 elementor-widget elementor-widget-text-editor\" data-id=\"2cbe7b4\" data-element_type=\"widget\" data-e-type=\"widget\" data-widget_type=\"text-editor.default\">\n\t\t\t\t<div class=\"elementor-widget-container\">\n\t\t\t\t\t\t\t\t\t<p>\u0417 \u0447\u0430\u0441\u0456\u0432 \u0420\u043e\u0431\u0456\u0442\u043d\u0438\u0447\u043e\u0457 \u0440\u0435\u0432\u043e\u043b\u044e\u0446\u0456\u0457 1790-\u0445 \u0440\u043e\u043a\u0456\u0432 \u043a\u043b\u0456\u043c\u0430\u0442 \u0417\u0435\u043c\u043b\u0456 \u043f\u043e\u0442\u0435\u043f\u043b\u0456\u0448\u0430\u0432 \u043d\u0430 1 \u0433\u0440\u0430\u0434\u0443\u0441 \u0437\u0430 \u0426\u0435\u043b\u044c\u0441\u0456\u0454\u043c \u0447\u0435\u0440\u0435\u0437 \u0432\u0438\u043a\u0438\u0434\u0438 \u0432\u0443\u0433\u043b\u0435\u043a\u0438\u0441\u043b\u043e\u0433\u043e \u0433\u0430\u0437\u0443, \u0430 \u043e\u0441\u0442\u0430\u043d\u043d\u0456 18 \u0440\u043e\u043a\u0456\u0432 \u0441\u0442\u0430\u043b\u0438 \u043d\u0430\u0439\u0442\u0435\u043f\u043b\u0456\u0448\u0438\u043c\u0438 \u0437\u0430 \u0432\u0441\u044e \u0456\u0441\u0442\u043e\u0440\u0456\u044e \u0441\u043f\u043e\u0441\u0442\u0435\u0440\u0435\u0436\u0435\u043d\u044c. \u0423 21 \u0441\u0442\u043e\u043b\u0456\u0442\u0442\u0456 \u0446\u0435 \u0441\u0443\u043f\u0440\u043e\u0432\u043e\u0434\u0436\u0443\u0432\u0430\u0442\u0438\u043c\u0435\u0442\u044c\u0441\u044f \u0432\u0438\u043c\u0438\u0440\u0430\u043d\u043d\u044f\u043c \u043d\u0430\u0437\u0435\u043c\u043d\u0438\u0445 \u0432\u0438\u0434\u0456\u0432, \u043d\u0435\u0441\u0442\u0430\u0447\u0435\u044e \u0457\u0436\u0456 \u0442\u0430 \u0432\u043e\u0434\u0438 \u0432 \u043f\u043e\u0441\u0443\u0448\u043b\u0438\u0432\u0438\u0445 \u0440\u0435\u0433\u0456\u043e\u043d\u0430\u0445 \u0456 \u043f\u043e\u044f\u0432\u043e\u044e \u043a\u043b\u0456\u043c\u0430\u0442\u0438\u0447\u043d\u0438\u0445 \u0431\u0456\u0436\u0435\u043d\u0446\u0456\u0432.<\/p><p>194 \u043a\u0440\u0430\u0457\u043d\u0438 \u043f\u043e\u0433\u043e\u0434\u0438\u043b\u0438 \u0432 \u0433\u0440\u0443\u0434\u043d\u0456 2015 \u0440\u043e\u043a\u0443 \u0432 \u0440\u0430\u043c\u043a\u0430\u0445 \u041f\u0430\u0440\u0438\u0437\u044c\u043a\u043e\u0457 \u043a\u043b\u0456\u043c\u0430\u0442\u0438\u0447\u043d\u043e\u0457 \u0443\u0433\u043e\u0434\u0438 \u043e\u0431\u043e\u0432'\u044f\u0437\u043a\u043e\u0432\u0438\u0439 \u0434\u043e \u0432\u0438\u043a\u043e\u043d\u0430\u043d\u043d\u044f \u0433\u043b\u043e\u0431\u0430\u043b\u044c\u043d\u0438\u0439 \u043f\u043b\u0430\u043d \u0434\u0456\u0439 \u0449\u043e\u0434\u043e \u0437\u0430\u043f\u043e\u0431\u0456\u0433\u0430\u043d\u043d\u044f \u043d\u0435\u0431\u0435\u0437\u043f\u0435\u0447\u043d\u0456\u0439 \u0437\u043c\u0456\u043d\u0456 \u043a\u043b\u0456\u043c\u0430\u0442\u0443 \u0448\u043b\u044f\u0445\u043e\u043c \u0443\u0442\u0440\u0438\u043c\u0430\u043d\u043d\u044f \u0437\u0440\u043e\u0441\u0442\u0430\u043d\u043d\u044f \u0441\u0435\u0440\u0435\u0434\u043d\u044c\u043e\u0457 \u0433\u043b\u043e\u0431\u0430\u043b\u044c\u043d\u043e\u0457 \u0442\u0435\u043c\u043f\u0435\u0440\u0430\u0442\u0443\u0440\u0438 \u043d\u0430 \u0440\u0456\u0432\u043d\u0456, \u0437\u043d\u0430\u0447\u043d\u043e \u043d\u0438\u0436\u0447\u043e\u043c\u0443 \u0437\u0430 2\u00b0C \u0432\u0456\u0434 \u0434\u043e\u0456\u043d\u0434\u0443\u0441\u0442\u0440\u0456\u0430\u043b\u044c\u043d\u043e\u0433\u043e \u0440\u0456\u0432\u043d\u044f.<\/p>\t\t\t\t\t\t\t\t<\/div>\n\t\t\t\t<\/div>\n\t\t\t\t<div class=\"elementor-element elementor-element-106c25e elementor-widget elementor-widget-heading\" data-id=\"106c25e\" data-element_type=\"widget\" data-e-type=\"widget\" data-widget_type=\"heading.default\">\n\t\t\t\t<div class=\"elementor-widget-container\">\n\t\t\t\t\t<h3 class=\"elementor-heading-title elementor-size-default\">\u0415\u043d\u0435\u0440\u0433\u0435\u0442\u0438\u043a\u0430 \u0432\u0456\u0434\u043f\u043e\u0432\u0456\u0434\u0430\u0454 \u0437\u0430 \u043a\u043b\u0456\u043c\u0430\u0442<\/h3>\t\t\t\t<\/div>\n\t\t\t\t<\/div>\n\t\t\t\t<div class=\"elementor-element elementor-element-5600069 ha-has-bg-overlay elementor-widget elementor-widget-image\" data-id=\"5600069\" data-element_type=\"widget\" data-e-type=\"widget\" data-widget_type=\"image.default\">\n\t\t\t\t<div class=\"elementor-widget-container\">\n\t\t\t\t\t\t\t\t\t\t\t\t<figure class=\"wp-caption\">\n\t\t\t\t\t\t\t\t\t\t\t<a href=\"https:\/\/www.electricitymap.org\/zone\/EE\">\n\t\t\t\t\t\t\t<img loading=\"lazy\" decoding=\"async\" width=\"768\" height=\"691\" src=\"https:\/\/fermi.ee\/wp-content\/uploads\/2021\/08\/copy-of-elektri-tootmise-co2-intensiivsus-24.08.2021-768x691.png\" class=\"attachment-medium_large size-medium_large wp-image-2925\" alt=\"\" srcset=\"https:\/\/fermi.ee\/wp-content\/uploads\/2021\/08\/copy-of-elektri-tootmise-co2-intensiivsus-24.08.2021-768x691.png 768w, https:\/\/fermi.ee\/wp-content\/uploads\/2021\/08\/copy-of-elektri-tootmise-co2-intensiivsus-24.08.2021-300x270.png 300w, https:\/\/fermi.ee\/wp-content\/uploads\/2021\/08\/copy-of-elektri-tootmise-co2-intensiivsus-24.08.2021-1024x922.png 1024w, https:\/\/fermi.ee\/wp-content\/uploads\/2021\/08\/copy-of-elektri-tootmise-co2-intensiivsus-24.08.2021.png 1200w\" sizes=\"(max-width: 768px) 100vw, 768px\" \/>\t\t\t\t\t\t\t\t<\/a>\n\t\t\t\t\t\t\t\t\t\t\t<figcaption class=\"widget-image-caption wp-caption-text\">\u0414\u0436\u0435\u0440\u0435\u043b\u043e: electricitymap.org<\/figcaption>\n\t\t\t\t\t\t\t\t\t\t<\/figure>\n\t\t\t\t\t\t\t\t\t<\/div>\n\t\t\t\t<\/div>\n\t\t\t\t<div class=\"elementor-element elementor-element-0de2527 elementor-widget elementor-widget-text-editor\" data-id=\"0de2527\" data-element_type=\"widget\" data-e-type=\"widget\" data-widget_type=\"text-editor.default\">\n\t\t\t\t<div class=\"elementor-widget-container\">\n\t\t\t\t\t\t\t\t\t<p><strong>\u0415\u043d\u0435\u0440\u0433\u0435\u0442\u0438\u0447\u043d\u0438\u0439 \u0441\u0435\u043a\u0442\u043e\u0440 \u0454 \u043d\u0430\u0439\u0431\u0456\u043b\u044c\u0448\u0438\u043c \u0434\u0436\u0435\u0440\u0435\u043b\u043e\u043c \u043f\u0430\u0440\u043d\u0438\u043a\u043e\u0432\u0438\u0445 \u0433\u0430\u0437\u0456\u0432 \u0432 \u0415\u0441\u0442\u043e\u043d\u0456\u0457<\/strong>. \u0423 2017 \u0440\u043e\u0446\u0456 \u0432\u043e\u043d\u0430 \u0432\u0438\u043d\u0438\u043a\u043b\u0430 \u0437 <a href=\"https:\/\/www.envir.ee\/et\/eesmargid-tegevused\/kliima\/rahvusvaheline-aruandlus\/kui-palju-eestis-kasvuhoonegaase-tekib\">88,8% \u0432\u0438\u043a\u0438\u0434\u0456\u0432 \u043f\u0430\u0440\u043d\u0438\u043a\u043e\u0432\u0438\u0445 \u0433\u0430\u0437\u0456\u0432 \u0432 \u0415\u0441\u0442\u043e\u043d\u0456\u0457 \u043f\u0440\u0438\u043f\u0430\u0434\u0430\u0454 \u043d\u0430 \u0435\u043d\u0435\u0440\u0433\u0435\u0442\u0438\u0447\u043d\u0438\u0439 \u0441\u0435\u043a\u0442\u043e\u0440<\/a>.\u00a0<\/p><p>\u0426\u0435 \u043e\u0437\u043d\u0430\u0447\u0430\u0454, \u0449\u043e \u0432\u0438\u043a\u0438\u0434\u0438 CO2 \u043d\u0430 \u0434\u0443\u0448\u0443 \u043d\u0430\u0441\u0435\u043b\u0435\u043d\u043d\u044f \u0432 \u0415\u0441\u0442\u043e\u043d\u0456\u0457 <a href=\"https:\/\/databank.worldbank.org\/reports.aspx?source=2&amp;series=EN.ATM.CO2E.PC&amp;country=#\">\u043e\u0434\u043d\u0430 \u0437 \u043d\u0430\u0439\u0432\u0438\u0449\u0438\u0445 \u0443 \u0441\u0432\u0456\u0442\u0456<\/a>.\u00a0<\/p>\t\t\t\t\t\t\t\t<\/div>\n\t\t\t\t<\/div>\n\t\t\t\t\t<\/div>\n\t\t<\/div>\n\t\t\t\t\t<\/div>\n\t\t<\/section>\n\t\t\t\t<\/div>","protected":false},"excerpt":{"rendered":"<p>Miks kliima soojeneb? Maa kliima muutub soojemaks kasvuhooneefekti t\u00f5ttu, mida p\u00f5hjustab atmosf\u00e4\u00e4ris liigne s\u00fcsihappegaas. S\u00fcsihappegaas (CO2) tekib ka looduslikult, kuid k\u00fctuste p\u00f5letamisest lisanduv hulk on piisavalt suur, et looduslikku CO2 sidumise tasakaalu rikkuda. Peamiseks k\u00fctuseks [&hellip;]<\/p>\n","protected":false},"author":1,"featured_media":0,"parent":0,"menu_order":0,"comment_status":"closed","ping_status":"closed","template":"","meta":{"site-sidebar-layout":"default","site-content-layout":"default","ast-site-content-layout":"default","site-content-style":"default","site-sidebar-style":"default","ast-global-header-display":"","ast-banner-title-visibility":"","ast-main-header-display":"","ast-hfb-above-header-display":"","ast-hfb-below-header-display":"","ast-hfb-mobile-header-display":"","site-post-title":"","ast-breadcrumbs-content":"","ast-featured-img":"","footer-sml-layout":"","ast-disable-related-posts":"","theme-transparent-header-meta":"default","adv-header-id-meta":"","stick-header-meta":"default","header-above-stick-meta":"","header-main-stick-meta":"","header-below-stick-meta":"","astra-migrate-meta-layouts":"default","ast-page-background-enabled":"default","ast-page-background-meta":{"desktop":{"background-color":"","background-image":"","background-repeat":"repeat","background-position":"center center","background-size":"auto","background-attachment":"scroll","background-type":"","background-media":"","overlay-type":"","overlay-color":"","overlay-opacity":"","overlay-gradient":""},"tablet":{"background-color":"","background-image":"","background-repeat":"repeat","background-position":"center center","background-size":"auto","background-attachment":"scroll","background-type":"","background-media":"","overlay-type":"","overlay-color":"","overlay-opacity":"","overlay-gradient":""},"mobile":{"background-color":"","background-image":"","background-repeat":"repeat","background-position":"center center","background-size":"auto","background-attachment":"scroll","background-type":"","background-media":"","overlay-type":"","overlay-color":"","overlay-opacity":"","overlay-gradient":""}},"ast-content-background-meta":{"desktop":{"background-color":"var(--ast-global-color-5)","background-image":"","background-repeat":"repeat","background-position":"center center","background-size":"auto","background-attachment":"scroll","background-type":"","background-media":"","overlay-type":"","overlay-color":"","overlay-opacity":"","overlay-gradient":""},"tablet":{"background-color":"var(--ast-global-color-5)","background-image":"","background-repeat":"repeat","background-position":"center center","background-size":"auto","background-attachment":"scroll","background-type":"","background-media":"","overlay-type":"","overlay-color":"","overlay-opacity":"","overlay-gradient":""},"mobile":{"background-color":"var(--ast-global-color-5)","background-image":"","background-repeat":"repeat","background-position":"center center","background-size":"auto","background-attachment":"scroll","background-type":"","background-media":"","overlay-type":"","overlay-color":"","overlay-opacity":"","overlay-gradient":""}},"footnotes":""},"class_list":["post-37","page","type-page","status-publish","hentry"],"_links":{"self":[{"href":"https:\/\/fermi.ee\/uk\/wp-json\/wp\/v2\/pages\/37","targetHints":{"allow":["GET"]}}],"collection":[{"href":"https:\/\/fermi.ee\/uk\/wp-json\/wp\/v2\/pages"}],"about":[{"href":"https:\/\/fermi.ee\/uk\/wp-json\/wp\/v2\/types\/page"}],"author":[{"embeddable":true,"href":"https:\/\/fermi.ee\/uk\/wp-json\/wp\/v2\/users\/1"}],"replies":[{"embeddable":true,"href":"https:\/\/fermi.ee\/uk\/wp-json\/wp\/v2\/comments?post=37"}],"version-history":[{"count":63,"href":"https:\/\/fermi.ee\/uk\/wp-json\/wp\/v2\/pages\/37\/revisions"}],"predecessor-version":[{"id":3062,"href":"https:\/\/fermi.ee\/uk\/wp-json\/wp\/v2\/pages\/37\/revisions\/3062"}],"wp:attachment":[{"href":"https:\/\/fermi.ee\/uk\/wp-json\/wp\/v2\/media?parent=37"}],"curies":[{"name":"wp","href":"https:\/\/api.w.org\/{rel}","templated":true}]}}