{"id":40,"date":"2019-08-08T15:50:27","date_gmt":"2019-08-08T12:50:27","guid":{"rendered":"https:\/\/fermi.local\/?page_id=40"},"modified":"2023-10-06T11:17:14","modified_gmt":"2023-10-06T08:17:14","slug":"eesti-ja-euroopa-energiavalikud","status":"publish","type":"page","link":"https:\/\/fermi.ee\/uk\/eesti-ja-euroopa-energiavalikud\/","title":{"rendered":"\u0415\u0441\u0442\u043e\u043d\u0456\u044f \u0442\u0430 \u0435\u043d\u0435\u0440\u0433\u0435\u0442\u0438\u0447\u043d\u0438\u0439 \u0432\u0438\u0431\u0456\u0440 \u0404\u0432\u0440\u043e\u043f\u0438"},"content":{"rendered":"<div data-elementor-type=\"wp-page\" data-elementor-id=\"40\" class=\"elementor elementor-40\" data-elementor-settings=\"{&quot;ha_cmc_init_switcher&quot;:&quot;no&quot;}\" data-elementor-post-type=\"page\">\n\t\t\t\t\t\t<section data-particle_enable=\"false\" data-particle-mobile-disabled=\"false\" class=\"elementor-section elementor-top-section elementor-element elementor-element-37e9d8fe elementor-section-boxed elementor-section-height-default elementor-section-height-default\" data-id=\"37e9d8fe\" data-element_type=\"section\" data-e-type=\"section\" data-settings=\"{&quot;_ha_eqh_enable&quot;:false}\">\n\t\t\t\t\t\t<div class=\"elementor-container elementor-column-gap-default\">\n\t\t\t\t\t<div class=\"elementor-column elementor-col-100 elementor-top-column elementor-element elementor-element-139aff5\" data-id=\"139aff5\" data-element_type=\"column\" data-e-type=\"column\">\n\t\t\t<div class=\"elementor-widget-wrap elementor-element-populated\">\n\t\t\t\t\t\t<div class=\"elementor-element elementor-element-cf56c67 elementor-widget elementor-widget-text-editor\" data-id=\"cf56c67\" data-element_type=\"widget\" data-e-type=\"widget\" data-widget_type=\"text-editor.default\">\n\t\t\t\t<div class=\"elementor-widget-container\">\n\t\t\t\t\t\t\t\t\t<p>\u0404\u0432\u0440\u043e\u043f\u0435\u0439\u0441\u044c\u043a\u0456 \u043a\u0440\u0430\u0457\u043d\u0438 \u043c\u0430\u044e\u0442\u044c \u0434\u0443\u0436\u0435 \u0440\u0456\u0437\u043d\u0456 \u0435\u043d\u0435\u0440\u0433\u0435\u0442\u0438\u0447\u043d\u0456 \u043f\u043e\u0442\u0440\u0435\u0431\u0438 \u0442\u0430 \u0432\u0438\u043c\u043e\u0433\u0438 \u0434\u043e \u0432\u0438\u0440\u043e\u0431\u043d\u0438\u0446\u0442\u0432\u0430 \u0435\u043d\u0435\u0440\u0433\u0456\u0457, \u0449\u043e \u0437\u0443\u043c\u043e\u0432\u043b\u0435\u043d\u043e \u0457\u0445\u043d\u0456\u043c \u0433\u0435\u043e\u0433\u0440\u0430\u0444\u0456\u0447\u043d\u0438\u043c \u0440\u043e\u0437\u0442\u0430\u0448\u0443\u0432\u0430\u043d\u043d\u044f\u043c. \u0423 \u0433\u0456\u0440\u0441\u044c\u043a\u0456\u0439 \u0410\u0432\u0441\u0442\u0440\u0456\u0457 \u0454 \u0445\u043e\u0440\u043e\u0448\u0456 \u043f\u0435\u0440\u0435\u0434\u0443\u043c\u043e\u0432\u0438 \u0434\u043b\u044f \u0432\u0438\u0440\u043e\u0431\u043d\u0438\u0446\u0442\u0432\u0430 \u0433\u0456\u0434\u0440\u043e\u0435\u043d\u0435\u0440\u0433\u0456\u0457, \u0430 \u0432 \u043a\u0440\u0430\u0457\u043d\u0430\u0445 \u0437 \u043c\u0456\u0441\u0446\u0435\u0432\u0438\u043c\u0438 \u0432\u0438\u043a\u043e\u043f\u043d\u0438\u043c\u0438 \u0432\u0438\u0434\u0430\u043c\u0438 \u043f\u0430\u043b\u0438\u0432\u0430, \u0442\u0430\u043a\u0438\u0445 \u044f\u043a \u041f\u043e\u043b\u044c\u0449\u0430, \u0415\u0441\u0442\u043e\u043d\u0456\u044f, \u0413\u0440\u0435\u0446\u0456\u044f, \u041d\u0456\u043c\u0435\u0447\u0447\u0438\u043d\u0430, \u043e\u0441\u043d\u043e\u0432\u043d\u0443 \u0440\u043e\u043b\u044c \u0432\u0456\u0434\u0456\u0433\u0440\u0430\u0454 \u0441\u043f\u0430\u043b\u044e\u0432\u0430\u043d\u043d\u044f \u0432\u0443\u0433\u0456\u043b\u043b\u044f \u0430\u0431\u043e \u0433\u043e\u0440\u044e\u0447\u0438\u0445 \u0441\u043b\u0430\u043d\u0446\u0456\u0432 \u0434\u043b\u044f \u0432\u0438\u0440\u043e\u0431\u043d\u0438\u0446\u0442\u0432\u0430 \u0435\u043b\u0435\u043a\u0442\u0440\u043e\u0435\u043d\u0435\u0440\u0433\u0456\u0457.<\/p><p>\u0423 2019 \u0440\u043e\u0446\u0456 \u0432 \u0404\u0432\u0440\u043e\u043f\u0435\u0439\u0441\u044c\u043a\u043e\u043c\u0443 \u0421\u043e\u044e\u0437\u0456 \u0432 \u0441\u0435\u0440\u0435\u0434\u043d\u044c\u043e\u043c\u0443 \u0431\u0443\u043b\u043e \u0432\u0438\u0440\u043e\u0431\u043b\u0435\u043d\u043e\u00a0<a href=\"https:\/\/ec.europa.eu\/eurostat\/cache\/infographs\/energy\/bloc-3b.html\">26% \u0432\u0456\u0434 \u0435\u043b\u0435\u043a\u0442\u0440\u043e\u0435\u043d\u0435\u0440\u0433\u0456\u0457 \u0434\u043e \u044f\u0434\u0435\u0440\u043d\u043e\u0457 \u0435\u043d\u0435\u0440\u0433\u0456\u0457<\/a>\u00a0\u043c\u0430\u0439\u0436\u0435 100 \u0430\u0442\u043e\u043c\u043d\u0438\u0445 \u0435\u043b\u0435\u043a\u0442\u0440\u043e\u0441\u0442\u0430\u043d\u0446\u0456\u0439. \u0424\u0440\u0430\u043d\u0446\u0456\u044f \u0454 \u043d\u0430\u0439\u0431\u0456\u043b\u044c\u0448\u0438\u043c \u0432\u0438\u0440\u043e\u0431\u043d\u0438\u043a\u043e\u043c.\u00a0<\/p><p>\u0404\u0432\u0440\u043e\u043f\u0435\u0439\u0441\u044c\u043a\u0438\u0439 \u0421\u043e\u044e\u0437 \u043f\u043e\u0441\u0442\u0430\u0432\u0438\u0432 \u0441\u043e\u0431\u0456 \u0437\u0430 \u043c\u0435\u0442\u0443 \u0434\u043e 2030 \u0440\u043e\u043a\u0443\u00a0<a href=\"https:\/\/ec.europa.eu\/clima\/policies\/eu-climate-action\/2030_ctp_en\">\u0441\u043a\u043e\u0440\u043e\u0442\u0438\u0442\u0438 \u0432\u0438\u043a\u0438\u0434\u0438 CO2 \u043d\u0430 55%<\/a>\u00a0\u0456 \u0434\u043e\u0441\u044f\u0433\u0442\u0438 \u043a\u043b\u0456\u043c\u0430\u0442\u0438\u0447\u043d\u043e\u0457 \u043d\u0435\u0439\u0442\u0440\u0430\u043b\u044c\u043d\u043e\u0441\u0442\u0456 \u0434\u043e 2050 \u0440\u043e\u043a\u0443.<\/p><p>\u0412\u043e\u0434\u043d\u043e\u0447\u0430\u0441, \u043d\u0438\u0437\u043a\u0430 \u043a\u0440\u0430\u0457\u043d-\u0447\u043b\u0435\u043d\u0456\u0432 \u0404\u0421, \u0442\u0430\u043a\u0438\u0445 \u044f\u043a \u041d\u0456\u0434\u0435\u0440\u043b\u0430\u043d\u0434\u0438, \u0412\u0435\u043b\u0438\u043a\u043e\u0431\u0440\u0438\u0442\u0430\u043d\u0456\u044f, \u0424\u0456\u043d\u043b\u044f\u043d\u0434\u0456\u044f, \u0414\u0430\u043d\u0456\u044f \u0442\u0430 \u0424\u0440\u0430\u043d\u0446\u0456\u044f, \u043f\u0440\u0438\u0439\u043d\u044f\u043b\u0438 \u043d\u0430\u0446\u0456\u043e\u043d\u0430\u043b\u044c\u043d\u0456 \u0440\u0456\u0448\u0435\u043d\u043d\u044f \u043f\u0440\u043e \u0432\u0456\u0434\u043c\u043e\u0432\u0443 \u0432\u0456\u0434 \u0432\u0438\u043a\u043e\u0440\u0438\u0441\u0442\u0430\u043d\u043d\u044f \u0432\u0443\u0433\u0456\u043b\u043b\u044f \u0443 \u0432\u0438\u0440\u043e\u0431\u043d\u0438\u0446\u0442\u0432\u0456 \u0435\u043b\u0435\u043a\u0442\u0440\u043e\u0435\u043d\u0435\u0440\u0433\u0456\u0457.  \u041e\u0433\u043b\u044f\u0434 \u0432\u0443\u0433\u0456\u043b\u044c\u043d\u0438\u0445 \u0435\u043b\u0435\u043a\u0442\u0440\u043e\u0441\u0442\u0430\u043d\u0446\u0456\u0439, \u044f\u043a\u0456 \u0431\u0443\u0434\u0443\u0442\u044c \u0437\u0430\u043a\u0440\u0438\u0442\u0456\u00a0<a href=\"https:\/\/climateanalytics.org\/briefings\/eu-coal-phase-out\/\" target=\"_blank\" rel=\"noopener noreferrer\">\u043c\u043e\u0436\u043d\u0430 \u0437\u043d\u0430\u0439\u0442\u0438 \u0442\u0443\u0442\u00a0<\/a>.<\/p>\t\t\t\t\t\t\t\t<\/div>\n\t\t\t\t<\/div>\n\t\t\t\t<div class=\"elementor-element elementor-element-8fc51b7 ha-has-bg-overlay elementor-widget elementor-widget-image\" data-id=\"8fc51b7\" data-element_type=\"widget\" data-e-type=\"widget\" data-widget_type=\"image.default\">\n\t\t\t\t<div class=\"elementor-widget-container\">\n\t\t\t\t\t\t\t\t\t\t\t\t<figure class=\"wp-caption\">\n\t\t\t\t\t\t\t\t\t\t\t<a href=\"https:\/\/climateanalytics.org\/briefings\/eu-coal-phase-out\/\">\n\t\t\t\t\t\t\t<img fetchpriority=\"high\" decoding=\"async\" width=\"660\" height=\"600\" src=\"https:\/\/fermi.ee\/wp-content\/uploads\/2021\/09\/coalphaseouteu-market.gif\" class=\"attachment-large size-large wp-image-3064\" alt=\"\" \/>\t\t\t\t\t\t\t\t<\/a>\n\t\t\t\t\t\t\t\t\t\t\t<figcaption class=\"widget-image-caption wp-caption-text\">\u0414\u0436\u0435\u0440\u0435\u043b\u043e: Climate Analytics<\/figcaption>\n\t\t\t\t\t\t\t\t\t\t<\/figure>\n\t\t\t\t\t\t\t\t\t<\/div>\n\t\t\t\t<\/div>\n\t\t\t\t<div class=\"elementor-element elementor-element-dabb7ab elementor-widget elementor-widget-spacer\" data-id=\"dabb7ab\" data-element_type=\"widget\" data-e-type=\"widget\" data-widget_type=\"spacer.default\">\n\t\t\t\t<div class=\"elementor-widget-container\">\n\t\t\t\t\t\t\t<div class=\"elementor-spacer\">\n\t\t\t<div class=\"elementor-spacer-inner\"><\/div>\n\t\t<\/div>\n\t\t\t\t\t\t<\/div>\n\t\t\t\t<\/div>\n\t\t\t\t<div class=\"elementor-element elementor-element-7835fc5b elementor-widget elementor-widget-text-editor\" data-id=\"7835fc5b\" data-element_type=\"widget\" data-e-type=\"widget\" data-widget_type=\"text-editor.default\">\n\t\t\t\t<div class=\"elementor-widget-container\">\n\t\t\t\t\t\t\t\t\t<p>\u041e\u0434\u043d\u0430\u043a \u0446\u0435 \u043f\u043e\u0440\u043e\u0434\u0436\u0443\u0454 \u043e\u0431'\u0454\u043a\u0442\u0438\u0432\u043d\u0443 \u043f\u0440\u043e\u0431\u043b\u0435\u043c\u0443 \u043f\u043e\u0442\u0440\u0435\u0431\u0438 \u0432 \u043a\u0435\u0440\u043e\u0432\u0430\u043d\u0438\u0445 \u0433\u0435\u043d\u0435\u0440\u0443\u044e\u0447\u0438\u0445 \u043f\u043e\u0442\u0443\u0436\u043d\u043e\u0441\u0442\u044f\u0445 \u0434\u043b\u044f \u0437\u0430\u0431\u0435\u0437\u043f\u0435\u0447\u0435\u043d\u043d\u044f \u043f\u043e\u0441\u0442\u0456\u0439\u043d\u043e\u0433\u043e \u043f\u0456\u0434\u0442\u0440\u0438\u043c\u0430\u043d\u043d\u044f \u0447\u0430\u0441\u0442\u043e\u0442\u0438 50 \u0413\u0446 \u0432 \u043c\u0435\u0440\u0435\u0436\u0456 \u0432\u0456\u0434\u043f\u043e\u0432\u0456\u0434\u043d\u043e \u0434\u043e \u0449\u043e\u0441\u0435\u043a\u0443\u043d\u0434\u043d\u043e\u0433\u043e \u0441\u043f\u043e\u0436\u0438\u0432\u0430\u043d\u043d\u044f \u0435\u043b\u0435\u043a\u0442\u0440\u043e\u0435\u043d\u0435\u0440\u0433\u0456\u0457. \u041e\u0434\u043d\u0430\u043a, \u043d\u0430 \u0436\u0430\u043b\u044c, \u0432\u0456\u0434\u043d\u043e\u0432\u043b\u044e\u0432\u0430\u043d\u0456 \u0434\u0436\u0435\u0440\u0435\u043b\u0430 \u0435\u043d\u0435\u0440\u0433\u0456\u0457 \u0437\u0430\u043b\u0435\u0436\u0430\u0442\u044c \u0432\u0456\u0434 \u043f\u043e\u0433\u043e\u0434\u0438: \u0432\u0456\u0442\u0440\u0443 \u0430\u0431\u043e \u0441\u043e\u043d\u0446\u044f. \u042f\u043a\u0449\u043e \u0447\u0430\u0441\u0442\u043e\u0442\u0430 \u043c\u0435\u0440\u0435\u0436\u0456 \u0437\u0430\u043d\u0430\u0434\u0442\u043e \u0441\u0438\u043b\u044c\u043d\u043e \u0432\u0456\u0434\u0445\u0438\u043b\u044f\u0454\u0442\u044c\u0441\u044f \u0432\u0456\u0434 \u043d\u043e\u0440\u043c\u0438 50 \u0413\u0446, \u0433\u0435\u043d\u0435\u0440\u0443\u044e\u0447\u0456 \u043e\u0434\u0438\u043d\u0438\u0446\u0456 \u043c\u043e\u0436\u0443\u0442\u044c \u0432\u0456\u0434\u043a\u043b\u044e\u0447\u0430\u0442\u0438\u0441\u044f, \u0456 \u0446\u0435 \u043c\u043e\u0436\u0435 \u043f\u0440\u0438\u0437\u0432\u0435\u0441\u0442\u0438 \u0434\u043e \u043d\u0430\u0441\u0442\u0443\u043f\u043d\u0438\u0445 \u043d\u0430\u0441\u043b\u0456\u0434\u043a\u0456\u0432\u00a0<a href=\"https:\/\/www.energuide.be\/en\/questions-answers\/why-does-the-electricity-grid-have-to-stay-in-balance\/2136\/\" target=\"_blank\" rel=\"noopener\">\u0432\u0435\u043b\u0438\u043a\u0435 \u0432\u0456\u0434\u043a\u043b\u044e\u0447\u0435\u043d\u043d\u044f \u0435\u043b\u0435\u043a\u0442\u0440\u043e\u0435\u043d\u0435\u0440\u0433\u0456\u0457<\/a>.<\/p>\t\t\t\t\t\t\t\t<\/div>\n\t\t\t\t<\/div>\n\t\t\t\t<div class=\"elementor-element elementor-element-a1b836a ha-has-bg-overlay elementor-widget elementor-widget-image\" data-id=\"a1b836a\" data-element_type=\"widget\" data-e-type=\"widget\" data-widget_type=\"image.default\">\n\t\t\t\t<div class=\"elementor-widget-container\">\n\t\t\t\t\t\t\t\t\t\t\t\t<figure class=\"wp-caption\">\n\t\t\t\t\t\t\t\t\t\t\t<a href=\"https:\/\/dashboard.elering.ee\/et\/system\/frequency\">\n\t\t\t\t\t\t\t<img decoding=\"async\" width=\"1024\" height=\"415\" src=\"https:\/\/fermi.ee\/wp-content\/uploads\/2021\/09\/screenshot-2021-09-02-at-14.42.10-1024x415.png\" class=\"attachment-large size-large wp-image-3070\" alt=\"\" srcset=\"https:\/\/fermi.ee\/wp-content\/uploads\/2021\/09\/screenshot-2021-09-02-at-14.42.10-1024x415.png 1024w, https:\/\/fermi.ee\/wp-content\/uploads\/2021\/09\/screenshot-2021-09-02-at-14.42.10-300x122.png 300w, https:\/\/fermi.ee\/wp-content\/uploads\/2021\/09\/screenshot-2021-09-02-at-14.42.10-768x311.png 768w, https:\/\/fermi.ee\/wp-content\/uploads\/2021\/09\/screenshot-2021-09-02-at-14.42.10-1536x622.png 1536w, https:\/\/fermi.ee\/wp-content\/uploads\/2021\/09\/screenshot-2021-09-02-at-14.42.10-2048x830.png 2048w\" sizes=\"(max-width: 1024px) 100vw, 1024px\" \/>\t\t\t\t\t\t\t\t<\/a>\n\t\t\t\t\t\t\t\t\t\t\t<figcaption class=\"widget-image-caption wp-caption-text\">\u0414\u0436\u0435\u0440\u0435\u043b\u043e: Elering<\/figcaption>\n\t\t\t\t\t\t\t\t\t\t<\/figure>\n\t\t\t\t\t\t\t\t\t<\/div>\n\t\t\t\t<\/div>\n\t\t\t\t<div class=\"elementor-element elementor-element-215acde elementor-widget elementor-widget-spacer\" data-id=\"215acde\" data-element_type=\"widget\" data-e-type=\"widget\" data-widget_type=\"spacer.default\">\n\t\t\t\t<div class=\"elementor-widget-container\">\n\t\t\t\t\t\t\t<div class=\"elementor-spacer\">\n\t\t\t<div class=\"elementor-spacer-inner\"><\/div>\n\t\t<\/div>\n\t\t\t\t\t\t<\/div>\n\t\t\t\t<\/div>\n\t\t\t\t<div class=\"elementor-element elementor-element-8cf2f0c elementor-widget elementor-widget-heading\" data-id=\"8cf2f0c\" data-element_type=\"widget\" data-e-type=\"widget\" data-widget_type=\"heading.default\">\n\t\t\t\t<div class=\"elementor-widget-container\">\n\t\t\t\t\t<h3 class=\"elementor-heading-title elementor-size-default\">\u041f\u0440\u0438\u043d\u043e\u0441\u0438\u0442\u0438 \u0447\u0438 \u0434\u0430\u0432\u0430\u0442\u0438 \u043d\u0430\u0434\u0456\u044e?<\/h3>\t\t\t\t<\/div>\n\t\t\t\t<\/div>\n\t\t\t\t<div class=\"elementor-element elementor-element-571ff69 elementor-widget elementor-widget-text-editor\" data-id=\"571ff69\" data-element_type=\"widget\" data-e-type=\"widget\" data-widget_type=\"text-editor.default\">\n\t\t\t\t<div class=\"elementor-widget-container\">\n\t\t\t\t\t\t\t\t\t<p>\u0412\u0438\u0440\u043e\u0431\u043d\u0438\u0446\u0442\u0432\u043e \u0432\u0456\u0434\u043d\u043e\u0432\u043b\u044e\u0432\u0430\u043d\u043e\u0457 \u0435\u043d\u0435\u0440\u0433\u0456\u0457 \u0434\u043e\u043f\u043e\u043c\u0430\u0433\u0430\u0454 \u0437\u043c\u0435\u043d\u0448\u0438\u0442\u0438 \u0432\u0438\u043a\u0438\u0434\u0438 CO2 \u0432\u0456\u0434 \u0435\u043d\u0435\u0440\u0433\u0435\u0442\u0438\u043a\u0438, \u0442\u0430\u043a\u0438\u043c \u0447\u0438\u043d\u043e\u043c \u0441\u043f\u0440\u0438\u044f\u044e\u0447\u0438 \u0441\u0442\u0440\u0438\u043c\u0443\u0432\u0430\u043d\u043d\u044e \u0437\u043c\u0456\u043d\u0438 \u043a\u043b\u0456\u043c\u0430\u0442\u0443. \u0412\u043e\u0434\u043d\u043e\u0447\u0430\u0441 \u0432\u0438\u0440\u043e\u0431\u043d\u0438\u0446\u0442\u0432\u043e \u0435\u043b\u0435\u043a\u0442\u0440\u043e\u0435\u043d\u0435\u0440\u0433\u0456\u0457 \u0437 \u0432\u0456\u0434\u043d\u043e\u0432\u043b\u044e\u0432\u0430\u043d\u0438\u0445 \u0434\u0436\u0435\u0440\u0435\u043b \u043d\u0435 \u0437\u0431\u0456\u0433\u0430\u0454\u0442\u044c\u0441\u044f \u0437 \u0434\u043e\u0431\u043e\u0432\u0438\u043c \u0446\u0438\u043a\u043b\u043e\u043c \u0441\u043f\u043e\u0436\u0438\u0432\u0430\u043d\u043d\u044f, \u043e\u0441\u043a\u0456\u043b\u044c\u043a\u0438 \u0441\u043f\u043e\u0436\u0438\u0432\u0430\u043d\u043d\u044f \u043d\u0430 \u043f\u043e\u0447\u0430\u0442\u043a\u0443 \u0442\u0430 \u043d\u0430\u043f\u0440\u0438\u043a\u0456\u043d\u0446\u0456 \u0440\u043e\u0431\u043e\u0447\u043e\u0433\u043e \u0434\u043d\u044f \u0437\u043d\u0430\u0447\u043d\u043e \u043f\u0435\u0440\u0435\u0432\u0438\u0449\u0443\u0454 \u0441\u0435\u0440\u0435\u0434\u043d\u044c\u043e\u0434\u043e\u0431\u043e\u0432\u0435 \u0441\u043f\u043e\u0436\u0438\u0432\u0430\u043d\u043d\u044f. \u0414\u043b\u044f \u0441\u0438\u043d\u0445\u0440\u043e\u043d\u0456\u0437\u0430\u0446\u0456\u0457 \u0432\u043d\u0443\u0442\u0440\u0456\u0448\u043d\u044c\u043e\u0434\u043e\u0431\u043e\u0432\u043e\u0433\u043e \u0441\u043f\u043e\u0436\u0438\u0432\u0430\u043d\u043d\u044f \u0442\u0430 \u0432\u0438\u0440\u043e\u0431\u043d\u0438\u0446\u0442\u0432\u0430 \u0435\u043d\u0435\u0440\u0433\u0456\u0457 \u043c\u043e\u0436\u043d\u0430 \u0432\u0438\u043a\u043e\u0440\u0438\u0441\u0442\u043e\u0432\u0443\u0432\u0430\u0442\u0438 \u0432\u0435\u043b\u0438\u043a\u043e\u043c\u0430\u0441\u0448\u0442\u0430\u0431\u043d\u0456 \u0441\u0445\u043e\u0432\u0438\u0449\u0430 \u0435\u043d\u0435\u0440\u0433\u0456\u0457, \u0430\u043b\u0435 \u043d\u0430\u0432\u0456\u0442\u044c \u043d\u0430\u0439\u0431\u0456\u043b\u044c\u0448\u0438\u0445 \u043f\u043e\u0442\u0443\u0436\u043d\u043e\u0441\u0442\u0435\u0439 \u0432\u0438\u0441\u0442\u0430\u0447\u0430\u0454 \u043d\u0430 \u043f\u0435\u0440\u0456\u043e\u0434 \u0432\u0456\u0434 \u043a\u0456\u043b\u044c\u043a\u043e\u0445 \u0433\u043e\u0434\u0438\u043d \u0434\u043e \u043a\u0456\u043b\u044c\u043a\u043e\u0445 \u0434\u043d\u0456\u0432 - \u0432\u043e\u043d\u0438 \u043d\u0435 \u043f\u0440\u0438\u043d\u043e\u0441\u044f\u0442\u044c \u043a\u043e\u0440\u0438\u0441\u0442\u0456 \u0443 \u0432\u0438\u043f\u0430\u0434\u043a\u0443 \u0449\u043e\u0434\u0435\u043d\u043d\u043e\u0433\u043e \u0441\u043e\u043d\u044f\u0447\u043d\u043e\u0433\u043e \u0441\u044f\u0439\u0432\u0430 \u0430\u0431\u043e \u0442\u0440\u0438\u0432\u0430\u043b\u0438\u0445 \u043f\u0435\u0440\u0456\u043e\u0434\u0456\u0432 \u0431\u0435\u0437\u0432\u0456\u0442\u0440\u044f \u0432\u0437\u0438\u043c\u043a\u0443.<\/p><p>\u041f\u043e\u0433\u043e\u0434\u0438\u043d\u043d\u0456 \u0434\u0430\u043d\u0456 \u0432\u0438\u0440\u043e\u0431\u043d\u0438\u0446\u0442\u0432\u0430 \u0432\u0456\u0442\u0440\u043e\u0432\u043e\u0457 \u0435\u043d\u0435\u0440\u0433\u0456\u0457 \u0432 \u0415\u0441\u0442\u043e\u043d\u0456\u0457 \u0437\u0430 2018 \u0440\u0456\u043a \u0432\u0456\u0434 \u043a\u043e\u043c\u043f\u0430\u043d\u0456\u0457 Elering \u043d\u0430\u0432\u0435\u0434\u0435\u043d\u0456 \u043d\u0430 \u0433\u0440\u0430\u0444\u0456\u043a\u0443 \u043d\u0438\u0436\u0447\u0435.<\/p>\t\t\t\t\t\t\t\t<\/div>\n\t\t\t\t<\/div>\n\t\t\t\t<div class=\"elementor-element elementor-element-5168e87 ha-has-bg-overlay elementor-widget elementor-widget-image\" data-id=\"5168e87\" data-element_type=\"widget\" data-e-type=\"widget\" data-widget_type=\"image.default\">\n\t\t\t\t<div class=\"elementor-widget-container\">\n\t\t\t\t\t\t\t\t\t\t\t\t\t\t\t<img decoding=\"async\" width=\"1024\" height=\"584\" src=\"https:\/\/fermi.ee\/wp-content\/uploads\/2019\/09\/2018-tuuleenergia-1024x584.jpg\" class=\"attachment-large size-large wp-image-339\" alt=\"\u0415\u043d\u0435\u0440\u0433\u0456\u044f \u0432\u0456\u0442\u0440\u0443\" srcset=\"https:\/\/fermi.ee\/wp-content\/uploads\/2019\/09\/2018-tuuleenergia-1024x584.jpg 1024w, https:\/\/fermi.ee\/wp-content\/uploads\/2019\/09\/2018-tuuleenergia-300x171.jpg 300w, https:\/\/fermi.ee\/wp-content\/uploads\/2019\/09\/2018-tuuleenergia-768x438.jpg 768w, https:\/\/fermi.ee\/wp-content\/uploads\/2019\/09\/2018-tuuleenergia.jpg 1111w\" sizes=\"(max-width: 1024px) 100vw, 1024px\" \/>\t\t\t\t\t\t\t\t\t\t\t\t\t\t\t<\/div>\n\t\t\t\t<\/div>\n\t\t\t\t<div class=\"elementor-element elementor-element-a27ce5c elementor-widget elementor-widget-text-editor\" data-id=\"a27ce5c\" data-element_type=\"widget\" data-e-type=\"widget\" data-widget_type=\"text-editor.default\">\n\t\t\t\t<div class=\"elementor-widget-container\">\n\t\t\t\t\t\t\t\t\t<p>\u0429\u043e\u0431 \u0437\u0430\u0431\u0435\u0437\u043f\u0435\u0447\u0438\u0442\u0438 \u0441\u0435\u0431\u0435 \u0435\u043b\u0435\u043a\u0442\u0440\u043e\u0435\u043d\u0435\u0440\u0433\u0456\u0454\u044e \u0437\u0430 \u0431\u0443\u0434\u044c-\u044f\u043a\u043e\u0457 \u043f\u043e\u0433\u043e\u0434\u0438 \u0442\u0430 \u0432 \u0431\u0443\u0434\u044c-\u044f\u043a\u0443 \u043f\u043e\u0440\u0443 \u0440\u043e\u043a\u0443, \u0454 \u0434\u0432\u0430 \u0432\u0430\u0440\u0456\u0430\u043d\u0442\u0438 - \u0430\u0431\u043e \u0432\u0438\u0440\u043e\u0431\u043b\u044f\u0442\u0438 \u0457\u0457 \u0441\u0430\u043c\u043e\u0441\u0442\u0456\u0439\u043d\u043e, \u0430\u0431\u043e \u0441\u043f\u043e\u0434\u0456\u0432\u0430\u0442\u0438\u0441\u044f \u043d\u0430 \u0457\u0457 \u043a\u0443\u043f\u0456\u0432\u043b\u044e \u0432 \u0441\u0443\u0441\u0456\u0434\u043d\u0456\u0445 \u043a\u0440\u0430\u0457\u043d\u0430\u0445. \u0417\u0430\u043a\u0440\u0438\u0442\u0442\u044f \u0433\u0435\u043d\u0435\u0440\u0443\u044e\u0447\u0438\u0445 \u043f\u043e\u0442\u0443\u0436\u043d\u043e\u0441\u0442\u0435\u0439 \u043d\u0430 \u0432\u0438\u043a\u043e\u043f\u043d\u043e\u043c\u0443 \u043f\u0430\u043b\u0438\u0432\u0456 \u0437\u0440\u043e\u0431\u0438\u0442\u044c \u0456\u043c\u043f\u043e\u0440\u0442 \u0435\u043d\u0435\u0440\u0433\u0456\u0457 \u0437\u043d\u0430\u0447\u043d\u043e \u0434\u043e\u0440\u043e\u0436\u0447\u0438\u043c - \u043c\u0438 \u0432\u0436\u0435 \u0431\u0430\u0447\u0438\u043c\u043e \u0446\u0435 \u0443 \u043f\u043e\u0441\u0442\u0456\u0439\u043d\u043e\u043c\u0443 \u0442\u0430 \u0448\u0432\u0438\u0434\u043a\u043e\u043c\u0443 \u0437\u0440\u043e\u0441\u0442\u0430\u043d\u043d\u0456 \u0446\u0456\u043d \u043d\u0430 \u0435\u043d\u0435\u0440\u0433\u043e\u043d\u043e\u0441\u0456\u0457.&nbsp;<\/p>\n<p><strong>\u0421\u0430\u043c\u043e\u0441\u0442\u0456\u0439\u043d\u0435 \u0432\u0438\u0440\u043e\u0431\u043d\u0438\u0446\u0442\u0432\u043e \u0435\u043d\u0435\u0440\u0433\u0456\u0457 \u043c\u0430\u0454 \u0431\u0443\u0442\u0438 \u0431\u0435\u0437\u0432\u0443\u0433\u043b\u0435\u0446\u0435\u0432\u0438\u043c, \u0437\u0430 \u0431\u0443\u0434\u044c-\u044f\u043a\u043e\u0457 \u043f\u043e\u0433\u043e\u0434\u0438 \u0456 \u0437\u0430 \u0446\u0456\u043d\u043e\u044e, \u044f\u043a\u0430 \u0432\u043b\u0430\u0448\u0442\u043e\u0432\u0443\u0454 \u0441\u043f\u043e\u0436\u0438\u0432\u0430\u0447\u0430.<\/strong><\/p>\t\t\t\t\t\t\t\t<\/div>\n\t\t\t\t<\/div>\n\t\t\t\t\t<\/div>\n\t\t<\/div>\n\t\t\t\t\t<\/div>\n\t\t<\/section>\n\t\t\t\t<\/div>","protected":false},"excerpt":{"rendered":"<p>Euroopa riikidel on geograafiast tulenevalt v\u00e4ga erinevad energia vajadused ja energia tootmise eeldused. M\u00e4gises Austrias on head eeldused h\u00fcdroenergia tootmiseks ning omariikliku fossiilk\u00fctusega riikides nagu Poola, Eesti, Kreeka, Saksamaa on suur osakaal just kivis\u00f6e v\u00f5i [&hellip;]<\/p>\n","protected":false},"author":1,"featured_media":0,"parent":0,"menu_order":0,"comment_status":"closed","ping_status":"closed","template":"","meta":{"site-sidebar-layout":"default","site-content-layout":"default","ast-site-content-layout":"default","site-content-style":"default","site-sidebar-style":"default","ast-global-header-display":"","ast-banner-title-visibility":"","ast-main-header-display":"","ast-hfb-above-header-display":"","ast-hfb-below-header-display":"","ast-hfb-mobile-header-display":"","site-post-title":"","ast-breadcrumbs-content":"","ast-featured-img":"","footer-sml-layout":"","ast-disable-related-posts":"","theme-transparent-header-meta":"default","adv-header-id-meta":"","stick-header-meta":"default","header-above-stick-meta":"","header-main-stick-meta":"","header-below-stick-meta":"","astra-migrate-meta-layouts":"default","ast-page-background-enabled":"default","ast-page-background-meta":{"desktop":{"background-color":"","background-image":"","background-repeat":"repeat","background-position":"center center","background-size":"auto","background-attachment":"scroll","background-type":"","background-media":"","overlay-type":"","overlay-color":"","overlay-opacity":"","overlay-gradient":""},"tablet":{"background-color":"","background-image":"","background-repeat":"repeat","background-position":"center center","background-size":"auto","background-attachment":"scroll","background-type":"","background-media":"","overlay-type":"","overlay-color":"","overlay-opacity":"","overlay-gradient":""},"mobile":{"background-color":"","background-image":"","background-repeat":"repeat","background-position":"center center","background-size":"auto","background-attachment":"scroll","background-type":"","background-media":"","overlay-type":"","overlay-color":"","overlay-opacity":"","overlay-gradient":""}},"ast-content-background-meta":{"desktop":{"background-color":"var(--ast-global-color-5)","background-image":"","background-repeat":"repeat","background-position":"center center","background-size":"auto","background-attachment":"scroll","background-type":"","background-media":"","overlay-type":"","overlay-color":"","overlay-opacity":"","overlay-gradient":""},"tablet":{"background-color":"var(--ast-global-color-5)","background-image":"","background-repeat":"repeat","background-position":"center center","background-size":"auto","background-attachment":"scroll","background-type":"","background-media":"","overlay-type":"","overlay-color":"","overlay-opacity":"","overlay-gradient":""},"mobile":{"background-color":"var(--ast-global-color-5)","background-image":"","background-repeat":"repeat","background-position":"center center","background-size":"auto","background-attachment":"scroll","background-type":"","background-media":"","overlay-type":"","overlay-color":"","overlay-opacity":"","overlay-gradient":""}},"footnotes":""},"class_list":["post-40","page","type-page","status-publish","hentry"],"_links":{"self":[{"href":"https:\/\/fermi.ee\/uk\/wp-json\/wp\/v2\/pages\/40","targetHints":{"allow":["GET"]}}],"collection":[{"href":"https:\/\/fermi.ee\/uk\/wp-json\/wp\/v2\/pages"}],"about":[{"href":"https:\/\/fermi.ee\/uk\/wp-json\/wp\/v2\/types\/page"}],"author":[{"embeddable":true,"href":"https:\/\/fermi.ee\/uk\/wp-json\/wp\/v2\/users\/1"}],"replies":[{"embeddable":true,"href":"https:\/\/fermi.ee\/uk\/wp-json\/wp\/v2\/comments?post=40"}],"version-history":[{"count":28,"href":"https:\/\/fermi.ee\/uk\/wp-json\/wp\/v2\/pages\/40\/revisions"}],"predecessor-version":[{"id":9573,"href":"https:\/\/fermi.ee\/uk\/wp-json\/wp\/v2\/pages\/40\/revisions\/9573"}],"wp:attachment":[{"href":"https:\/\/fermi.ee\/uk\/wp-json\/wp\/v2\/media?parent=40"}],"curies":[{"name":"wp","href":"https:\/\/api.w.org\/{rel}","templated":true}]}}